{"id":107,"date":"2022-10-30T17:20:55","date_gmt":"2022-10-30T17:20:55","guid":{"rendered":"https:\/\/dev.sorkkahoitajat.fi\/?page_id=107"},"modified":"2022-10-30T17:20:56","modified_gmt":"2022-10-30T17:20:56","slug":"jasenet-2","status":"publish","type":"page","link":"https:\/\/dev.sorkkahoitajat.fi\/?page_id=107","title":{"rendered":"J\u00e4senet"},"content":{"rendered":"\n<p>Hae l\u00e4hin paikkakunta karttalinkist\u00e4:&nbsp;<a href=\"https:\/\/www.google.com\/maps\">https:\/\/www.google.com\/maps<\/a><\/p>\n\n\n\n<p style=\"font-size:16px\"><strong>Piia Korppi<\/strong><br>040 082 5695<br>ammusalonki@gmail.com<br>Kymenlaakso, Etel\u00e4suomen L\u00e4\u00e4ni<\/p>\n\n\n\n<p style=\"font-size:16px\"><strong>Janne Lundgren<\/strong><br>0505932400<br>janne.lundgren@saunalahti.fi<br>Etel\u00e4-Suomi<\/p>\n\n\n\n<p style=\"font-size:16px\"><strong>E&amp;S. Honkola Oy<\/strong><br>63800 Soini<br>0400 440 678 \u2013 Esa<br>044 361 8465 \u2013 Aleksi,&nbsp;<br>ajanvaraukset t\u00e4h\u00e4n numeroon.<br>Toimialueena, Etel\u00e4-Pohjanmaa,&nbsp;<br>Pirkanmaa, Keski-Suomi<\/p>\n\n\n\n<p style=\"font-size:16px\"><strong>Jukka Kangaspusu<\/strong><br>61500 Isokyr\u00f6&nbsp;<br>040 594 5725<br>Etel\u00e4pohjanmaa ja Pohjanmaa<\/p>\n\n\n\n<p style=\"font-size:16px\"><strong>Jouko Laamanen<\/strong><br>joukolaamanen@gmail.com<br>Puh. 0400435310<br>Toiminta-alue Etel\u00e4 Karjala, Etel\u00e4 Savo, Kymenlaakso<\/p>\n\n\n\n<p style=\"font-size:16px\"><strong>Janne Sundberg&nbsp;<\/strong><br>60800 Ilmajoki.<br>045 651 8562<br>Toimin l\u00e4hinn\u00e4 Etel\u00e4 \u2013 pohjanmaa.&nbsp;<br>Pohjanmaa tarvittaessa muuallekkin.<\/p>\n\n\n\n<p style=\"font-size:16px\"><strong>Kalle Jussila<\/strong><br>Lestij\u00e4rvi<br>Puh. 0407701793<br>L\u00e4nsi-Suomen l\u00e4\u00e4ni<\/p>\n\n\n\n<p style=\"font-size:16px\"><strong>Mika Kielinen<\/strong><br>Kauhava<br>0503591886<br>mika.kielinen@gmail.com<br>L\u00e4nsi-suomen l\u00e4\u00e4ni<\/p>\n\n\n\n<p style=\"font-size:16px\"><strong>Sami Kek\u00e4l\u00e4inen<\/strong><br>Tuusniemi<br>044 327 4868<br>Toimialue Savo-Karjala<\/p>\n\n\n\n<p style=\"font-size:16px\"><strong>Milla ja Marko Kaikkonen<\/strong><br>Kiuruvesi&nbsp;<br>0400 324 934<br>millatikkanen@msn.com<br>It\u00e4-Suomen l\u00e4\u00e4ni<\/p>\n\n\n\n<p style=\"font-size:16px\"><strong>Tuomo Tukiainen<\/strong><br>Juankoski<br>040 527 8379<br>tuomoatukiainen@gmail.com<br>It\u00e4-Suomen l\u00e4\u00e4ni<\/p>\n\n\n\n<p style=\"font-size:16px\"><strong>Tuomo Pulliainen<\/strong><br>0400 550 034<br>Keski-Savo,Pohjois-Savo,Etel\u00e4-Savo,Keski-Suomi,<br>It\u00e4-Savo ja P\u00e4ij\u00e4t-H\u00e4me<\/p>\n\n\n\n<p style=\"font-size:16px\"><strong>Mika Juntunen <\/strong><br>Sonkaj\u00e4rvi<br>0400 175343<br>Leikkaan Yl\u00e4-Savossa ja etel\u00e4isess\u00e4 Kainuussa<\/p>\n\n\n\n<p style=\"font-size:16px\"><strong>Janne Koskela<\/strong><br>68220 Karhi(kokkola)<br>050 331 1382<br>koskelaja@gmail.com<br>l\u00e4nsisuomen ja pohjoissuomenl\u00e4\u00e4ni<\/p>\n\n\n\n<p style=\"font-size:16px\"><strong>Reijo Jyrkinen <\/strong>&nbsp;<br>Monipalvelut Jyrkinen Oy<br>0400 634651<br>Pirkanmaa,&nbsp; Kanta-H\u00e4me<\/p>\n\n\n\n<p style=\"font-size:16px\"><strong>Matti Potila<\/strong><br>69300 Toholampi<br>0500 583 081<br>email. matti.potila@kotinet.com<br>Alueet Oulun l\u00e4\u00e4ni ja&nbsp;L\u00e4nsi Suomen l\u00e4\u00e4ni<\/p>\n\n\n\n<p style=\"font-size:16px\"><strong>Tanja Kemppainen<\/strong><br>Siikalatva<br>045 355 4515<br>tanja.kemppainen@sorkkahoitajat.fi<br>Oulun l\u00e4\u00e4ni<\/p>\n\n\n\n<p style=\"font-size:16px\"><strong>Jani Somero&nbsp;<\/strong><br>Alavieska&nbsp;<br>040 523 7235&nbsp;<br>Oulun l\u00e4\u00e4ni<\/p>\n\n\n\n<p style=\"font-size:16px\"><strong>Jussi Ylitalo<\/strong><br>Tervola<br>040 513 1929<br>jussiyli@hotmail.fi<br>Lapinl\u00e4\u00e4ni<\/p>\n\n\n\n<p style=\"font-size:16px\"><strong>Antti Vuolo<\/strong><br>Raauj\u00e4rvi<br>040 564 3871<br>antti.vuolo@gmail.com<br>Lappi<\/p>\n\n\n\n<p style=\"font-size:16px\"><strong>Olli M\u00e4kikauppila<\/strong><br>044 048 0041<br>Sievi Pohjois-pohjanmaa ja keski-pohjanmaa<\/p>\n\n\n\n<p style=\"font-size:16px\"><strong>Erkki Nivala&nbsp;<\/strong><br>Nivala. Alueena Nivala ja ymp\u00e4rist\u00f6kunnat. &nbsp;<br>040 504 1706&nbsp;<br>erkki.nivala@kotinet.com&nbsp;<\/p>\n\n\n\n<p style=\"font-size:16px\"><strong>Juho Siloma, Sorkkajussi Oy<\/strong><br>Pet\u00e4j\u00e4vesi, Alueena Keski-Suomi ja Pirkanmaa<br>0400 167 827<br>sorkkajussioy@gmail.com<\/p>\n\n\n\n<p style=\"font-size:16px\"><strong>Marko Inkinen&nbsp;<\/strong><br>4410 Murole<br>040 516 1517<br>markojuhaniinkinen@gmail.com<br>T\u00f6it\u00e4 teen Juhon kanssa.<\/p>\n\n\n\n<p style=\"font-size:16px\"><strong>Dani Eklund<\/strong><br>19600 Hartola&nbsp;<br>danieklund@hotmail.com<br>040 701 7615<\/p>\n\n\n\n<div class=\"wp-block-group\"><div class=\"wp-block-group__inner-container is-layout-flow wp-block-group-is-layout-flow\">\n<div class=\"wp-block-group has-small-font-size\"><div class=\"wp-block-group__inner-container is-layout-flow wp-block-group-is-layout-flow\">\n<p style=\"font-size:16px\"><strong>Kaisu Parkkinen<\/strong><br>0504388120<br>Kiuruvesi\/Kuhmo<br>Pohjois-Savo, Pohjois-Pohjanmaa, Kainuu<\/p>\n<\/div><\/div>\n\n\n\n<p style=\"font-size:16px\"><strong>Niko Partanen<\/strong><br>0400222391<br>Kiuruvesi\/Kuhmo<br>Pohjois-Savo, Pohjois-Pohjanmaa, Kainuu<\/p>\n\n\n\n<p style=\"font-size:16px\"><strong>Heidi Rantam\u00e4ki<\/strong><br>0408657511<br>Janakkala, Kanta-H\u00e4me, Etel\u00e4-Suomi<\/p>\n\n\n\n<p style=\"font-size:16px\"><strong>Markus Raappana<\/strong><br>0445955259<br>Nivala Pohjois-Pohjanmaa<\/p>\n\n\n\n<p style=\"font-size:16px\"><strong>Matti Hassinen<\/strong><br>040 5070496<br>Keski-Karjala, Pohjois-Karjala&nbsp;<\/p>\n\n\n\n<p style=\"font-size:16px\"><strong>Mika Juntunen<\/strong> <br>Sonkaj\u00e4rvi<br>0400 175343<br>Leikkaan Yl\u00e4-Savossa ja etel\u00e4isess\u00e4 Kainuussa<\/p>\n<\/div><\/div>\n\n\n\n<figure class=\"wp-block-image size-full\"><img loading=\"lazy\" decoding=\"async\" width=\"413\" height=\"709\" src=\"https:\/\/dev.sorkkahoitajat.fi\/wp-content\/uploads\/2022\/06\/Kartta-kuva-OK.jpg\" alt=\"\" class=\"wp-image-108\" srcset=\"https:\/\/sorkkahoitajat.fi\/wp-content\/uploads\/2022\/06\/Kartta-kuva-OK.jpg 413w, https:\/\/sorkkahoitajat.fi\/wp-content\/uploads\/2022\/06\/Kartta-kuva-OK-175x300.jpg 175w\" sizes=\"(max-width: 413px) 100vw, 413px\" \/><\/figure>\n","protected":false},"excerpt":{"rendered":"<p>Hae l\u00e4hin paikkakunta karttalinkist\u00e4:&nbsp;https:\/\/www.google.com\/maps Piia Korppi040 082 5695ammusalonki@gmail.comKymenlaakso, Etel\u00e4suomen L\u00e4\u00e4ni Janne Lundgren0505932400janne.lundgren@saunalahti.fiEtel\u00e4-Suomi E&amp;S. Honkola Oy63800 Soini0400 440 678 \u2013 Esa044 361 8465 \u2013 Aleksi,&nbsp;ajanvaraukset t\u00e4h\u00e4n numeroon.Toimialueena, Etel\u00e4-Pohjanmaa,&nbsp;Pirkanmaa, Keski-Suomi Jukka Kangaspusu61500 Isokyr\u00f6&nbsp;040 594 5725Etel\u00e4pohjanmaa ja Pohjanmaa Jouko Laamanenjoukolaamanen@gmail.comPuh. 0400435310Toiminta-alue Etel\u00e4 Karjala, Etel\u00e4 Savo, Kymenlaakso Janne Sundberg&nbsp;60800 Ilmajoki.045 651 8562Toimin l\u00e4hinn\u00e4 Etel\u00e4 \u2013 pohjanmaa.&nbsp;Pohjanmaa tarvittaessa muuallekkin. Kalle [&hellip;]<\/p>\n","protected":false},"author":1,"featured_media":0,"parent":0,"menu_order":0,"comment_status":"closed","ping_status":"closed","template":"template-full-width.php","meta":{"footnotes":""},"yoast_head":"<!-- This site is optimized with the Yoast SEO plugin v18.8 - https:\/\/yoast.com\/wordpress\/plugins\/seo\/ -->\n<title>J\u00e4senet - SSHY Suomen Sorkkahoitajat<\/title>\n<meta name=\"description\" content=\"Sorkkahoitajien yhteystietoja ja toiminta alueet.\" \/>\n<meta name=\"robots\" content=\"index, follow, max-snippet:-1, max-image-preview:large, max-video-preview:-1\" \/>\n<link rel=\"canonical\" href=\"https:\/\/dev.sorkkahoitajat.fi\/?page_id=107\" \/>\n<meta property=\"og:locale\" content=\"fi_FI\" \/>\n<meta property=\"og:type\" content=\"article\" \/>\n<meta property=\"og:title\" content=\"J\u00e4senet - SSHY Suomen Sorkkahoitajat\" \/>\n<meta property=\"og:description\" content=\"Sorkkahoitajien yhteystietoja ja toiminta alueet.\" \/>\n<meta property=\"og:url\" content=\"https:\/\/dev.sorkkahoitajat.fi\/?page_id=107\" \/>\n<meta property=\"og:site_name\" content=\"SSHY Suomen Sorkkahoitajat\" \/>\n<meta property=\"article:modified_time\" content=\"2022-10-30T17:20:56+00:00\" \/>\n<meta property=\"og:image\" content=\"https:\/\/dev.sorkkahoitajat.fi\/wp-content\/uploads\/2022\/06\/Kartta-kuva-OK.jpg\" \/>\n<meta name=\"twitter:card\" content=\"summary_large_image\" \/>\n<meta name=\"twitter:label1\" content=\"Arvioitu lukuaika\" \/>\n\t<meta name=\"twitter:data1\" content=\"3 minuuttia\" \/>\n<script type=\"application\/ld+json\" class=\"yoast-schema-graph\">{\"@context\":\"https:\/\/schema.org\",\"@graph\":[{\"@type\":\"WebSite\",\"@id\":\"https:\/\/dev.sorkkahoitajat.fi\/#website\",\"url\":\"https:\/\/dev.sorkkahoitajat.fi\/\",\"name\":\"SSHY Suomen Sorkkahoitajat\",\"description\":\"\",\"potentialAction\":[{\"@type\":\"SearchAction\",\"target\":{\"@type\":\"EntryPoint\",\"urlTemplate\":\"https:\/\/dev.sorkkahoitajat.fi\/?s={search_term_string}\"},\"query-input\":\"required name=search_term_string\"}],\"inLanguage\":\"fi\"},{\"@type\":\"ImageObject\",\"inLanguage\":\"fi\",\"@id\":\"https:\/\/dev.sorkkahoitajat.fi\/?page_id=107#primaryimage\",\"url\":\"https:\/\/sorkkahoitajat.fi\/wp-content\/uploads\/2022\/06\/Kartta-kuva-OK.jpg\",\"contentUrl\":\"https:\/\/sorkkahoitajat.fi\/wp-content\/uploads\/2022\/06\/Kartta-kuva-OK.jpg\",\"width\":413,\"height\":709},{\"@type\":\"WebPage\",\"@id\":\"https:\/\/dev.sorkkahoitajat.fi\/?page_id=107#webpage\",\"url\":\"https:\/\/dev.sorkkahoitajat.fi\/?page_id=107\",\"name\":\"J\u00e4senet - SSHY Suomen Sorkkahoitajat\",\"isPartOf\":{\"@id\":\"https:\/\/dev.sorkkahoitajat.fi\/#website\"},\"primaryImageOfPage\":{\"@id\":\"https:\/\/dev.sorkkahoitajat.fi\/?page_id=107#primaryimage\"},\"datePublished\":\"2022-10-30T17:20:55+00:00\",\"dateModified\":\"2022-10-30T17:20:56+00:00\",\"description\":\"Sorkkahoitajien yhteystietoja ja toiminta alueet.\",\"breadcrumb\":{\"@id\":\"https:\/\/dev.sorkkahoitajat.fi\/?page_id=107#breadcrumb\"},\"inLanguage\":\"fi\",\"potentialAction\":[{\"@type\":\"ReadAction\",\"target\":[\"https:\/\/dev.sorkkahoitajat.fi\/?page_id=107\"]}]},{\"@type\":\"BreadcrumbList\",\"@id\":\"https:\/\/dev.sorkkahoitajat.fi\/?page_id=107#breadcrumb\",\"itemListElement\":[{\"@type\":\"ListItem\",\"position\":1,\"name\":\"Etusivu\",\"item\":\"https:\/\/dev.sorkkahoitajat.fi\/\"},{\"@type\":\"ListItem\",\"position\":2,\"name\":\"J\u00e4senet\"}]}]}<\/script>\n<!-- \/ Yoast SEO plugin. -->","yoast_head_json":{"title":"J\u00e4senet - SSHY Suomen Sorkkahoitajat","description":"Sorkkahoitajien yhteystietoja ja toiminta alueet.","robots":{"index":"index","follow":"follow","max-snippet":"max-snippet:-1","max-image-preview":"max-image-preview:large","max-video-preview":"max-video-preview:-1"},"canonical":"https:\/\/dev.sorkkahoitajat.fi\/?page_id=107","og_locale":"fi_FI","og_type":"article","og_title":"J\u00e4senet - SSHY Suomen Sorkkahoitajat","og_description":"Sorkkahoitajien yhteystietoja ja toiminta alueet.","og_url":"https:\/\/dev.sorkkahoitajat.fi\/?page_id=107","og_site_name":"SSHY Suomen Sorkkahoitajat","article_modified_time":"2022-10-30T17:20:56+00:00","og_image":[{"url":"https:\/\/dev.sorkkahoitajat.fi\/wp-content\/uploads\/2022\/06\/Kartta-kuva-OK.jpg"}],"twitter_card":"summary_large_image","twitter_misc":{"Arvioitu lukuaika":"3 minuuttia"},"schema":{"@context":"https:\/\/schema.org","@graph":[{"@type":"WebSite","@id":"https:\/\/dev.sorkkahoitajat.fi\/#website","url":"https:\/\/dev.sorkkahoitajat.fi\/","name":"SSHY Suomen Sorkkahoitajat","description":"","potentialAction":[{"@type":"SearchAction","target":{"@type":"EntryPoint","urlTemplate":"https:\/\/dev.sorkkahoitajat.fi\/?s={search_term_string}"},"query-input":"required name=search_term_string"}],"inLanguage":"fi"},{"@type":"ImageObject","inLanguage":"fi","@id":"https:\/\/dev.sorkkahoitajat.fi\/?page_id=107#primaryimage","url":"https:\/\/sorkkahoitajat.fi\/wp-content\/uploads\/2022\/06\/Kartta-kuva-OK.jpg","contentUrl":"https:\/\/sorkkahoitajat.fi\/wp-content\/uploads\/2022\/06\/Kartta-kuva-OK.jpg","width":413,"height":709},{"@type":"WebPage","@id":"https:\/\/dev.sorkkahoitajat.fi\/?page_id=107#webpage","url":"https:\/\/dev.sorkkahoitajat.fi\/?page_id=107","name":"J\u00e4senet - SSHY Suomen Sorkkahoitajat","isPartOf":{"@id":"https:\/\/dev.sorkkahoitajat.fi\/#website"},"primaryImageOfPage":{"@id":"https:\/\/dev.sorkkahoitajat.fi\/?page_id=107#primaryimage"},"datePublished":"2022-10-30T17:20:55+00:00","dateModified":"2022-10-30T17:20:56+00:00","description":"Sorkkahoitajien yhteystietoja ja toiminta alueet.","breadcrumb":{"@id":"https:\/\/dev.sorkkahoitajat.fi\/?page_id=107#breadcrumb"},"inLanguage":"fi","potentialAction":[{"@type":"ReadAction","target":["https:\/\/dev.sorkkahoitajat.fi\/?page_id=107"]}]},{"@type":"BreadcrumbList","@id":"https:\/\/dev.sorkkahoitajat.fi\/?page_id=107#breadcrumb","itemListElement":[{"@type":"ListItem","position":1,"name":"Etusivu","item":"https:\/\/dev.sorkkahoitajat.fi\/"},{"@type":"ListItem","position":2,"name":"J\u00e4senet"}]}]}},"_links":{"self":[{"href":"https:\/\/dev.sorkkahoitajat.fi\/index.php?rest_route=\/wp\/v2\/pages\/107"}],"collection":[{"href":"https:\/\/dev.sorkkahoitajat.fi\/index.php?rest_route=\/wp\/v2\/pages"}],"about":[{"href":"https:\/\/dev.sorkkahoitajat.fi\/index.php?rest_route=\/wp\/v2\/types\/page"}],"author":[{"embeddable":true,"href":"https:\/\/dev.sorkkahoitajat.fi\/index.php?rest_route=\/wp\/v2\/users\/1"}],"replies":[{"embeddable":true,"href":"https:\/\/dev.sorkkahoitajat.fi\/index.php?rest_route=%2Fwp%2Fv2%2Fcomments&post=107"}],"version-history":[{"count":13,"href":"https:\/\/dev.sorkkahoitajat.fi\/index.php?rest_route=\/wp\/v2\/pages\/107\/revisions"}],"predecessor-version":[{"id":217,"href":"https:\/\/dev.sorkkahoitajat.fi\/index.php?rest_route=\/wp\/v2\/pages\/107\/revisions\/217"}],"wp:attachment":[{"href":"https:\/\/dev.sorkkahoitajat.fi\/index.php?rest_route=%2Fwp%2Fv2%2Fmedia&parent=107"}],"curies":[{"name":"wp","href":"https:\/\/api.w.org\/{rel}","templated":true}]}}