{"id":12,"date":"2022-05-12T13:41:24","date_gmt":"2022-05-12T13:41:24","guid":{"rendered":"https:\/\/dev.sorkkahoitajat.fi\/?page_id=12"},"modified":"2022-08-01T13:24:00","modified_gmt":"2022-08-01T13:24:00","slug":"etusivu","status":"publish","type":"page","link":"https:\/\/dev.sorkkahoitajat.fi\/","title":{"rendered":"Suomen Sorkkahoitajat"},"content":{"rendered":"\n<figure class=\"wp-block-image size-full\"><img loading=\"lazy\" decoding=\"async\" width=\"1200\" height=\"336\" src=\"https:\/\/dev.sorkkahoitajat.fi\/wp-content\/uploads\/2022\/05\/sorkat-teksti.jpg\" alt=\"\" class=\"wp-image-8\" srcset=\"https:\/\/sorkkahoitajat.fi\/wp-content\/uploads\/2022\/05\/sorkat-teksti.jpg 1200w, https:\/\/sorkkahoitajat.fi\/wp-content\/uploads\/2022\/05\/sorkat-teksti-300x84.jpg 300w, https:\/\/sorkkahoitajat.fi\/wp-content\/uploads\/2022\/05\/sorkat-teksti-1024x287.jpg 1024w, https:\/\/sorkkahoitajat.fi\/wp-content\/uploads\/2022\/05\/sorkat-teksti-768x215.jpg 768w\" sizes=\"(max-width: 1200px) 100vw, 1200px\" \/><\/figure>\n\n\n\n<p id=\"u3169-4\"><strong>Tervetuloa Suomen Sorkkahoitajien Yhdistyksen (SSHY) webbisiville<\/strong>.&nbsp;Sivuilla on nautael\u00e4inten sorkkien terveytt\u00e4 edist\u00e4mist\u00e4: kuvia, tutkimustietoa, artikkeleita, keskustelua ym&#8230; kaiken karvaisten el\u00e4inten ja hoitajien kanssak\u00e4ymist\u00e4.&nbsp;Sivuilta l\u00f6ytyy mm.&nbsp;sorkkahoitajien ja SSHY:n uudet yhteystiedot.<\/p>\n\n\n\n<p id=\"u3169-5\"><strong>Intranet<\/strong>&nbsp;on SSHY:n j\u00e4senten keskustelusivu ammatin kehitt\u00e4miseksi mm.&nbsp;uusia menetelmi\u00e4, ostetaan- ja myyd\u00e4\u00e4n-palsta ym&#8230;&nbsp;Salasanan saat liitty\u00e4 j\u00e4seneksi.<\/p>\n\n\n\n<p id=\"u3169-11\">(Jos olet unohtanut salasanan, ota yhteytt\u00e4 palautelomakkeen avulla Janiin tai Joukoon)<\/p>\n\n\n\n<p id=\"u3169-12\"><strong>Sivut on tarkoitettu kaikille karjankasvatuksesta kiinnostuneille!<\/strong><\/p>\n\n\n\n<p><strong><a href=\"https:\/\/sorkkahoitajat.fi\/?page_id=176\">Tutustu my\u00f6s linkkej\u00e4-sivuun!<\/a><\/strong><\/p>\n\n\n\n<p id=\"u3169-17\"><\/p>\n\n\n\n<figure class=\"wp-block-image size-full\"><img loading=\"lazy\" decoding=\"async\" width=\"2000\" height=\"1285\" src=\"https:\/\/dev.sorkkahoitajat.fi\/wp-content\/uploads\/2022\/05\/sonninpaat.jpg\" alt=\"\" class=\"wp-image-6\" srcset=\"https:\/\/sorkkahoitajat.fi\/wp-content\/uploads\/2022\/05\/sonninpaat.jpg 2000w, https:\/\/sorkkahoitajat.fi\/wp-content\/uploads\/2022\/05\/sonninpaat-300x193.jpg 300w, https:\/\/sorkkahoitajat.fi\/wp-content\/uploads\/2022\/05\/sonninpaat-1024x658.jpg 1024w, https:\/\/sorkkahoitajat.fi\/wp-content\/uploads\/2022\/05\/sonninpaat-768x493.jpg 768w, https:\/\/sorkkahoitajat.fi\/wp-content\/uploads\/2022\/05\/sonninpaat-1536x987.jpg 1536w\" sizes=\"(max-width: 2000px) 100vw, 2000px\" \/><\/figure>\n","protected":false},"excerpt":{"rendered":"<p>Tervetuloa Suomen Sorkkahoitajien Yhdistyksen (SSHY) webbisiville.&nbsp;Sivuilla on nautael\u00e4inten sorkkien terveytt\u00e4 edist\u00e4mist\u00e4: kuvia, tutkimustietoa, artikkeleita, keskustelua ym&#8230; kaiken karvaisten el\u00e4inten ja hoitajien kanssak\u00e4ymist\u00e4.&nbsp;Sivuilta l\u00f6ytyy mm.&nbsp;sorkkahoitajien ja SSHY:n uudet yhteystiedot. Intranet&nbsp;on SSHY:n j\u00e4senten keskustelusivu ammatin kehitt\u00e4miseksi mm.&nbsp;uusia menetelmi\u00e4, ostetaan- ja myyd\u00e4\u00e4n-palsta ym&#8230;&nbsp;Salasanan saat liitty\u00e4 j\u00e4seneksi. (Jos olet unohtanut salasanan, ota yhteytt\u00e4 palautelomakkeen avulla Janiin tai Joukoon) Sivut [&hellip;]<\/p>\n","protected":false},"author":1,"featured_media":0,"parent":0,"menu_order":1,"comment_status":"closed","ping_status":"closed","template":"template-full-width.php","meta":{"footnotes":""},"yoast_head":"<!-- This site is optimized with the Yoast SEO plugin v18.8 - https:\/\/yoast.com\/wordpress\/plugins\/seo\/ -->\n<title>Suomen Sorkkahoitajat - SSHY Suomen Sorkkahoitajat<\/title>\n<meta name=\"robots\" content=\"index, follow, max-snippet:-1, max-image-preview:large, max-video-preview:-1\" \/>\n<link rel=\"canonical\" href=\"https:\/\/dev.sorkkahoitajat.fi\/\" \/>\n<meta property=\"og:locale\" content=\"fi_FI\" \/>\n<meta property=\"og:type\" content=\"article\" \/>\n<meta property=\"og:title\" content=\"Suomen Sorkkahoitajat - SSHY Suomen Sorkkahoitajat\" \/>\n<meta property=\"og:description\" content=\"Tervetuloa Suomen Sorkkahoitajien Yhdistyksen (SSHY) webbisiville.&nbsp;Sivuilla on nautael\u00e4inten sorkkien terveytt\u00e4 edist\u00e4mist\u00e4: kuvia, tutkimustietoa, artikkeleita, keskustelua ym&#8230; kaiken karvaisten el\u00e4inten ja hoitajien kanssak\u00e4ymist\u00e4.&nbsp;Sivuilta l\u00f6ytyy mm.&nbsp;sorkkahoitajien ja SSHY:n uudet yhteystiedot. Intranet&nbsp;on SSHY:n j\u00e4senten keskustelusivu ammatin kehitt\u00e4miseksi mm.&nbsp;uusia menetelmi\u00e4, ostetaan- ja myyd\u00e4\u00e4n-palsta ym&#8230;&nbsp;Salasanan saat liitty\u00e4 j\u00e4seneksi. (Jos olet unohtanut salasanan, ota yhteytt\u00e4 palautelomakkeen avulla Janiin tai Joukoon) Sivut [&hellip;]\" \/>\n<meta property=\"og:url\" content=\"https:\/\/dev.sorkkahoitajat.fi\/\" \/>\n<meta property=\"og:site_name\" content=\"SSHY Suomen Sorkkahoitajat\" \/>\n<meta property=\"article:modified_time\" content=\"2022-08-01T13:24:00+00:00\" \/>\n<meta property=\"og:image\" content=\"https:\/\/dev.sorkkahoitajat.fi\/wp-content\/uploads\/2022\/05\/sorkat-teksti.jpg\" \/>\n<meta name=\"twitter:card\" content=\"summary_large_image\" \/>\n<meta name=\"twitter:label1\" content=\"Arvioitu lukuaika\" \/>\n\t<meta name=\"twitter:data1\" content=\"1 minuutti\" \/>\n<script type=\"application\/ld+json\" class=\"yoast-schema-graph\">{\"@context\":\"https:\/\/schema.org\",\"@graph\":[{\"@type\":\"WebSite\",\"@id\":\"https:\/\/dev.sorkkahoitajat.fi\/#website\",\"url\":\"https:\/\/dev.sorkkahoitajat.fi\/\",\"name\":\"SSHY Suomen Sorkkahoitajat\",\"description\":\"\",\"potentialAction\":[{\"@type\":\"SearchAction\",\"target\":{\"@type\":\"EntryPoint\",\"urlTemplate\":\"https:\/\/dev.sorkkahoitajat.fi\/?s={search_term_string}\"},\"query-input\":\"required name=search_term_string\"}],\"inLanguage\":\"fi\"},{\"@type\":\"ImageObject\",\"inLanguage\":\"fi\",\"@id\":\"https:\/\/dev.sorkkahoitajat.fi\/#primaryimage\",\"url\":\"https:\/\/sorkkahoitajat.fi\/wp-content\/uploads\/2022\/05\/sorkat-teksti.jpg\",\"contentUrl\":\"https:\/\/sorkkahoitajat.fi\/wp-content\/uploads\/2022\/05\/sorkat-teksti.jpg\",\"width\":1200,\"height\":336},{\"@type\":\"WebPage\",\"@id\":\"https:\/\/dev.sorkkahoitajat.fi\/#webpage\",\"url\":\"https:\/\/dev.sorkkahoitajat.fi\/\",\"name\":\"Suomen Sorkkahoitajat - SSHY Suomen Sorkkahoitajat\",\"isPartOf\":{\"@id\":\"https:\/\/dev.sorkkahoitajat.fi\/#website\"},\"primaryImageOfPage\":{\"@id\":\"https:\/\/dev.sorkkahoitajat.fi\/#primaryimage\"},\"datePublished\":\"2022-05-12T13:41:24+00:00\",\"dateModified\":\"2022-08-01T13:24:00+00:00\",\"breadcrumb\":{\"@id\":\"https:\/\/dev.sorkkahoitajat.fi\/#breadcrumb\"},\"inLanguage\":\"fi\",\"potentialAction\":[{\"@type\":\"ReadAction\",\"target\":[\"https:\/\/dev.sorkkahoitajat.fi\/\"]}]},{\"@type\":\"BreadcrumbList\",\"@id\":\"https:\/\/dev.sorkkahoitajat.fi\/#breadcrumb\",\"itemListElement\":[{\"@type\":\"ListItem\",\"position\":1,\"name\":\"Etusivu\",\"item\":\"https:\/\/dev.sorkkahoitajat.fi\/\"},{\"@type\":\"ListItem\",\"position\":2,\"name\":\"Suomen Sorkkahoitajat\"}]}]}<\/script>\n<!-- \/ Yoast SEO plugin. -->","yoast_head_json":{"title":"Suomen Sorkkahoitajat - SSHY Suomen Sorkkahoitajat","robots":{"index":"index","follow":"follow","max-snippet":"max-snippet:-1","max-image-preview":"max-image-preview:large","max-video-preview":"max-video-preview:-1"},"canonical":"https:\/\/dev.sorkkahoitajat.fi\/","og_locale":"fi_FI","og_type":"article","og_title":"Suomen Sorkkahoitajat - SSHY Suomen Sorkkahoitajat","og_description":"Tervetuloa Suomen Sorkkahoitajien Yhdistyksen (SSHY) webbisiville.&nbsp;Sivuilla on nautael\u00e4inten sorkkien terveytt\u00e4 edist\u00e4mist\u00e4: kuvia, tutkimustietoa, artikkeleita, keskustelua ym&#8230; kaiken karvaisten el\u00e4inten ja hoitajien kanssak\u00e4ymist\u00e4.&nbsp;Sivuilta l\u00f6ytyy mm.&nbsp;sorkkahoitajien ja SSHY:n uudet yhteystiedot. Intranet&nbsp;on SSHY:n j\u00e4senten keskustelusivu ammatin kehitt\u00e4miseksi mm.&nbsp;uusia menetelmi\u00e4, ostetaan- ja myyd\u00e4\u00e4n-palsta ym&#8230;&nbsp;Salasanan saat liitty\u00e4 j\u00e4seneksi. (Jos olet unohtanut salasanan, ota yhteytt\u00e4 palautelomakkeen avulla Janiin tai Joukoon) Sivut [&hellip;]","og_url":"https:\/\/dev.sorkkahoitajat.fi\/","og_site_name":"SSHY Suomen Sorkkahoitajat","article_modified_time":"2022-08-01T13:24:00+00:00","og_image":[{"url":"https:\/\/dev.sorkkahoitajat.fi\/wp-content\/uploads\/2022\/05\/sorkat-teksti.jpg"}],"twitter_card":"summary_large_image","twitter_misc":{"Arvioitu lukuaika":"1 minuutti"},"schema":{"@context":"https:\/\/schema.org","@graph":[{"@type":"WebSite","@id":"https:\/\/dev.sorkkahoitajat.fi\/#website","url":"https:\/\/dev.sorkkahoitajat.fi\/","name":"SSHY Suomen Sorkkahoitajat","description":"","potentialAction":[{"@type":"SearchAction","target":{"@type":"EntryPoint","urlTemplate":"https:\/\/dev.sorkkahoitajat.fi\/?s={search_term_string}"},"query-input":"required name=search_term_string"}],"inLanguage":"fi"},{"@type":"ImageObject","inLanguage":"fi","@id":"https:\/\/dev.sorkkahoitajat.fi\/#primaryimage","url":"https:\/\/sorkkahoitajat.fi\/wp-content\/uploads\/2022\/05\/sorkat-teksti.jpg","contentUrl":"https:\/\/sorkkahoitajat.fi\/wp-content\/uploads\/2022\/05\/sorkat-teksti.jpg","width":1200,"height":336},{"@type":"WebPage","@id":"https:\/\/dev.sorkkahoitajat.fi\/#webpage","url":"https:\/\/dev.sorkkahoitajat.fi\/","name":"Suomen Sorkkahoitajat - SSHY Suomen Sorkkahoitajat","isPartOf":{"@id":"https:\/\/dev.sorkkahoitajat.fi\/#website"},"primaryImageOfPage":{"@id":"https:\/\/dev.sorkkahoitajat.fi\/#primaryimage"},"datePublished":"2022-05-12T13:41:24+00:00","dateModified":"2022-08-01T13:24:00+00:00","breadcrumb":{"@id":"https:\/\/dev.sorkkahoitajat.fi\/#breadcrumb"},"inLanguage":"fi","potentialAction":[{"@type":"ReadAction","target":["https:\/\/dev.sorkkahoitajat.fi\/"]}]},{"@type":"BreadcrumbList","@id":"https:\/\/dev.sorkkahoitajat.fi\/#breadcrumb","itemListElement":[{"@type":"ListItem","position":1,"name":"Etusivu","item":"https:\/\/dev.sorkkahoitajat.fi\/"},{"@type":"ListItem","position":2,"name":"Suomen Sorkkahoitajat"}]}]}},"_links":{"self":[{"href":"https:\/\/dev.sorkkahoitajat.fi\/index.php?rest_route=\/wp\/v2\/pages\/12"}],"collection":[{"href":"https:\/\/dev.sorkkahoitajat.fi\/index.php?rest_route=\/wp\/v2\/pages"}],"about":[{"href":"https:\/\/dev.sorkkahoitajat.fi\/index.php?rest_route=\/wp\/v2\/types\/page"}],"author":[{"embeddable":true,"href":"https:\/\/dev.sorkkahoitajat.fi\/index.php?rest_route=\/wp\/v2\/users\/1"}],"replies":[{"embeddable":true,"href":"https:\/\/dev.sorkkahoitajat.fi\/index.php?rest_route=%2Fwp%2Fv2%2Fcomments&post=12"}],"version-history":[{"count":12,"href":"https:\/\/dev.sorkkahoitajat.fi\/index.php?rest_route=\/wp\/v2\/pages\/12\/revisions"}],"predecessor-version":[{"id":201,"href":"https:\/\/dev.sorkkahoitajat.fi\/index.php?rest_route=\/wp\/v2\/pages\/12\/revisions\/201"}],"wp:attachment":[{"href":"https:\/\/dev.sorkkahoitajat.fi\/index.php?rest_route=%2Fwp%2Fv2%2Fmedia&parent=12"}],"curies":[{"name":"wp","href":"https:\/\/api.w.org\/{rel}","templated":true}]}}