{"id":155,"date":"2022-07-19T10:16:27","date_gmt":"2022-07-19T10:16:27","guid":{"rendered":"https:\/\/dev.sorkkahoitajat.fi\/?page_id=155"},"modified":"2022-07-19T10:46:56","modified_gmt":"2022-07-19T10:46:56","slug":"jalkojen-arvosteluun-muutoksia-nauta-5-2000","status":"publish","type":"page","link":"https:\/\/dev.sorkkahoitajat.fi\/?page_id=155","title":{"rendered":"Jalkojen arvosteluun muutoksia"},"content":{"rendered":"\n<p id=\"u79071-4\">Jalostusagronomi Seppo Niskanen SKJO &#8211; Nauta 5\/2000<\/p>\n\n\n\n<p>Lehmien koon ja tuotoksen kasvaessa jalkojen merkitys korostuu. Ilmasto-olosuhteistamme johtuen lehm\u00e4t joutuvat seisomaan navetoissamme l\u00e4hes paikoillaan suurimman osan vuotta. Jalkarakenteen arvostelu on n\u00e4in ollen t\u00e4rke\u00e4\u00e4 lehm\u00e4n terveyden, tuotoksen ja kest\u00e4vyyden kannalta.<\/p>\n\n\n\n<p>Lypsyroduilla jalkaominaisuuksista on arvosteltu lineaarisesti kinner ja vuohinen. Kintereess\u00e4 on arvosteltu kinnerkulman suuruutta, joka muodostuu takajalan reisiluun ja s\u00e4\u00e4riluun v\u00e4lisest\u00e4 kulmasta sivulta p\u00e4in katsottuna. Optimaalinen kinner muodostaa kulman, joka ei ole liian kiver\u00e4 muttei my\u00f6sk\u00e4\u00e4n t\u00e4ysin suora. Lineaarisella asteikolla 1-9 keskiarvo 5 tarkoittaa noin 150 asteen kulmaa.<\/p>\n\n\n\n<p>Hiehoilla ja nuorilla el\u00e4imill\u00e4 on yleens\u00e4 vanhempia el\u00e4imi\u00e4 suorempi kinner, ik\u00e4 tuo usein hieman kulmaa lis\u00e4\u00e4 kintereeseen. Valinnassa on suosittu hieman suorempia kintereit\u00e4, joka n\u00e4kyy etenkin holstein-rodulla. T\u00e4ysin suora kinner ei kuitenkaan ole toivottavaa, sill\u00e4 kintereen kulma antaa liikkumiseen joustoa. Suora kinner tekee liikkumisesta huomattavasti j\u00e4ykemp\u00e4\u00e4 ja rasittaa jalkaa sek\u00e4 koko el\u00e4int\u00e4.<\/p>\n\n\n\n<p>Vuohisessa meill\u00e4 on arvosteltu vuohiskulmaa, eli vuohisluun ja parrenpinnan tai lattian muodostamaa kulmaa, jota tarkastellaan sivusta katsoen. My\u00f6s vuohisessa toivotaan olevan riitt\u00e4v\u00e4sti kulmaa, jolloin jalka joustaa niin el\u00e4imen liikkuessa kuin paikallaan seistess\u00e4kin. Lineaarisella asteikolla 1 &#8211; 9 arvosteltuna optimaalinen vuohinen sijoittuu asteikon keskivaiheille, jolloin vuohiskulman suuruus on noin 45 astetta.<\/p>\n\n\n\n<p>Nuorilla yksil\u00f6ill\u00e4, vasikoilla ja hiehoilla, on yleens\u00e4 pystympi vuohinen kuin vanhemmilla el\u00e4imill\u00e4. I\u00e4n my\u00f6t\u00e4 my\u00f6s vuohinen tulee normaalisti vennommaksi, ja usein n\u00e4kee vanhoja lehmi\u00e4 joilla sorkkakyntyset ovat jo hyvin l\u00e4hell\u00e4 lattiaa.<\/p>\n\n\n\n<p>Sek\u00e4 kinner ett\u00e4 vuohinen arvostellaan omina ominaisuuksinaan ja niille lasketaan jalostusarvot. Arvosteluissa huomioidaan vain poikineiden el\u00e4inten jalka-arvostelut. Kintereess\u00e4 alhainen indeksi, alle sadan, tarkoittaa, ett\u00e4 el\u00e4in periytt\u00e4\u00e4 keskim\u00e4\u00e4r\u00e4ist\u00e4 suorempaa kinnert\u00e4. Vastaavasti yli sadan oleva indeksi kertoo el\u00e4imen periytt\u00e4v\u00e4n keskim\u00e4\u00e4r\u00e4ist\u00e4 kiver\u00e4mp\u00e4\u00e4 kinnert\u00e4. Vuohisessa alle sadan oleva indeksi osoittaa el\u00e4imen periytt\u00e4v\u00e4n keskim\u00e4\u00e4r\u00e4ist\u00e4 vennompaa, yli sadan taas keskim\u00e4\u00e4r\u00e4ist\u00e4 pystymp\u00e4\u00e4 vuohista.<\/p>\n\n\n\n<p>Aiemmin n\u00e4ist\u00e4 ominaisuuksista muodostettiin yhdistelm\u00e4jalkaindeksi, mutta sen k\u00e4yt\u00f6st\u00e4 luovuttiin nyt viimeisimm\u00e4n indeksilaskennan yhteydess\u00e4. Syyn\u00e4 t\u00e4h\u00e4n on se, ett\u00e4 yhdistelm\u00e4jalkaindeksi ei kerro suuntaa jalka-asennoista vaan ainoastaan sen, onko jalkarakenne poikkeava keskiarvosta. Molemmat ominaisuudet julkaistaan yksitt\u00e4isin\u00e4 indeksein\u00e4, jolloin niit\u00e4 voidaan k\u00e4ytt\u00e4\u00e4 valinnassa.<\/p>\n\n\n\n<p>Uusia ominaisuuksia mukaan<\/p>\n\n\n\n<p>Kansainv\u00e4linen Interbull-arvostelu on keskittynyt kuluneeseen vuoteen asti l\u00e4hinn\u00e4 tuotosominaisuuksiin. Nyt arvosteltavien ominaisuuksien m\u00e4\u00e4r\u00e4 on kuitenkin kasvamassa, koska my\u00f6s rakenneominaisuuksille voidaan laskea jalostusarvot. Edellytys t\u00e4h\u00e4n on tietysti yhten\u00e4isesti arvosteltavat samat ominaisuudet. Suoituksia arvosteltavista ominaisuuksista ovat antaneet sek\u00e4 Maailman Holstein \u2013 Friisil\u00e4is -federaatio ett\u00e4 Maailman Ayrshire-federaatio. Suositukset ovat varsin yhtenev\u00e4iset, joka onkin j\u00e4rkev\u00e4\u00e4 yhteisten arvostelujen kannalta varsinkin meill\u00e4, koska Suomesta l\u00f6ytyy molempien rotujen edustajia ja arvosteluja tekev\u00e4t samat konsulentit kaikilla roduilla. Ainoa ero on se, ett\u00e4 Ayrshire-federaatio on suositellut utareen takakiinnitysleveyden mukaan ottamista, mik\u00e4 ei ole Holstein-suosituksissa mukana.<\/p>\n\n\n\n<p>Koska my\u00f6s suomalaiset haluavat olla mukana kansainv\u00e4lisiss\u00e4 rakennearvosteluissa, on meid\u00e4n teht\u00e4v\u00e4 erin\u00e4isi\u00e4 muutoksia arvosteluissa sek\u00e4 otettava mukaan my\u00f6s kokonaan uusia arvosteltavia kohtia. Uusia jalka- rakenneominaisuuksia tulee meille kaksi. Karjanomistajat ovat toivoneet jalka-asentojen arvostelua takaap\u00e4in. SKJO:n konsulentit ovat harjoitelleet t\u00e4m\u00e4n ominaisuuden arvostelua kuluneen vuoden ajan ja ensi vuoden alusta se on tarkoitus ottaa virallisesti k\u00e4ytt\u00f6\u00f6n.<\/p>\n\n\n\n<p>Takajalkojen asento takaa -ominaisuus kuvaa lehm\u00e4n jalkojen suoruutta takaa p\u00e4in katsottuna ja sorkkien asentoa, eli osoittavatko sorkat eteenp\u00e4in vai ovatko ne k\u00e4\u00e4ntyneet sivulle ja miten voimakkaasti. Ulkomailla tehdyiss\u00e4 tutkimuksissa t\u00e4m\u00e4n ominaisuuden on todettu korreloivan melko voimakkaasti el\u00e4imen liikkeen kanssa. T\u00e4st\u00e4 syyst\u00e4 ominaisuus on meillekin varsin hyv\u00e4, koska suuri osa el\u00e4imist\u00e4mme rakennearvostellaan parsinavetassa, miss\u00e4 ei ole mahdollista n\u00e4hd\u00e4 el\u00e4int\u00e4 liikkeess\u00e4. K\u00e4yt\u00e4nn\u00f6ss\u00e4 t\u00e4ysin suoria jalkoja on hyvin v\u00e4h\u00e4n. Suurimmalla osalla el\u00e4imist\u00e4 sorkat ovat hieman k\u00e4\u00e4ntyneet sivulle p\u00e4in. Hyvin voimakkaasti sivulle k\u00e4\u00e4ntyneisiin sorkkiin liittyy usein my\u00f6s voimakas pihtikinttuisuus. Jalkojen suoruus l\u00e4htee suurelta osin jo lonkkanivelest\u00e4 asti.<\/p>\n\n\n\n<p>Toinen uusista ominaisuuksista on sorkkakulma (engl: foot angle). Kansainv\u00e4lisiss\u00e4 arvosteluissa on huomattu, ett\u00e4 meid\u00e4n arvostelemamme vuohinen on korreloinut hyvin heikosti muiden maiden arvostelujen kanssa. Syykin t\u00e4h\u00e4n on olemassa, sill\u00e4 me tarkoitamme vuohisella eri asiaa kuin mit\u00e4 federaatioiden suosituksissa tarkoitetaan. Maailmalla arvostellaan l\u00e4hinn\u00e4 sorkka-aineksen ja kantojen vahvuutta sorkassa ja t\u00e4m\u00e4n ja parren pinnan v\u00e4list\u00e4 kulmaa. Luonnollisesti on t\u00e4rke\u00e4\u00e4, ett\u00e4 sorkka-ainesta on riitt\u00e4v\u00e4sti el\u00e4imen sorkan takaosassa. Selkeimmin t\u00e4m\u00e4 ominaisuus on arvioitavissa tarkastelemalla sorkan karvarajaa ja sen kulman suuruutta.<\/p>\n\n\n\n<p>Koska meill\u00e4 on v\u00e4lill\u00e4 ongelmaa l\u00e4hinn\u00e4 ventojen vuohisten kanssa, on p\u00e4\u00e4dytty siihen, ett\u00e4 tulevaisuudessa el\u00e4imill\u00e4 arvostellaan sek\u00e4 vuohiskulma ett\u00e4 sorkkakulma. N\u00e4in saamme arvostelluksi sek\u00e4 kansainv\u00e4lisen ominaisuuden ett\u00e4 omassa populaatiossamme t\u00e4rke\u00e4ksi katsomamme ominaisuuden. My\u00f6s jalkavikoja kartoitetaan Rakennearvostelujen yhteydess\u00e4 konsulentit tarkastavat my\u00f6s sen, onko el\u00e4imell\u00e4 erityisi\u00e4 jalkavikoja. Ominaisuus on luokiteltu joko-tai -ominaisuutena, eli mahdollisia jalkavikoja ei ole eritelty vaan niist\u00e4 on tullut ainoastaan merkint\u00e4. Jalkavikatietojen ker\u00e4\u00e4minen vaihtelee maittain. On maita, joissa ei ker\u00e4t\u00e4 mit\u00e4\u00e4n jaikavikatietoja, mutta esimerkiksi Ruotsissa on kymmenkunta erilaista jalkavikaluokkaa.<\/p>\n\n\n\n<p>My\u00f6s meill\u00e4 otetaan k\u00e4ytt\u00f6\u00f6n eritelty jalkavika-arvostelu. N\u00e4in halutaan saada yksityiskohtaisempi tieto mahdollisesta jalkaviasta. Erilaisia luokkia on kymmenen, joista ensimm\u00e4inen luokka tarkoittaa tervett\u00e4 el\u00e4int\u00e4, jolla ei ole jalkavikoja. Erilaiset jalkaviat jaetaan seuraavanlaisiin luokkiin: 1. sorkkakuume tai sen seuraus, 2. sorkan alueen ihon tai sarveisen tulehdus, 3. kierresorkka, 4. sorkka hoidon tarpeessa,5. muu sorkkavika, 6. niveltulehdus, 7. nivelen ulkopuolinen tulehdus tai hiertym\u00e4, 8. muu ylemm\u00e4n raajan vika, 9. tarkemmin m\u00e4\u00e4rittelem\u00e4t\u00f6n liikuntaa haittaava jalkavika.<\/p>\n\n\n\n<p>Tulevaisuudessa tietojen ker\u00e4\u00e4ntyess\u00e4 voidaan tilastoida erilaisia jalkavikoja. Monet jalkavioista ovat ymp\u00e4rist\u00f6st\u00e4 johtuvia ja niit\u00e4 voidaan parantaa tai ainakin osittain korjata sorkkahoidolla tai parsialustalla ja kuivikkeilla. My\u00f6s navetan rakenteet vaikuttavat melkoisesti jalkavikojen esiintymiseen.<\/p>\n","protected":false},"excerpt":{"rendered":"<p>Jalostusagronomi Seppo Niskanen SKJO &#8211; Nauta 5\/2000 Lehmien koon ja tuotoksen kasvaessa jalkojen merkitys korostuu. Ilmasto-olosuhteistamme johtuen lehm\u00e4t joutuvat seisomaan navetoissamme l\u00e4hes paikoillaan suurimman osan vuotta. Jalkarakenteen arvostelu on n\u00e4in ollen t\u00e4rke\u00e4\u00e4 lehm\u00e4n terveyden, tuotoksen ja kest\u00e4vyyden kannalta. Lypsyroduilla jalkaominaisuuksista on arvosteltu lineaarisesti kinner ja vuohinen. Kintereess\u00e4 on arvosteltu kinnerkulman suuruutta, joka muodostuu takajalan reisiluun [&hellip;]<\/p>\n","protected":false},"author":1,"featured_media":0,"parent":0,"menu_order":0,"comment_status":"closed","ping_status":"closed","template":"template-full-width.php","meta":{"footnotes":""},"yoast_head":"<!-- This site is optimized with the Yoast SEO plugin v18.8 - https:\/\/yoast.com\/wordpress\/plugins\/seo\/ -->\n<title>Jalkojen arvosteluun muutoksia - SSHY Suomen Sorkkahoitajat<\/title>\n<meta name=\"robots\" content=\"index, follow, max-snippet:-1, max-image-preview:large, max-video-preview:-1\" \/>\n<link rel=\"canonical\" href=\"https:\/\/dev.sorkkahoitajat.fi\/?page_id=155\" \/>\n<meta property=\"og:locale\" content=\"fi_FI\" \/>\n<meta property=\"og:type\" content=\"article\" \/>\n<meta property=\"og:title\" content=\"Jalkojen arvosteluun muutoksia - SSHY Suomen Sorkkahoitajat\" \/>\n<meta property=\"og:description\" content=\"Jalostusagronomi Seppo Niskanen SKJO &#8211; Nauta 5\/2000 Lehmien koon ja tuotoksen kasvaessa jalkojen merkitys korostuu. Ilmasto-olosuhteistamme johtuen lehm\u00e4t joutuvat seisomaan navetoissamme l\u00e4hes paikoillaan suurimman osan vuotta. Jalkarakenteen arvostelu on n\u00e4in ollen t\u00e4rke\u00e4\u00e4 lehm\u00e4n terveyden, tuotoksen ja kest\u00e4vyyden kannalta. Lypsyroduilla jalkaominaisuuksista on arvosteltu lineaarisesti kinner ja vuohinen. Kintereess\u00e4 on arvosteltu kinnerkulman suuruutta, joka muodostuu takajalan reisiluun [&hellip;]\" \/>\n<meta property=\"og:url\" content=\"https:\/\/dev.sorkkahoitajat.fi\/?page_id=155\" \/>\n<meta property=\"og:site_name\" content=\"SSHY Suomen Sorkkahoitajat\" \/>\n<meta property=\"article:modified_time\" content=\"2022-07-19T10:46:56+00:00\" \/>\n<meta name=\"twitter:card\" content=\"summary_large_image\" \/>\n<meta name=\"twitter:label1\" content=\"Arvioitu lukuaika\" \/>\n\t<meta name=\"twitter:data1\" content=\"6 minuuttia\" \/>\n<script type=\"application\/ld+json\" class=\"yoast-schema-graph\">{\"@context\":\"https:\/\/schema.org\",\"@graph\":[{\"@type\":\"WebSite\",\"@id\":\"https:\/\/dev.sorkkahoitajat.fi\/#website\",\"url\":\"https:\/\/dev.sorkkahoitajat.fi\/\",\"name\":\"SSHY Suomen Sorkkahoitajat\",\"description\":\"\",\"potentialAction\":[{\"@type\":\"SearchAction\",\"target\":{\"@type\":\"EntryPoint\",\"urlTemplate\":\"https:\/\/dev.sorkkahoitajat.fi\/?s={search_term_string}\"},\"query-input\":\"required name=search_term_string\"}],\"inLanguage\":\"fi\"},{\"@type\":\"WebPage\",\"@id\":\"https:\/\/dev.sorkkahoitajat.fi\/?page_id=155#webpage\",\"url\":\"https:\/\/dev.sorkkahoitajat.fi\/?page_id=155\",\"name\":\"Jalkojen arvosteluun muutoksia - SSHY Suomen Sorkkahoitajat\",\"isPartOf\":{\"@id\":\"https:\/\/dev.sorkkahoitajat.fi\/#website\"},\"datePublished\":\"2022-07-19T10:16:27+00:00\",\"dateModified\":\"2022-07-19T10:46:56+00:00\",\"breadcrumb\":{\"@id\":\"https:\/\/dev.sorkkahoitajat.fi\/?page_id=155#breadcrumb\"},\"inLanguage\":\"fi\",\"potentialAction\":[{\"@type\":\"ReadAction\",\"target\":[\"https:\/\/dev.sorkkahoitajat.fi\/?page_id=155\"]}]},{\"@type\":\"BreadcrumbList\",\"@id\":\"https:\/\/dev.sorkkahoitajat.fi\/?page_id=155#breadcrumb\",\"itemListElement\":[{\"@type\":\"ListItem\",\"position\":1,\"name\":\"Etusivu\",\"item\":\"https:\/\/dev.sorkkahoitajat.fi\/\"},{\"@type\":\"ListItem\",\"position\":2,\"name\":\"Jalkojen arvosteluun muutoksia\"}]}]}<\/script>\n<!-- \/ Yoast SEO plugin. -->","yoast_head_json":{"title":"Jalkojen arvosteluun muutoksia - SSHY Suomen Sorkkahoitajat","robots":{"index":"index","follow":"follow","max-snippet":"max-snippet:-1","max-image-preview":"max-image-preview:large","max-video-preview":"max-video-preview:-1"},"canonical":"https:\/\/dev.sorkkahoitajat.fi\/?page_id=155","og_locale":"fi_FI","og_type":"article","og_title":"Jalkojen arvosteluun muutoksia - SSHY Suomen Sorkkahoitajat","og_description":"Jalostusagronomi Seppo Niskanen SKJO &#8211; Nauta 5\/2000 Lehmien koon ja tuotoksen kasvaessa jalkojen merkitys korostuu. Ilmasto-olosuhteistamme johtuen lehm\u00e4t joutuvat seisomaan navetoissamme l\u00e4hes paikoillaan suurimman osan vuotta. Jalkarakenteen arvostelu on n\u00e4in ollen t\u00e4rke\u00e4\u00e4 lehm\u00e4n terveyden, tuotoksen ja kest\u00e4vyyden kannalta. Lypsyroduilla jalkaominaisuuksista on arvosteltu lineaarisesti kinner ja vuohinen. Kintereess\u00e4 on arvosteltu kinnerkulman suuruutta, joka muodostuu takajalan reisiluun [&hellip;]","og_url":"https:\/\/dev.sorkkahoitajat.fi\/?page_id=155","og_site_name":"SSHY Suomen Sorkkahoitajat","article_modified_time":"2022-07-19T10:46:56+00:00","twitter_card":"summary_large_image","twitter_misc":{"Arvioitu lukuaika":"6 minuuttia"},"schema":{"@context":"https:\/\/schema.org","@graph":[{"@type":"WebSite","@id":"https:\/\/dev.sorkkahoitajat.fi\/#website","url":"https:\/\/dev.sorkkahoitajat.fi\/","name":"SSHY Suomen Sorkkahoitajat","description":"","potentialAction":[{"@type":"SearchAction","target":{"@type":"EntryPoint","urlTemplate":"https:\/\/dev.sorkkahoitajat.fi\/?s={search_term_string}"},"query-input":"required name=search_term_string"}],"inLanguage":"fi"},{"@type":"WebPage","@id":"https:\/\/dev.sorkkahoitajat.fi\/?page_id=155#webpage","url":"https:\/\/dev.sorkkahoitajat.fi\/?page_id=155","name":"Jalkojen arvosteluun muutoksia - SSHY Suomen Sorkkahoitajat","isPartOf":{"@id":"https:\/\/dev.sorkkahoitajat.fi\/#website"},"datePublished":"2022-07-19T10:16:27+00:00","dateModified":"2022-07-19T10:46:56+00:00","breadcrumb":{"@id":"https:\/\/dev.sorkkahoitajat.fi\/?page_id=155#breadcrumb"},"inLanguage":"fi","potentialAction":[{"@type":"ReadAction","target":["https:\/\/dev.sorkkahoitajat.fi\/?page_id=155"]}]},{"@type":"BreadcrumbList","@id":"https:\/\/dev.sorkkahoitajat.fi\/?page_id=155#breadcrumb","itemListElement":[{"@type":"ListItem","position":1,"name":"Etusivu","item":"https:\/\/dev.sorkkahoitajat.fi\/"},{"@type":"ListItem","position":2,"name":"Jalkojen arvosteluun muutoksia"}]}]}},"_links":{"self":[{"href":"https:\/\/dev.sorkkahoitajat.fi\/index.php?rest_route=\/wp\/v2\/pages\/155"}],"collection":[{"href":"https:\/\/dev.sorkkahoitajat.fi\/index.php?rest_route=\/wp\/v2\/pages"}],"about":[{"href":"https:\/\/dev.sorkkahoitajat.fi\/index.php?rest_route=\/wp\/v2\/types\/page"}],"author":[{"embeddable":true,"href":"https:\/\/dev.sorkkahoitajat.fi\/index.php?rest_route=\/wp\/v2\/users\/1"}],"replies":[{"embeddable":true,"href":"https:\/\/dev.sorkkahoitajat.fi\/index.php?rest_route=%2Fwp%2Fv2%2Fcomments&post=155"}],"version-history":[{"count":2,"href":"https:\/\/dev.sorkkahoitajat.fi\/index.php?rest_route=\/wp\/v2\/pages\/155\/revisions"}],"predecessor-version":[{"id":157,"href":"https:\/\/dev.sorkkahoitajat.fi\/index.php?rest_route=\/wp\/v2\/pages\/155\/revisions\/157"}],"wp:attachment":[{"href":"https:\/\/dev.sorkkahoitajat.fi\/index.php?rest_route=%2Fwp%2Fv2%2Fmedia&parent=155"}],"curies":[{"name":"wp","href":"https:\/\/api.w.org\/{rel}","templated":true}]}}