{"id":158,"date":"2022-07-19T10:23:32","date_gmt":"2022-07-19T10:23:32","guid":{"rendered":"https:\/\/dev.sorkkahoitajat.fi\/?page_id=158"},"modified":"2022-07-19T10:45:32","modified_gmt":"2022-07-19T10:45:32","slug":"laatu-on-palvelua-palvelu-on-laatua","status":"publish","type":"page","link":"https:\/\/dev.sorkkahoitajat.fi\/?page_id=158","title":{"rendered":"Laatu on palvelua, palvelu on laatua"},"content":{"rendered":"\n<p><strong>Hannu Saloniem<\/strong>i, Helsingin yliopisto<br>El\u00e4inl\u00e4\u00e4ketieteellinen tieteellinen tiedekunta<br>Kliinisen el\u00e4inl\u00e4\u00e4ketieteen laitos,<br>PL 47, 00014 Helsingin yliopisto<br>(09)708 49 528, fax (09)708 49 670<br>e-mail: hannu.saloniemi@helsinki.fi<\/p>\n\n\n\n<p id=\"u79086-20\"><strong>Laatu on palvelua<\/strong><br>Sorkkahoito on palveluammatti, sorkkahoitopalvelujen ostaminen on vapaaehtoista. Huonoa laatua ei kukaan halua ostaa, joten sorkkahoidonkin laatuun on kiinnitett\u00e4v\u00e4 huomiota. Sorkkahoidon laatua onkin monin tavoin kehitetty t\u00e4ss\u00e4 maassa. Seuraavassa er\u00e4it\u00e4 omia muistikuviani 1970-luvun alusta SSHY:n perustamiseen asti.<\/p>\n\n\n\n<p>1970-luvun alussa maassamme oli vain muutama ammattisorkkahoitaja (olikohan B\u00e4rlund ensimm\u00e4isi\u00e4 ja Puputti my\u00f6s er\u00e4s pioneereist\u00e4). Oma kosketukseni sorkkahoitoon syntyi v. 1972 Karjatalous-lehden kirjoituksella &#8221;Naudan ja lampaan sorkkahoito&#8221; (Karjatalous 511972). Valiossa ty\u00f6skennellyt agr. Pekka Ahtiainen halusi kehitt\u00e4\u00e4 sorkkahoitoa ja h\u00e4nen toimestaan k\u00e4vin luennoimassa sorkkahoitajille Nilsi\u00e4ss\u00e4 ja Myn\u00e4m\u00e4ell\u00e4 1970-luvulla. Sorkkahoitajien lukum\u00e4\u00e4r\u00e4 lis\u00e4\u00e4ntyi nopeasti 1970-luvulla. Kes\u00e4ll\u00e4 1978 suoritin kyselyn, jonka tulokset julkaistiin Suomen El\u00e4inl\u00e4\u00e4k\u00e4rilehdess\u00e4 85, (4), 1979: 181-, &#8221;Sorkkahoitajien tarve ja ammattimainen sorkkahoito Suomessa&#8221;. Kyselyn perusteella maassamme toimi jo 101 sorkkahoitajaa, heist\u00e4 kuitenkin vain kaksi p\u00e4\u00e4toimisesti. Meijereiden merkitys sek\u00e4 palveluiden v\u00e4litt\u00e4j\u00e4n\u00e4 maidontuottajille ett\u00e4 sorkkahoitajien varustajana telinein ja ty\u00f6kaluin oli suuri.<\/p>\n\n\n\n<p>Sorkkahoitoa on opetettu 1970-luvun puoliv\u00e4list\u00e4 l\u00e4htien el\u00e4inl\u00e4\u00e4ketieteen ylioppilaille. Vuosien kuluessa parisenkymment\u00e4 opiskelijaa on my\u00f6s tehnyt sorkkahoitoa kes\u00e4ty\u00f6n\u00e4\u00e4n. Vuonna 1981 ELK Veikko Tuovinen ja ELK Markku Eestil\u00e4 julkaisivat ensimm\u00e4isen laajemman ohjekirjan &#8221;Sorkkahoidon opas&#8221; (El\u00e4inl\u00e4\u00e4ketieteellisen korkeakoulun opintomonisteita 5, Kotiel\u00e4inhygienian ja sis\u00e4tautiopin laitokset, Helsinki 198 l). Oppaan johdantoluvussa todettiin ett\u00e4 vuonna 1979 toteutetussa teurastamotutkimuksessa todettiin viidenkymmenennelj\u00e4n lehm\u00e4n otoksessa vain joka viidennell\u00e4 lehm\u00e4ll\u00e4 terveet sorkat. Sorkkahoidon tarve oli siis yleist\u00e4. Oppaassa oli runsas ja yksityiskohtainen kuvitus sorkkien anatomiasta ja laaja kuvaus sorkkasairauksista. Sorkkahoidon tekniikka kuvattiin my\u00f6s tarkoin, samoin silloin suosittu Puputin sorkkahoitoteline. Tuovinen ja Eestil\u00e4 tekiv\u00e4t sorkkahoidosta my\u00f6s opetusvideon.<\/p>\n\n\n\n<p>Valiossa neuvontael\u00e4inl\u00e4\u00e4k\u00e4rin\u00e4 ty\u00f6skennellyt ELL Anne Kiuru (nyttemmin Lintil\u00e4) toimi aktiivisesti sorkkahoitajien yhteistoiminnan kehitt\u00e4miseksi. 29.10.1985 pidettiin Valiolla kokous, jossa olivat mukana my\u00f6s agr. Pekka Ahtiainen Maatalouskeskusten Liitosta, agr. Eeva Brofeldt Valiosta, varatuomari Kari Lehto Pellervo Seurasta, ETK Hannu Myllym\u00e4ki Valiosta sek\u00e4 sorkkahoitajat mv. Matti Puputti Eurasta, Jussi Toivanen R\u00e4\u00e4kkyl\u00e4st\u00e4 ja mv. Seppo Viljakainen Savonlinnasta. Kokouksessa selviteltiin sorkkahoitajien yhdistyksen perustamisedellytyksi\u00e4, Valion toimesta suoritettua sorkkahoitokysely\u00e4 ja sorkkahoitajien ty\u00f6turvallisuusasioita ja vakuutusturvaa. Hannu Myllym\u00e4ki julkaisi sorkkahoitokyselyn tulokset Karjatalous-lehdess\u00e4 6-711985: 47- otsikolla &#8221;Sorkkahoitopalveluissa suuria meijerikohtaisia eroja&#8221;. Kyselyyn vastasi silloin meijereiden kautta 114 sorkkahoitajaa.<\/p>\n\n\n\n<p>Sorkkahoitajien koulutusta toteutettiin eri puolilla Suomea lukuisten kurssien ja koulutusp\u00e4ivien kautta. Valtakunnalliset &#8221;Sorkkahoitajien t\u00e4ydennyskoulutusp\u00e4iv\u00e4t&#8221; j\u00e4rjestettiin 4.-5.2.1987 El\u00e4inl\u00e4\u00e4ketieteellisell\u00e4 korkeakoululla yhteistoiminnassa Valion kanssa. <\/p>\n\n\n\n<p>Koulutusp\u00e4ivien tarkoitus oli kiteytetty avauspuheenvuorossani seuraavasti:<br>&#8211; koota yhteen maan sorkkahoitajat <br>&#8211; t\u00e4ydent\u00e4\u00e4 sorkkahoitajien tietoja: <br>&#8211; hoitotekniikasta ja -v\u00e4lineist\u00e4 <br>&#8211; sorkkasairauksista <br>&#8211; sorkkahoidon riskeist\u00e4 lehm\u00e4lle <br>&#8211; ty\u00f6terveyskysymyksist\u00e4<br>&#8211; vakuutuksista ja vastuukysymyksist\u00e4<br>&#8211; her\u00e4tt\u00e4\u00e4 keskustelua sorkkahoitajien ammatillisesta yhdistyksest\u00e4<br>&#8211; ker\u00e4t\u00e4 ajatuksia peruskoulutuksen j\u00e4rjest\u00e4miseksi maahamme.<\/p>\n\n\n\n<p>Koulutusp\u00e4iville osallistui useita kymmeni\u00e4 sorkkahoitajia eri puolilta maata. Keskustelujen perusteella sorkkahoitajat valitsivat kuusihenkisen ty\u00f6ryhm\u00e4n valmistelemaan oman yhdistyksen perustamista. Ryhm\u00e4\u00e4n valittiin Jorma Kauppinen Iisalmesta, Seppo Viljakainen Lohilahdesta, Aarne Pellonp\u00e4\u00e4 Per\u00e4sein\u00e4joelta, Erkki Nivala Nivalasta, Erkki Sevon Haminasta ja Pentti Harjunen Rautavaarasta. Sorkkahoitajien yhdistys perustettiinkin samana vuonna.<\/p>\n\n\n\n<p>Sorkkahoitajien peruskoulutuksen j\u00e4rjest\u00e4miseksi laadittiin Ammattikasvatushallituksen kokoaman ty\u00f6ryhm\u00e4n ty\u00f6n tuloksena &#8221;Sorkkahoitajan opetussuunnitelma&#8221;, joka julkaistiin vuonna 1987. Olisi kiinnostavaa tiet\u00e4\u00e4, toteutuiko opetussuunnitelma k\u00e4yt\u00e4nn\u00f6ss\u00e4.<\/p>\n\n\n\n<p>Sorkkahoidon ja sorkkasairauksien parissa aktiivisesti ty\u00f6skennelleet el\u00e4inl\u00e4\u00e4k\u00e4rit Jari Aho, Jouni Niemi, Veikko Tuovinen ja Hamu Saloniemi julkaisivat Suomen El\u00e4inl\u00e4\u00e4k\u00e4rilehdess\u00e4 93 (6), 1987: 248- &#8221;Sorkkasairauksien suomenkielisen nimist\u00f6n&#8221;.<\/p>\n\n\n\n<p>Sorkkahoidosta on kotiel\u00e4inhygienian laitoksella tehty joitakin syvent\u00e4vien opintojen tutkielmia. Jari Aho ja Jouni Niemi esittiv\u00e4t 1.4.1987 tutkielmansa &#8221;Nautakarjan sorkkien terveys &#8211; sorkkaterveyteen vaikuttavat tekij\u00e4t sek\u00e4 sorkkasairauksien esiintyminen ja paraneminen normaalissa sorkkahoitomateriaalissa&#8221;. Ty\u00f6ss\u00e4 tarkasteltiin 1018 naudan sorkkien terveytt\u00e4 tavanomaisen sorkkahoidon menetelmin. Marko Bogdanoffin aiheena oli &#8221;Sorkkakeng\u00e4n vaikutus lehm\u00e4n sorkan paranemiseen ja sorkkakeng\u00e4n pysyvyys lehm\u00e4n jalassa&#8221;, Matti Heikkisen &#8221;Toiminnallinen sorkkahoito: Sovellutus Suomen olosuhteisiin ja terveyskorttimerkint\u00f6jen suunnittelu sorkkahoitajille&#8221;, Tapio Laurilan &#8221;Sorkkahoidon vaikutus sonnin kasvuun kasvatuskoeasemaila&#8221; ja viimeisimp\u00e4n\u00e4 Timo Mannisen &#8221;Suomalaisen Pelma-sorkkahoitoparren ja hollantilaisen WOPA-hoitoparren etologisten ominaisuuksien vertailu&#8221;.<\/p>\n\n\n\n<p>Edell\u00e4 kuvattua sorkkahoitajien ammattitaidon lis\u00e4\u00e4mist\u00e4 ja sorkkahoidon edist\u00e4mist\u00e4 on jatkettu viime vuosina aktiivisesti Suomen Sorkkahoitajien Yhdistyksen toimesta. ELL Jouni Niemi on tehnyt merkitt\u00e4v\u00e4n ty\u00f6n tuomalla toiminnallisen sorkkahoidon opit sorkkahoitajiemme k\u00e4ytt\u00f6\u00f6n. Jouni Niemi on saanut oppinsa hollantilaiselta E. Toussaint-Ravenilta.<\/p>\n\n\n\n<p><strong>Palvelu on laatua<\/strong><br>Huolellisesti, ammattitaidolla suoritettu sorkkahoito johtaa lehm\u00e4n sorkkahoidon paranemiseen. Sen my\u00f6t\u00e4 muun muassa n\u00e4nnipolkemien vaara v\u00e4henee ja lehmien utareterveys paranee. Tuloksena on meijeriin toimitettavan maidon laadun paraneminen. Taitavien sorkkahoitajien ty\u00f6 on osaltaan edist\u00e4nyt maitomme laadun nousua EU:n huipulle.<\/p>\n\n\n\n<p>Maidontuottajat ovat entist\u00e4 osaavampia, ja samalla my\u00f6s vaativampia ostamiensa palveluiden suhteen. On kovin t\u00e4rke\u00e4\u00e4, ett\u00e4 sorkkahoitaja dokumentoi tekem\u00e4ns\u00e4 ty\u00f6n ja havaitsemansa sorkkien muutokset ja sairaudet tarkasti maidontuottajalle. Laadukkaaseen sorkkahoitopalveluun kuuluu nykyaikana kirjallinen selvitys siit\u00e4 montako sorkkaa vuoltiin, mit\u00e4 mink\u00e4kin lehm\u00e4n sorkissa havaittiin ja mit\u00e4 erityistoimia jouduttiin tekem\u00e4\u00e4n esimerkiksi sorkkasairauksien vuoksi. Hyvin tehdyst\u00e4 ja my\u00f6s hyvin raportoidusta ty\u00f6st\u00e4 on helpompi kirjoittaa my\u00f6s kunnollinen lasku!<\/p>\n\n\n\n<p>Sorkkahoitajan on luonnollista hakeutua yhteisty\u00f6h\u00f6n alueellaan ty\u00f6skentelevien el\u00e4inl\u00e4\u00e4k\u00e4reiden kanssa. Viljelij\u00e4lle on usein tarpeen ehdottaa yhteydenottoa el\u00e4inl\u00e4\u00e4k\u00e4riin sorkkasairauden hoitoa varten. Vastaavasti tiloilla k\u00e4yntej\u00e4 suorittava el\u00e4inl\u00e4\u00e4k\u00e4ri kehottaa tarvittaessa karjanomistajia tilaamaan sorkkahoitajan, jos lehmien sorkkien kunto n\u00e4ytt\u00e4\u00e4 huonolta. Ja kehotuksen antaminen on helppoa, kun tuntee ja tiet\u00e4\u00e4 ammattitaitoisen sorkkahoitajan.<\/p>\n\n\n\n<p>Nykyajan vaatimusten mukaista on kiinnitt\u00e4\u00e4 erityist\u00e4 huomiota lehmien kohteluun ja k\u00e4sittelyyn k\u00e4sittelyyn sorkkahoidon aikana. El\u00e4inten hyvinvoinnista on puhuttu ja kirjoitettu paljon. Karjanomistajatkin haluavat v\u00e4ltt\u00e4\u00e4 lehmiens\u00e4 tarpeetonta stressaantumista ja arvostavat sen vuoksi sellaista sorkkahoitajaa, joka ilman pahempia \u00e4rr\u00e4p\u00e4it\u00e4 ja sujuvasti k\u00e4sittelee lehmi\u00e4 hoitoty\u00f6t\u00e4\u00e4n tehdess\u00e4\u00e4n.<\/p>\n\n\n\n<p>Tulevaisuuden t\u00e4rke\u00e4 turva sorkkahoitajille on tietoisuus siit\u00e4, ett\u00e4 laadukkaalla palveluilla on ostajia.<\/p>\n","protected":false},"excerpt":{"rendered":"<p>Hannu Saloniemi, Helsingin yliopistoEl\u00e4inl\u00e4\u00e4ketieteellinen tieteellinen tiedekuntaKliinisen el\u00e4inl\u00e4\u00e4ketieteen laitos,PL 47, 00014 Helsingin yliopisto(09)708 49 528, fax (09)708 49 670e-mail: hannu.saloniemi@helsinki.fi Laatu on palveluaSorkkahoito on palveluammatti, sorkkahoitopalvelujen ostaminen on vapaaehtoista. Huonoa laatua ei kukaan halua ostaa, joten sorkkahoidonkin laatuun on kiinnitett\u00e4v\u00e4 huomiota. Sorkkahoidon laatua onkin monin tavoin kehitetty t\u00e4ss\u00e4 maassa. Seuraavassa er\u00e4it\u00e4 omia muistikuviani 1970-luvun alusta SSHY:n [&hellip;]<\/p>\n","protected":false},"author":1,"featured_media":0,"parent":0,"menu_order":0,"comment_status":"closed","ping_status":"closed","template":"template-full-width.php","meta":{"footnotes":""},"yoast_head":"<!-- This site is optimized with the Yoast SEO plugin v18.8 - https:\/\/yoast.com\/wordpress\/plugins\/seo\/ -->\n<title>Laatu on palvelua, palvelu on laatua - SSHY Suomen Sorkkahoitajat<\/title>\n<meta name=\"robots\" content=\"index, follow, max-snippet:-1, max-image-preview:large, max-video-preview:-1\" \/>\n<link rel=\"canonical\" href=\"https:\/\/dev.sorkkahoitajat.fi\/?page_id=158\" \/>\n<meta property=\"og:locale\" content=\"fi_FI\" \/>\n<meta property=\"og:type\" content=\"article\" \/>\n<meta property=\"og:title\" content=\"Laatu on palvelua, palvelu on laatua - SSHY Suomen Sorkkahoitajat\" \/>\n<meta property=\"og:description\" content=\"Hannu Saloniemi, Helsingin yliopistoEl\u00e4inl\u00e4\u00e4ketieteellinen tieteellinen tiedekuntaKliinisen el\u00e4inl\u00e4\u00e4ketieteen laitos,PL 47, 00014 Helsingin yliopisto(09)708 49 528, fax (09)708 49 670e-mail: hannu.saloniemi@helsinki.fi Laatu on palveluaSorkkahoito on palveluammatti, sorkkahoitopalvelujen ostaminen on vapaaehtoista. Huonoa laatua ei kukaan halua ostaa, joten sorkkahoidonkin laatuun on kiinnitett\u00e4v\u00e4 huomiota. Sorkkahoidon laatua onkin monin tavoin kehitetty t\u00e4ss\u00e4 maassa. Seuraavassa er\u00e4it\u00e4 omia muistikuviani 1970-luvun alusta SSHY:n [&hellip;]\" \/>\n<meta property=\"og:url\" content=\"https:\/\/dev.sorkkahoitajat.fi\/?page_id=158\" \/>\n<meta property=\"og:site_name\" content=\"SSHY Suomen Sorkkahoitajat\" \/>\n<meta property=\"article:modified_time\" content=\"2022-07-19T10:45:32+00:00\" \/>\n<meta name=\"twitter:card\" content=\"summary_large_image\" \/>\n<meta name=\"twitter:label1\" content=\"Arvioitu lukuaika\" \/>\n\t<meta name=\"twitter:data1\" content=\"6 minuuttia\" \/>\n<script type=\"application\/ld+json\" class=\"yoast-schema-graph\">{\"@context\":\"https:\/\/schema.org\",\"@graph\":[{\"@type\":\"WebSite\",\"@id\":\"https:\/\/dev.sorkkahoitajat.fi\/#website\",\"url\":\"https:\/\/dev.sorkkahoitajat.fi\/\",\"name\":\"SSHY Suomen Sorkkahoitajat\",\"description\":\"\",\"potentialAction\":[{\"@type\":\"SearchAction\",\"target\":{\"@type\":\"EntryPoint\",\"urlTemplate\":\"https:\/\/dev.sorkkahoitajat.fi\/?s={search_term_string}\"},\"query-input\":\"required name=search_term_string\"}],\"inLanguage\":\"fi\"},{\"@type\":\"WebPage\",\"@id\":\"https:\/\/dev.sorkkahoitajat.fi\/?page_id=158#webpage\",\"url\":\"https:\/\/dev.sorkkahoitajat.fi\/?page_id=158\",\"name\":\"Laatu on palvelua, palvelu on laatua - SSHY Suomen Sorkkahoitajat\",\"isPartOf\":{\"@id\":\"https:\/\/dev.sorkkahoitajat.fi\/#website\"},\"datePublished\":\"2022-07-19T10:23:32+00:00\",\"dateModified\":\"2022-07-19T10:45:32+00:00\",\"breadcrumb\":{\"@id\":\"https:\/\/dev.sorkkahoitajat.fi\/?page_id=158#breadcrumb\"},\"inLanguage\":\"fi\",\"potentialAction\":[{\"@type\":\"ReadAction\",\"target\":[\"https:\/\/dev.sorkkahoitajat.fi\/?page_id=158\"]}]},{\"@type\":\"BreadcrumbList\",\"@id\":\"https:\/\/dev.sorkkahoitajat.fi\/?page_id=158#breadcrumb\",\"itemListElement\":[{\"@type\":\"ListItem\",\"position\":1,\"name\":\"Etusivu\",\"item\":\"https:\/\/dev.sorkkahoitajat.fi\/\"},{\"@type\":\"ListItem\",\"position\":2,\"name\":\"Laatu on palvelua, palvelu on laatua\"}]}]}<\/script>\n<!-- \/ Yoast SEO plugin. -->","yoast_head_json":{"title":"Laatu on palvelua, palvelu on laatua - SSHY Suomen Sorkkahoitajat","robots":{"index":"index","follow":"follow","max-snippet":"max-snippet:-1","max-image-preview":"max-image-preview:large","max-video-preview":"max-video-preview:-1"},"canonical":"https:\/\/dev.sorkkahoitajat.fi\/?page_id=158","og_locale":"fi_FI","og_type":"article","og_title":"Laatu on palvelua, palvelu on laatua - SSHY Suomen Sorkkahoitajat","og_description":"Hannu Saloniemi, Helsingin yliopistoEl\u00e4inl\u00e4\u00e4ketieteellinen tieteellinen tiedekuntaKliinisen el\u00e4inl\u00e4\u00e4ketieteen laitos,PL 47, 00014 Helsingin yliopisto(09)708 49 528, fax (09)708 49 670e-mail: hannu.saloniemi@helsinki.fi Laatu on palveluaSorkkahoito on palveluammatti, sorkkahoitopalvelujen ostaminen on vapaaehtoista. Huonoa laatua ei kukaan halua ostaa, joten sorkkahoidonkin laatuun on kiinnitett\u00e4v\u00e4 huomiota. Sorkkahoidon laatua onkin monin tavoin kehitetty t\u00e4ss\u00e4 maassa. Seuraavassa er\u00e4it\u00e4 omia muistikuviani 1970-luvun alusta SSHY:n [&hellip;]","og_url":"https:\/\/dev.sorkkahoitajat.fi\/?page_id=158","og_site_name":"SSHY Suomen Sorkkahoitajat","article_modified_time":"2022-07-19T10:45:32+00:00","twitter_card":"summary_large_image","twitter_misc":{"Arvioitu lukuaika":"6 minuuttia"},"schema":{"@context":"https:\/\/schema.org","@graph":[{"@type":"WebSite","@id":"https:\/\/dev.sorkkahoitajat.fi\/#website","url":"https:\/\/dev.sorkkahoitajat.fi\/","name":"SSHY Suomen Sorkkahoitajat","description":"","potentialAction":[{"@type":"SearchAction","target":{"@type":"EntryPoint","urlTemplate":"https:\/\/dev.sorkkahoitajat.fi\/?s={search_term_string}"},"query-input":"required name=search_term_string"}],"inLanguage":"fi"},{"@type":"WebPage","@id":"https:\/\/dev.sorkkahoitajat.fi\/?page_id=158#webpage","url":"https:\/\/dev.sorkkahoitajat.fi\/?page_id=158","name":"Laatu on palvelua, palvelu on laatua - SSHY Suomen Sorkkahoitajat","isPartOf":{"@id":"https:\/\/dev.sorkkahoitajat.fi\/#website"},"datePublished":"2022-07-19T10:23:32+00:00","dateModified":"2022-07-19T10:45:32+00:00","breadcrumb":{"@id":"https:\/\/dev.sorkkahoitajat.fi\/?page_id=158#breadcrumb"},"inLanguage":"fi","potentialAction":[{"@type":"ReadAction","target":["https:\/\/dev.sorkkahoitajat.fi\/?page_id=158"]}]},{"@type":"BreadcrumbList","@id":"https:\/\/dev.sorkkahoitajat.fi\/?page_id=158#breadcrumb","itemListElement":[{"@type":"ListItem","position":1,"name":"Etusivu","item":"https:\/\/dev.sorkkahoitajat.fi\/"},{"@type":"ListItem","position":2,"name":"Laatu on palvelua, palvelu on laatua"}]}]}},"_links":{"self":[{"href":"https:\/\/dev.sorkkahoitajat.fi\/index.php?rest_route=\/wp\/v2\/pages\/158"}],"collection":[{"href":"https:\/\/dev.sorkkahoitajat.fi\/index.php?rest_route=\/wp\/v2\/pages"}],"about":[{"href":"https:\/\/dev.sorkkahoitajat.fi\/index.php?rest_route=\/wp\/v2\/types\/page"}],"author":[{"embeddable":true,"href":"https:\/\/dev.sorkkahoitajat.fi\/index.php?rest_route=\/wp\/v2\/users\/1"}],"replies":[{"embeddable":true,"href":"https:\/\/dev.sorkkahoitajat.fi\/index.php?rest_route=%2Fwp%2Fv2%2Fcomments&post=158"}],"version-history":[{"count":1,"href":"https:\/\/dev.sorkkahoitajat.fi\/index.php?rest_route=\/wp\/v2\/pages\/158\/revisions"}],"predecessor-version":[{"id":159,"href":"https:\/\/dev.sorkkahoitajat.fi\/index.php?rest_route=\/wp\/v2\/pages\/158\/revisions\/159"}],"wp:attachment":[{"href":"https:\/\/dev.sorkkahoitajat.fi\/index.php?rest_route=%2Fwp%2Fv2%2Fmedia&parent=158"}],"curies":[{"name":"wp","href":"https:\/\/api.w.org\/{rel}","templated":true}]}}