{"id":160,"date":"2022-07-19T10:24:54","date_gmt":"2022-07-19T10:24:54","guid":{"rendered":"https:\/\/dev.sorkkahoitajat.fi\/?page_id=160"},"modified":"2022-07-19T10:45:51","modified_gmt":"2022-07-19T10:45:51","slug":"sorkkataudit","status":"publish","type":"page","link":"https:\/\/dev.sorkkahoitajat.fi\/?page_id=160","title":{"rendered":"Pellervo elokuu 1920 &#8211; 2"},"content":{"rendered":"\n<p>Sorkkataudit.<br>Sorkat puhdistetaan tarkoin liasta, hautaan kreoliinivedest\u00e4 tehdyll\u00e4 hauteella, mink\u00e4 j\u00e4lkeen niiss\u00e4 olevat haawat eli m\u00e4t\u00e4pes\u00e4t hoidetaan, kuten niist\u00e4 on kerrottu. Kun haawat ja m\u00e4t\u00e4pes\u00e4t ovat parantuneet, sidotaan k\u00e4\u00e4reet sorkkiin ja sivell\u00e4\u00e4n ne terwalla.<\/p>\n","protected":false},"excerpt":{"rendered":"<p>Sorkkataudit.Sorkat puhdistetaan tarkoin liasta, hautaan kreoliinivedest\u00e4 tehdyll\u00e4 hauteella, mink\u00e4 j\u00e4lkeen niiss\u00e4 olevat haawat eli m\u00e4t\u00e4pes\u00e4t hoidetaan, kuten niist\u00e4 on kerrottu. Kun haawat ja m\u00e4t\u00e4pes\u00e4t ovat parantuneet, sidotaan k\u00e4\u00e4reet sorkkiin ja sivell\u00e4\u00e4n ne terwalla.<\/p>\n","protected":false},"author":1,"featured_media":0,"parent":0,"menu_order":0,"comment_status":"closed","ping_status":"closed","template":"template-full-width.php","meta":{"footnotes":""},"yoast_head":"<!-- This site is optimized with the Yoast SEO plugin v18.8 - https:\/\/yoast.com\/wordpress\/plugins\/seo\/ -->\n<title>Pellervo elokuu 1920 - 2 - SSHY Suomen Sorkkahoitajat<\/title>\n<meta name=\"robots\" content=\"index, follow, max-snippet:-1, max-image-preview:large, max-video-preview:-1\" \/>\n<link rel=\"canonical\" href=\"https:\/\/dev.sorkkahoitajat.fi\/?page_id=160\" \/>\n<meta property=\"og:locale\" content=\"fi_FI\" \/>\n<meta property=\"og:type\" content=\"article\" \/>\n<meta property=\"og:title\" content=\"Pellervo elokuu 1920 - 2 - SSHY Suomen Sorkkahoitajat\" \/>\n<meta property=\"og:description\" content=\"Sorkkataudit.Sorkat puhdistetaan tarkoin liasta, hautaan kreoliinivedest\u00e4 tehdyll\u00e4 hauteella, mink\u00e4 j\u00e4lkeen niiss\u00e4 olevat haawat eli m\u00e4t\u00e4pes\u00e4t hoidetaan, kuten niist\u00e4 on kerrottu. Kun haawat ja m\u00e4t\u00e4pes\u00e4t ovat parantuneet, sidotaan k\u00e4\u00e4reet sorkkiin ja sivell\u00e4\u00e4n ne terwalla.\" \/>\n<meta property=\"og:url\" content=\"https:\/\/dev.sorkkahoitajat.fi\/?page_id=160\" \/>\n<meta property=\"og:site_name\" content=\"SSHY Suomen Sorkkahoitajat\" \/>\n<meta property=\"article:modified_time\" content=\"2022-07-19T10:45:51+00:00\" \/>\n<meta name=\"twitter:card\" content=\"summary_large_image\" \/>\n<meta name=\"twitter:label1\" content=\"Arvioitu lukuaika\" \/>\n\t<meta name=\"twitter:data1\" content=\"1 minuutti\" \/>\n<script type=\"application\/ld+json\" class=\"yoast-schema-graph\">{\"@context\":\"https:\/\/schema.org\",\"@graph\":[{\"@type\":\"WebSite\",\"@id\":\"https:\/\/dev.sorkkahoitajat.fi\/#website\",\"url\":\"https:\/\/dev.sorkkahoitajat.fi\/\",\"name\":\"SSHY Suomen Sorkkahoitajat\",\"description\":\"\",\"potentialAction\":[{\"@type\":\"SearchAction\",\"target\":{\"@type\":\"EntryPoint\",\"urlTemplate\":\"https:\/\/dev.sorkkahoitajat.fi\/?s={search_term_string}\"},\"query-input\":\"required name=search_term_string\"}],\"inLanguage\":\"fi\"},{\"@type\":\"WebPage\",\"@id\":\"https:\/\/dev.sorkkahoitajat.fi\/?page_id=160#webpage\",\"url\":\"https:\/\/dev.sorkkahoitajat.fi\/?page_id=160\",\"name\":\"Pellervo elokuu 1920 - 2 - SSHY Suomen Sorkkahoitajat\",\"isPartOf\":{\"@id\":\"https:\/\/dev.sorkkahoitajat.fi\/#website\"},\"datePublished\":\"2022-07-19T10:24:54+00:00\",\"dateModified\":\"2022-07-19T10:45:51+00:00\",\"breadcrumb\":{\"@id\":\"https:\/\/dev.sorkkahoitajat.fi\/?page_id=160#breadcrumb\"},\"inLanguage\":\"fi\",\"potentialAction\":[{\"@type\":\"ReadAction\",\"target\":[\"https:\/\/dev.sorkkahoitajat.fi\/?page_id=160\"]}]},{\"@type\":\"BreadcrumbList\",\"@id\":\"https:\/\/dev.sorkkahoitajat.fi\/?page_id=160#breadcrumb\",\"itemListElement\":[{\"@type\":\"ListItem\",\"position\":1,\"name\":\"Etusivu\",\"item\":\"https:\/\/dev.sorkkahoitajat.fi\/\"},{\"@type\":\"ListItem\",\"position\":2,\"name\":\"Pellervo elokuu 1920 &#8211; 2\"}]}]}<\/script>\n<!-- \/ Yoast SEO plugin. -->","yoast_head_json":{"title":"Pellervo elokuu 1920 - 2 - SSHY Suomen Sorkkahoitajat","robots":{"index":"index","follow":"follow","max-snippet":"max-snippet:-1","max-image-preview":"max-image-preview:large","max-video-preview":"max-video-preview:-1"},"canonical":"https:\/\/dev.sorkkahoitajat.fi\/?page_id=160","og_locale":"fi_FI","og_type":"article","og_title":"Pellervo elokuu 1920 - 2 - SSHY Suomen Sorkkahoitajat","og_description":"Sorkkataudit.Sorkat puhdistetaan tarkoin liasta, hautaan kreoliinivedest\u00e4 tehdyll\u00e4 hauteella, mink\u00e4 j\u00e4lkeen niiss\u00e4 olevat haawat eli m\u00e4t\u00e4pes\u00e4t hoidetaan, kuten niist\u00e4 on kerrottu. Kun haawat ja m\u00e4t\u00e4pes\u00e4t ovat parantuneet, sidotaan k\u00e4\u00e4reet sorkkiin ja sivell\u00e4\u00e4n ne terwalla.","og_url":"https:\/\/dev.sorkkahoitajat.fi\/?page_id=160","og_site_name":"SSHY Suomen Sorkkahoitajat","article_modified_time":"2022-07-19T10:45:51+00:00","twitter_card":"summary_large_image","twitter_misc":{"Arvioitu lukuaika":"1 minuutti"},"schema":{"@context":"https:\/\/schema.org","@graph":[{"@type":"WebSite","@id":"https:\/\/dev.sorkkahoitajat.fi\/#website","url":"https:\/\/dev.sorkkahoitajat.fi\/","name":"SSHY Suomen Sorkkahoitajat","description":"","potentialAction":[{"@type":"SearchAction","target":{"@type":"EntryPoint","urlTemplate":"https:\/\/dev.sorkkahoitajat.fi\/?s={search_term_string}"},"query-input":"required name=search_term_string"}],"inLanguage":"fi"},{"@type":"WebPage","@id":"https:\/\/dev.sorkkahoitajat.fi\/?page_id=160#webpage","url":"https:\/\/dev.sorkkahoitajat.fi\/?page_id=160","name":"Pellervo elokuu 1920 - 2 - SSHY Suomen Sorkkahoitajat","isPartOf":{"@id":"https:\/\/dev.sorkkahoitajat.fi\/#website"},"datePublished":"2022-07-19T10:24:54+00:00","dateModified":"2022-07-19T10:45:51+00:00","breadcrumb":{"@id":"https:\/\/dev.sorkkahoitajat.fi\/?page_id=160#breadcrumb"},"inLanguage":"fi","potentialAction":[{"@type":"ReadAction","target":["https:\/\/dev.sorkkahoitajat.fi\/?page_id=160"]}]},{"@type":"BreadcrumbList","@id":"https:\/\/dev.sorkkahoitajat.fi\/?page_id=160#breadcrumb","itemListElement":[{"@type":"ListItem","position":1,"name":"Etusivu","item":"https:\/\/dev.sorkkahoitajat.fi\/"},{"@type":"ListItem","position":2,"name":"Pellervo elokuu 1920 &#8211; 2"}]}]}},"_links":{"self":[{"href":"https:\/\/dev.sorkkahoitajat.fi\/index.php?rest_route=\/wp\/v2\/pages\/160"}],"collection":[{"href":"https:\/\/dev.sorkkahoitajat.fi\/index.php?rest_route=\/wp\/v2\/pages"}],"about":[{"href":"https:\/\/dev.sorkkahoitajat.fi\/index.php?rest_route=\/wp\/v2\/types\/page"}],"author":[{"embeddable":true,"href":"https:\/\/dev.sorkkahoitajat.fi\/index.php?rest_route=\/wp\/v2\/users\/1"}],"replies":[{"embeddable":true,"href":"https:\/\/dev.sorkkahoitajat.fi\/index.php?rest_route=%2Fwp%2Fv2%2Fcomments&post=160"}],"version-history":[{"count":2,"href":"https:\/\/dev.sorkkahoitajat.fi\/index.php?rest_route=\/wp\/v2\/pages\/160\/revisions"}],"predecessor-version":[{"id":175,"href":"https:\/\/dev.sorkkahoitajat.fi\/index.php?rest_route=\/wp\/v2\/pages\/160\/revisions\/175"}],"wp:attachment":[{"href":"https:\/\/dev.sorkkahoitajat.fi\/index.php?rest_route=%2Fwp%2Fv2%2Fmedia&parent=160"}],"curies":[{"name":"wp","href":"https:\/\/api.w.org\/{rel}","templated":true}]}}