{"id":162,"date":"2022-07-19T10:26:11","date_gmt":"2022-07-19T10:26:11","guid":{"rendered":"https:\/\/dev.sorkkahoitajat.fi\/?page_id=162"},"modified":"2022-07-19T10:46:09","modified_gmt":"2022-07-19T10:46:09","slug":"pellervo-5-11-1931","status":"publish","type":"page","link":"https:\/\/dev.sorkkahoitajat.fi\/?page_id=162","title":{"rendered":"Pellervo, 5.11.1931"},"content":{"rendered":"\n<p>Meid\u00e4n t\u00e4ytynee avoimesti tunnustaa, ett\u00e4 me yleens\u00e4 kiinnit\u00e4mme herttisen v\u00e4h\u00e4n huomiota lehmien sorkkien hoitoon. Jos olemme kerran vuodessa sadatellen katkoneet pisimm\u00e4t sorkkien p\u00e4\u00e4t, katsomme jo tehneemme riitt\u00e4v\u00e4sti ja luonto saa pit\u00e4\u00e4 huolen lopusta. Kuitenkin kaikitenkin meill\u00e4 harrastetaan lypsykarjanpitoa ja yritet\u00e4\u00e4n edullisia maitosaavutuksia ja meid\u00e4n tulisi n\u00e4inollen tehd\u00e4 kaikkemme lehm\u00e4n hyvinvoinnin hyv\u00e4ksi, sill\u00e4 tied\u00e4mmeh\u00e4n, ett\u00e4 lehm\u00e4n tuottoisuus riippuu sen hyvinvoinnista. Emme ehk\u00e4 aina tule ajatelleeksi, ett\u00e4 lehm\u00e4n hyvinvoinnilla ja sorkkien hoidolla on yhteytens\u00e4. Asia on nimitt\u00e4in niin, ett\u00e4 huonosorkkainen lehm\u00e4 ei ikin\u00e4 tuota niin paljon, mit\u00e4 se tuottaisi tervesorkkaisena. Siit\u00e4 ei p\u00e4\u00e4st\u00e4 yli eik\u00e4 ymp\u00e4ri.<\/p>\n\n\n\n<p>Kun meill\u00e4 pitk\u00e4n ja kylm\u00e4n talven vuoksi lehm\u00e4t yleens\u00e4 joutuvat suurimman osan vuotta seisomaan kytkettyin\u00e4 paikallaan, on luonnollista, ett\u00e4 sorkat, joiden rustot aina kasvavat, eiv\u00e4t kulu samalla tavalla kuin sil- loin, jos lehm\u00e4 olisi laitumella. Sorkat kuluvat navetassa v\u00e4hemm\u00e4n kuin mit\u00e4 ne kasvavat ja seurauksena on, ett\u00e4 kuluminen on ep\u00e4tasaista ja rustoa alkaa ker\u00e4\u00e4nty\u00e4 liiaksi, ep\u00e4muodostaen sorkan. T\u00e4st\u00e4 taas on seurauksena, ett\u00e4 lehm\u00e4n jalka-asento k\u00e4y vialliseksi, sille tulee vaikeaksi k\u00e4vell\u00e4 ja raskaaksi seist\u00e4, se liukastuu helposti yl\u00f6snoustessaan. Lehm\u00e4 tulee heikoksi jaloistaan, kuten sanotaan, se t\u00e4risee seistess\u00e4\u00e4n ja se lyps\u00e4\u00e4 v\u00e4hemm\u00e4n kuin tervesorkkaisena. Usein se sairastuu ven\u00e4hdyksiin, nyrj\u00e4hdyksiin, revehtymisiin ym. ja monesti saamme lopulta teurastaa lehm\u00e4n, joka ei en\u00e4\u00e4 p\u00e4\u00e4se jaloilleen. Joskin t\u00e4ss\u00e4 on osansa muillakin olosuhteilla: hoidolla, navetalla, ruokinnalla, taudeilla ym., on kuitenkin sorkkien hoitokin muuan t\u00e4rke\u00e4 tekij\u00e4, joka paljon vaikuttaa asiaan.<\/p>\n\n\n\n<p>Meid\u00e4n tulee pit\u00e4\u00e4 sorkat puhtaina. T\u00e4m\u00e4n saavutamme siten, ett\u00e4 huolehdimme tarkoituksenmukaisista alusista, kunnallisesta navetan lattiasta ja aika-ajoittain pesemme sorkat. Pesu voi tapahtua harjalla ja vett\u00e4 kaatamalla. L\u00e4mpim\u00e4n\u00e4 aikana voimme esimerkiksi vied\u00e4 el\u00e4imen l\u00e4himm\u00e4n j\u00e4rven rantaan t\u00e4t\u00e4 varten ja talvella voimme ehk\u00e4 sopivan ilman sattuessa antaa lehm\u00e4n jonkun aikaa k\u00e4vell\u00e4 lumessa. Puhdistus ei kuitenkaan oikein onnistu, ellei sorkka ole s\u00e4\u00e4nn\u00f6llinen ja liikarustosta vapaa. Meid\u00e4n siis t\u00e4ytyy sit\u00e4 vuolla.<\/p>\n\n\n\n<p>Ken on ollut tekemisiss\u00e4 sorkkien leikkuun kanssa, h\u00e4n tiet\u00e4\u00e4, mik\u00e4 ty\u00f6 siin\u00e4 tavallisesti on. Ennenkaikkea vaaditaan siin\u00e4 k\u00e4rsiv\u00e4llisyytt\u00e4. Lehm\u00e4 voi olla kuin &#8221;paholaisen riivaama&#8221;. Ne, jotka j\u00e4rjestelm\u00e4llisesti sorkkahoitoa harjoittavat, toteavat kuitenkin yksimielisesti, ett\u00e4 sorkkien vuoleminen ei ole ollenkaan niin kiusallinen teht\u00e4v\u00e4, jos el\u00e4imi\u00e4 jo pienest\u00e4 alkaen on totutettu antamaan nostaa jalkojaan. Samalla tavalla kuin v\u00e4hitellen totutamme varsoja pit\u00e4m\u00e4\u00e4n jalkaansa ylh\u00e4\u00e4ll\u00e4, pit\u00e4isi meid\u00e4n tututtaa hiehoja.<\/p>\n\n\n\n<p>Sorkkia olisi vuoltava kahdesti vuodessa. Nyt syksyll\u00e4 lehmi\u00e4 lopullisesti navettaan otettaessa olisi tarkistettava, ovatko niiden sorkat kes\u00e4n kuluessa kuluneet ep\u00e4tasaisesti, jolloin ne on vuoltava s\u00e4\u00e4nn\u00f6llisiksi. Kev\u00e4ttalvella, ennenkuin el\u00e4imet lasketaan laitumelle, tapahtuu toinen vuoleminen. \u00c4lk\u00f6\u00f6n niit\u00e4 kuitenkaan vuoltako v\u00e4litt\u00f6m\u00e4sti ennen laitumelle laskemista, vaan jo kuukautta aikaisemmin, sill\u00e4 sorkat ovat usein vuolemisen j\u00e4lkeen, jos lehm\u00e4 joutuu paljon k\u00e4velem\u00e4\u00e4n, arat.<\/p>\n\n\n\n<p>Oikein vuollut etujalkojen sorkat ovat molemmat yhdess\u00e4 verrattain s\u00e4\u00e4nn\u00f6llisen py\u00f6re\u00e4t; takajalkojen taas enemm\u00e4n pitkulaiset, syd\u00e4menmuotoiset. Ei voi tarkalleen sanoa, kuinka paljon sorkkien k\u00e4rjist\u00e4 on poistettava; t\u00e4m\u00e4 riippuu kustakin yksityisest\u00e4 tapauksesta, siis sorkkien rakenteesta. 2-3 cm on tavallinen mitta. My\u00f6sk\u00e4\u00e4n ei voi mitoilla m\u00e4\u00e4r\u00e4t\u00e4, kuinka paljon kannatinreunasta ja pohjasta on vuoltava. Kovin paksu ei pohja tavallisesti ole eik\u00e4 sit\u00e4 pid\u00e4 ohentaa enint\u00e4\u00e4n kuin sen verran, ett\u00e4 voimakkaasti peukalla puristettaessa huomataan sen antavan jonkunverran per\u00e4\u00e4n. Kannatinreunan tulee aina olla samassa tasossa kuin pohjan. My\u00f6skin sorkan sis\u00e4syrj\u00e4t voidaan ohuesti vuolla, ainakin sen verran, ett\u00e4 sorkkav\u00e4li saadaan puhtaaksi ja s\u00e4\u00e4nn\u00f6lliseksi sek\u00e4 irtorusto pois. Hyvin vuoltu sorkka pohjaa kauttaaltaan maahan.<\/p>\n\n\n\n<p>Sorkkien lyhent\u00e4misess\u00e4 k\u00e4ytet\u00e4\u00e4n sorkkarautoja, saksia, sahaa, iskurautaa ym. Sorkkarauta on suuren meisselin tapainen, pitk\u00e4ll\u00e4 puuvarrella varustettu ter\u00e4v\u00e4 rauta, jonka p\u00e4\u00e4h\u00e4n ly\u00f6d\u00e4\u00e4n joko vasaralla tai kirveell\u00e4. Kirvest\u00e4 k\u00e4ytett\u00e4ess\u00e4 tulee aina asettaa sorkan alle tasainen laudanp\u00e4tk\u00e4. Sorkan tasaisesti lyhetess\u00e4 laudalta voidaan sorkka lyhent\u00e4\u00e4 yhdell\u00e4 iskulla. Vaarattomampi, mutta hitaampi keino on sahan k\u00e4ytt\u00f6. My\u00f6s t\u00e4ll\u00f6in asetetaan lauta sorkan alle ja tavallisella kirvesmiehen sahalla sahataan sorkan k\u00e4rjet. Viel\u00e4 paremmat ovat erikoiset sorkkasakset, joilla sorkat voidaan lyhent\u00e4\u00e4 hyvin helposti ja vaivattomasti.<\/p>\n\n\n\n<p>Itse toimitus on aina suoritettava ilman pakkoa. El\u00e4in kiinnitet\u00e4\u00e4n verrattain l\u00e4helle p\u00f6yt\u00e4\u00e4 ja jotta se ei k\u00e4\u00e4ntelisi, voidaan k\u00e4yt\u00e4v\u00e4n pitk\u00e4 puomi sijoittaa p\u00f6yd\u00e4lt\u00e4 k\u00e4yt\u00e4v\u00e4lle. Takajalkoja nostettaessa ei niit\u00e4 saa nostaa liian korkealle eik\u00e4 niit\u00e4 saa pit\u00e4\u00e4 vain heikosti k\u00e4sill\u00e4 kiinni, vaan on asetuttava lehm\u00e4n taakse kuten hevosellakin, ja tulee lehm\u00e4n saada nojata takajalkaansa nostajan reiteen, kuten hevonen nojaa sit\u00e4 kengitett\u00e4ess\u00e4. Hyv\u00e4 on lis\u00e4ksi asettaa puup\u00f6lkky takajalan kohdalle siten, ett\u00e4 yl\u00f6snostetun jalan sorkka voi k\u00e4rjell\u00e4\u00e4n nojata p\u00f6lkkyyn. N\u00e4in sorkka pysyy paikallaan ja sorkkapohjan vuoleminen kavioveitsell\u00e4 tai suurella iskuveitsell\u00e4 voi vaivatta tapahtua. Kun etusorkkia k\u00e4sitell\u00e4\u00e4n nostetaan jalka taas varovaisesti, pannaan nostajan v\u00e4liin ja nostaja ottaa sitten varovasti lis\u00e4sorkkien kohdalta kiinni ja asettaa j\u00e4lleen sorkan p\u00f6lkyn varaan siten, ett\u00e4 sorkan k\u00e4rki nojaa p\u00f6lkkyyn.<\/p>\n\n\n\n<p>On kuitenkin, kuten tunnettua, sellaisia yksil\u00f6it\u00e4, joista t\u00e4ss\u00e4 ty\u00f6ss\u00e4 ei helposti selvi\u00e4. Vaikka kuinka kauniisti yritt\u00e4isi toimituksen suorittaa, ei el\u00e4in rauhoitu, vaan potkii ja temmelt\u00e4\u00e4 niin, ettei vuolemisesta tule mit\u00e4\u00e4n. Silloin t\u00e4ytyy kyll\u00e4 turvautua pakkokeinoihin, jotka kuitenkaan eiv\u00e4t saa olla liian rajuja.<\/p>\n\n\n\n<p>El\u00e4in sidotaan lyhyelti kiinni; puomi on edelleen hyv\u00e4 olemassa. Yksi apulainen tarttuu ehk\u00e4 el\u00e4imen sieraimiin, toinen sitoo silmukan etujalan vuohiseen ja heitt\u00e4\u00e4 k\u00f6yden sel\u00e4n yli pit\u00e4en jalkaa toiselta puolen k\u00f6ydell\u00e4 ylh\u00e4\u00e4ll\u00e4 kolmannen apulaisen pit\u00e4ess\u00e4 vahvasti k\u00e4sin etujalasta. Ellei n\u00e4ink\u00e4\u00e4n p\u00e4\u00e4st\u00e4 tulokseen, voidaan varovaisesti koettaa etujalkanarua, jota k\u00e4ytet\u00e4\u00e4n siten, ett\u00e4 k\u00f6ydenp\u00e4tk\u00e4 tuetaan kyyn\u00e4rnivelen ja etupolven keskiv\u00e4lille. Se pingoitetaan kiert\u00e4m\u00e4ll\u00e4 puukapulaa. Toisilla el\u00e4imill\u00e4 t\u00e4m\u00e4 heti auttaa, toisilla ei ollenkaan, jolloin tietenkin keinosta on heti luovuttava. Narua k\u00e4ytet\u00e4\u00e4n tietysti siin\u00e4 jalassa, jota k\u00e4sitell\u00e4\u00e4n. Jos on kyseess\u00e4 takajalka, voidaan liian potkiminen est\u00e4\u00e4 sitomalla k\u00f6ysisilmukka molempien jalkojen kinnernivelen yl\u00e4puolelle. Ellei t\u00e4m\u00e4 auta, voidaan takajalassakin k\u00e4ytt\u00e4\u00e4 jarrua kinnernivelen yl\u00e4puolella, mutta ennen sit\u00e4 olisi kuitenkin syyt\u00e4 koettaa nostokankea, j\u00f6loin kanki pujotetaan takaraajojen v\u00e4list\u00e4 kinnernivelen etupuoleita ja pari vahvaa miest\u00e4 nostaa kangesta jalan, samalla kun k\u00f6ydell\u00e4 kierret\u00e4\u00e4n kinnernivel sek\u00e4 nivelen yl\u00e4- ett\u00e4 alapuolelta mahdollisimman kire\u00e4lle kankeen kiinni. Hyvin vaikeasti k\u00e4sitelt\u00e4v\u00e4t el\u00e4imet on monasti k\u00e4sitelt\u00e4v\u00e4 ns. pakkopilttuissa.<\/p>\n\n\n\n<p>Yleens\u00e4 t\u00e4ytyy nimenomaan teroittaa, ett\u00e4 sorkkien vuoleminen ei saa muodostua ihmisten ja el\u00e4inten kiusaamiseksi, sill\u00e4 silloin voi vuolemisesta olla vahinkoa. Lehm\u00e4 ehtyy, loukkaa itsens\u00e4 ym. Tottuneet sorkkien hoitajat saavat tavallisesti toimituksen sujumaan ilman mink\u00e4\u00e4nlaista h\u00e4lin\u00e4\u00e4 ja tappelua. Ja jos sorkkien hoito voidaan n\u00e4in toimittaa, koituu siit\u00e4 se hy\u00f6ty, jota t\u00e4ll\u00e4 toimituksella tavoitellaankin.<\/p>\n","protected":false},"excerpt":{"rendered":"<p>Meid\u00e4n t\u00e4ytynee avoimesti tunnustaa, ett\u00e4 me yleens\u00e4 kiinnit\u00e4mme herttisen v\u00e4h\u00e4n huomiota lehmien sorkkien hoitoon. Jos olemme kerran vuodessa sadatellen katkoneet pisimm\u00e4t sorkkien p\u00e4\u00e4t, katsomme jo tehneemme riitt\u00e4v\u00e4sti ja luonto saa pit\u00e4\u00e4 huolen lopusta. Kuitenkin kaikitenkin meill\u00e4 harrastetaan lypsykarjanpitoa ja yritet\u00e4\u00e4n edullisia maitosaavutuksia ja meid\u00e4n tulisi n\u00e4inollen tehd\u00e4 kaikkemme lehm\u00e4n hyvinvoinnin hyv\u00e4ksi, sill\u00e4 tied\u00e4mmeh\u00e4n, ett\u00e4 lehm\u00e4n [&hellip;]<\/p>\n","protected":false},"author":1,"featured_media":0,"parent":0,"menu_order":0,"comment_status":"closed","ping_status":"closed","template":"template-full-width.php","meta":{"footnotes":""},"yoast_head":"<!-- This site is optimized with the Yoast SEO plugin v18.8 - https:\/\/yoast.com\/wordpress\/plugins\/seo\/ -->\n<title>Pellervo, 5.11.1931 - SSHY Suomen Sorkkahoitajat<\/title>\n<meta name=\"robots\" content=\"index, follow, max-snippet:-1, max-image-preview:large, max-video-preview:-1\" \/>\n<link rel=\"canonical\" href=\"https:\/\/dev.sorkkahoitajat.fi\/?page_id=162\" \/>\n<meta property=\"og:locale\" content=\"fi_FI\" \/>\n<meta property=\"og:type\" content=\"article\" \/>\n<meta property=\"og:title\" content=\"Pellervo, 5.11.1931 - SSHY Suomen Sorkkahoitajat\" \/>\n<meta property=\"og:description\" content=\"Meid\u00e4n t\u00e4ytynee avoimesti tunnustaa, ett\u00e4 me yleens\u00e4 kiinnit\u00e4mme herttisen v\u00e4h\u00e4n huomiota lehmien sorkkien hoitoon. Jos olemme kerran vuodessa sadatellen katkoneet pisimm\u00e4t sorkkien p\u00e4\u00e4t, katsomme jo tehneemme riitt\u00e4v\u00e4sti ja luonto saa pit\u00e4\u00e4 huolen lopusta. Kuitenkin kaikitenkin meill\u00e4 harrastetaan lypsykarjanpitoa ja yritet\u00e4\u00e4n edullisia maitosaavutuksia ja meid\u00e4n tulisi n\u00e4inollen tehd\u00e4 kaikkemme lehm\u00e4n hyvinvoinnin hyv\u00e4ksi, sill\u00e4 tied\u00e4mmeh\u00e4n, ett\u00e4 lehm\u00e4n [&hellip;]\" \/>\n<meta property=\"og:url\" content=\"https:\/\/dev.sorkkahoitajat.fi\/?page_id=162\" \/>\n<meta property=\"og:site_name\" content=\"SSHY Suomen Sorkkahoitajat\" \/>\n<meta property=\"article:modified_time\" content=\"2022-07-19T10:46:09+00:00\" \/>\n<meta name=\"twitter:card\" content=\"summary_large_image\" \/>\n<meta name=\"twitter:label1\" content=\"Arvioitu lukuaika\" \/>\n\t<meta name=\"twitter:data1\" content=\"6 minuuttia\" \/>\n<script type=\"application\/ld+json\" class=\"yoast-schema-graph\">{\"@context\":\"https:\/\/schema.org\",\"@graph\":[{\"@type\":\"WebSite\",\"@id\":\"https:\/\/dev.sorkkahoitajat.fi\/#website\",\"url\":\"https:\/\/dev.sorkkahoitajat.fi\/\",\"name\":\"SSHY Suomen Sorkkahoitajat\",\"description\":\"\",\"potentialAction\":[{\"@type\":\"SearchAction\",\"target\":{\"@type\":\"EntryPoint\",\"urlTemplate\":\"https:\/\/dev.sorkkahoitajat.fi\/?s={search_term_string}\"},\"query-input\":\"required name=search_term_string\"}],\"inLanguage\":\"fi\"},{\"@type\":\"WebPage\",\"@id\":\"https:\/\/dev.sorkkahoitajat.fi\/?page_id=162#webpage\",\"url\":\"https:\/\/dev.sorkkahoitajat.fi\/?page_id=162\",\"name\":\"Pellervo, 5.11.1931 - SSHY Suomen Sorkkahoitajat\",\"isPartOf\":{\"@id\":\"https:\/\/dev.sorkkahoitajat.fi\/#website\"},\"datePublished\":\"2022-07-19T10:26:11+00:00\",\"dateModified\":\"2022-07-19T10:46:09+00:00\",\"breadcrumb\":{\"@id\":\"https:\/\/dev.sorkkahoitajat.fi\/?page_id=162#breadcrumb\"},\"inLanguage\":\"fi\",\"potentialAction\":[{\"@type\":\"ReadAction\",\"target\":[\"https:\/\/dev.sorkkahoitajat.fi\/?page_id=162\"]}]},{\"@type\":\"BreadcrumbList\",\"@id\":\"https:\/\/dev.sorkkahoitajat.fi\/?page_id=162#breadcrumb\",\"itemListElement\":[{\"@type\":\"ListItem\",\"position\":1,\"name\":\"Etusivu\",\"item\":\"https:\/\/dev.sorkkahoitajat.fi\/\"},{\"@type\":\"ListItem\",\"position\":2,\"name\":\"Pellervo, 5.11.1931\"}]}]}<\/script>\n<!-- \/ Yoast SEO plugin. -->","yoast_head_json":{"title":"Pellervo, 5.11.1931 - SSHY Suomen Sorkkahoitajat","robots":{"index":"index","follow":"follow","max-snippet":"max-snippet:-1","max-image-preview":"max-image-preview:large","max-video-preview":"max-video-preview:-1"},"canonical":"https:\/\/dev.sorkkahoitajat.fi\/?page_id=162","og_locale":"fi_FI","og_type":"article","og_title":"Pellervo, 5.11.1931 - SSHY Suomen Sorkkahoitajat","og_description":"Meid\u00e4n t\u00e4ytynee avoimesti tunnustaa, ett\u00e4 me yleens\u00e4 kiinnit\u00e4mme herttisen v\u00e4h\u00e4n huomiota lehmien sorkkien hoitoon. Jos olemme kerran vuodessa sadatellen katkoneet pisimm\u00e4t sorkkien p\u00e4\u00e4t, katsomme jo tehneemme riitt\u00e4v\u00e4sti ja luonto saa pit\u00e4\u00e4 huolen lopusta. Kuitenkin kaikitenkin meill\u00e4 harrastetaan lypsykarjanpitoa ja yritet\u00e4\u00e4n edullisia maitosaavutuksia ja meid\u00e4n tulisi n\u00e4inollen tehd\u00e4 kaikkemme lehm\u00e4n hyvinvoinnin hyv\u00e4ksi, sill\u00e4 tied\u00e4mmeh\u00e4n, ett\u00e4 lehm\u00e4n [&hellip;]","og_url":"https:\/\/dev.sorkkahoitajat.fi\/?page_id=162","og_site_name":"SSHY Suomen Sorkkahoitajat","article_modified_time":"2022-07-19T10:46:09+00:00","twitter_card":"summary_large_image","twitter_misc":{"Arvioitu lukuaika":"6 minuuttia"},"schema":{"@context":"https:\/\/schema.org","@graph":[{"@type":"WebSite","@id":"https:\/\/dev.sorkkahoitajat.fi\/#website","url":"https:\/\/dev.sorkkahoitajat.fi\/","name":"SSHY Suomen Sorkkahoitajat","description":"","potentialAction":[{"@type":"SearchAction","target":{"@type":"EntryPoint","urlTemplate":"https:\/\/dev.sorkkahoitajat.fi\/?s={search_term_string}"},"query-input":"required name=search_term_string"}],"inLanguage":"fi"},{"@type":"WebPage","@id":"https:\/\/dev.sorkkahoitajat.fi\/?page_id=162#webpage","url":"https:\/\/dev.sorkkahoitajat.fi\/?page_id=162","name":"Pellervo, 5.11.1931 - SSHY Suomen Sorkkahoitajat","isPartOf":{"@id":"https:\/\/dev.sorkkahoitajat.fi\/#website"},"datePublished":"2022-07-19T10:26:11+00:00","dateModified":"2022-07-19T10:46:09+00:00","breadcrumb":{"@id":"https:\/\/dev.sorkkahoitajat.fi\/?page_id=162#breadcrumb"},"inLanguage":"fi","potentialAction":[{"@type":"ReadAction","target":["https:\/\/dev.sorkkahoitajat.fi\/?page_id=162"]}]},{"@type":"BreadcrumbList","@id":"https:\/\/dev.sorkkahoitajat.fi\/?page_id=162#breadcrumb","itemListElement":[{"@type":"ListItem","position":1,"name":"Etusivu","item":"https:\/\/dev.sorkkahoitajat.fi\/"},{"@type":"ListItem","position":2,"name":"Pellervo, 5.11.1931"}]}]}},"_links":{"self":[{"href":"https:\/\/dev.sorkkahoitajat.fi\/index.php?rest_route=\/wp\/v2\/pages\/162"}],"collection":[{"href":"https:\/\/dev.sorkkahoitajat.fi\/index.php?rest_route=\/wp\/v2\/pages"}],"about":[{"href":"https:\/\/dev.sorkkahoitajat.fi\/index.php?rest_route=\/wp\/v2\/types\/page"}],"author":[{"embeddable":true,"href":"https:\/\/dev.sorkkahoitajat.fi\/index.php?rest_route=\/wp\/v2\/users\/1"}],"replies":[{"embeddable":true,"href":"https:\/\/dev.sorkkahoitajat.fi\/index.php?rest_route=%2Fwp%2Fv2%2Fcomments&post=162"}],"version-history":[{"count":1,"href":"https:\/\/dev.sorkkahoitajat.fi\/index.php?rest_route=\/wp\/v2\/pages\/162\/revisions"}],"predecessor-version":[{"id":163,"href":"https:\/\/dev.sorkkahoitajat.fi\/index.php?rest_route=\/wp\/v2\/pages\/162\/revisions\/163"}],"wp:attachment":[{"href":"https:\/\/dev.sorkkahoitajat.fi\/index.php?rest_route=%2Fwp%2Fv2%2Fmedia&parent=162"}],"curies":[{"name":"wp","href":"https:\/\/api.w.org\/{rel}","templated":true}]}}