{"id":176,"date":"2022-07-19T10:43:56","date_gmt":"2022-07-19T10:43:56","guid":{"rendered":"https:\/\/dev.sorkkahoitajat.fi\/?page_id=176"},"modified":"2022-07-19T10:46:27","modified_gmt":"2022-07-19T10:46:27","slug":"linkkeja","status":"publish","type":"page","link":"https:\/\/dev.sorkkahoitajat.fi\/?page_id=176","title":{"rendered":"Linkkej\u00e4"},"content":{"rendered":"\n<p id=\"u14005-2\"><strong>Linkkej\u00e4 sorkkahoitoon ym.<\/strong><br>amerikkalaistensorkkahoitajien yhdistys &#8211; <a href=\"http:\/\/www.hooftrimmers.org\/\" target=\"_blank\" rel=\"noreferrer noopener\">http:\/\/www.hooftrimmers.org\/<\/a><br>tanskalaisten sorkkahoitajien yhdistys &#8211;&nbsp;&nbsp; <a href=\"http:\/\/www.kloven.dk\/\">http:\/\/www.kloven.dk\/<\/a><br>ruotsalaisten sorkkahoitajien yhdistys &#8211; <a href=\"http:\/\/www.svenskaklovvardsforeningen.se\/\">http:\/\/www.svenskaklovvardsforeningen.se\/<\/a><br>www.agronet.fi &#8211; <a href=\"https:\/\/keskustelukanava.agronet.fi\/agronet\/\">https:\/\/keskustelukanava.agronet.fi\/agronet\/<\/a><br>www.farmit.net &#8211; <a href=\"http:\/\/www.farmit.net\/\">http:\/\/www.farmit.net\/<\/a><br>www.sell.fi &#8211; <a href=\"http:\/\/www.sell.fi\/\">http:\/\/www.sell.fi\/<\/a><br>www.ruminantlameness.com &#8211; <a href=\"http:\/\/www.ruminantlameness.com\/\">http:\/\/www.ruminantlameness.com\/<\/a><br>www.ruminantlameness.org&nbsp; Suomessa 2008 &#8211; <a href=\"http:\/\/www.sorkkahoito.com\/?pid=ruminant_l\">http:\/\/www.sorkkahoito.com\/?pid=ruminant_l<\/a><br>Zinkpro &#8211; <a href=\"http:\/\/www.availa4.com\/\">http:\/\/www.availa4.com\/<\/a><br>Dr. Temle Grandin el\u00e4inten k\u00e4sittely &#8211; <a href=\"http:\/\/www.grandin.com\/index.html\">http:\/\/www.grandin.com\/index.html<\/a><br>Demotecin sivut &#8211; <a href=\"http:\/\/www.demotec.com\/\">http:\/\/www.demotec.com\/<\/a><br>Kengityssep\u00e4t &#8211; <a href=\"http:\/\/www.suomenkengityssepat.fi\/yhteistyo.html\">http:\/\/www.suomenkengityssepat.fi\/yhteistyo.html<\/a><br>Latvialainen sorkkienhoitov\u00e4lineiden v\u00e4litt\u00e4j\u00e4 Cowcare.eu &#8211; <a href=\"http:\/\/translate.google.com\/\">http:\/\/translate.google.com\/<\/a><\/p>\n\n\n\n<p id=\"u14005-56\"><strong>Hoitoparsia<\/strong><br>tanskalainen hoitoparsi &#8211; <a href=\"http:\/\/kvk.dk\/dk\/\">http:\/\/kvk.dk\/dk\/<\/a><br>hollantilainen Wopa-hoitoparsi &#8211; <a href=\"http:\/\/www.wopaklauwverzorging.nl\/\">http:\/\/www.wopaklauwverzorging.nl\/<\/a><br>Speedyn sivut &#8211; <a href=\"http:\/\/www.anka.com\/\">http:\/\/www.anka.com\/<\/a><br>Espanjalainen hoitoparsi &#8211; <a href=\"http:\/\/www.vacaconbotas.com\/\">http:\/\/www.vacaconbotas.com\/<\/a><br>amerikkalainen hoitoparsi Karl Burge &#8211; <a href=\"http:\/\/www.comforthoofcare.com\/\">http:\/\/www.comforthoofcare.com\/<\/a><br>kippaavia telineit\u00e4 esim. amerikkalainen Riley &#8211; <a href=\"http:\/\/www.rileybuilt.com\/models.asp\">http:\/\/www.rileybuilt.com\/models.asp<\/a><\/p>\n\n\n\n<p id=\"u14005-84\">Suomen Rehu&nbsp; &#8211; <a href=\"http:\/\/www.suomenrehu.fi\/en\/frontpage\/\">http:\/\/www.suomenrehu.fi\/en\/frontpage\/<\/a><br>Vetman &#8211; <a href=\"http:\/\/www.vetman.fi\/\">http:\/\/www.vetman.fi\/<\/a><\/p>\n\n\n\n<p id=\"u14005-94\"><strong>Muuta kinnostavaa<\/strong><br>tutkimustietoa eri rotuisten lehmien sorkkavioista &#8211; <a href=\"http:\/\/www.smts.fi\/esit06\/0401.pdf\">http:\/\/www.smts.fi\/esit06\/0401.pdf<\/a><br>Naseva (Nautatilojen terveydenhuollon seurantaj\u00e4rjestelm\u00e4) &#8211; <a href=\"https:\/\/www.naseva.fi\/\">https:\/\/www.naseva.fi\/<\/a><br>ETT (El\u00e4intautien torjuntayhdistys) &#8211; <a href=\"https:\/\/www.ett.fi\/\">https:\/\/www.ett.fi\/<\/a><br><a href=\"http:\/\/www.faba.fi\/\">http:\/\/www.faba.fi\/<\/a><\/p>\n\n\n\n<p id=\"u14005-116\"><strong>Suomalaisia maatiloja<\/strong><br><a href=\"http:\/\/www.peltosalmentila.fi\">www.peltosalmentila.fi<\/a><\/p>\n","protected":false},"excerpt":{"rendered":"<p>Linkkej\u00e4 sorkkahoitoon ym.amerikkalaistensorkkahoitajien yhdistys &#8211; http:\/\/www.hooftrimmers.org\/tanskalaisten sorkkahoitajien yhdistys &#8211;&nbsp;&nbsp; http:\/\/www.kloven.dk\/ruotsalaisten sorkkahoitajien yhdistys &#8211; http:\/\/www.svenskaklovvardsforeningen.se\/www.agronet.fi &#8211; https:\/\/keskustelukanava.agronet.fi\/agronet\/www.farmit.net &#8211; http:\/\/www.farmit.net\/www.sell.fi &#8211; http:\/\/www.sell.fi\/www.ruminantlameness.com &#8211; http:\/\/www.ruminantlameness.com\/www.ruminantlameness.org&nbsp; Suomessa 2008 &#8211; http:\/\/www.sorkkahoito.com\/?pid=ruminant_lZinkpro &#8211; http:\/\/www.availa4.com\/Dr. Temle Grandin el\u00e4inten k\u00e4sittely &#8211; http:\/\/www.grandin.com\/index.htmlDemotecin sivut &#8211; http:\/\/www.demotec.com\/Kengityssep\u00e4t &#8211; http:\/\/www.suomenkengityssepat.fi\/yhteistyo.htmlLatvialainen sorkkienhoitov\u00e4lineiden v\u00e4litt\u00e4j\u00e4 Cowcare.eu &#8211; http:\/\/translate.google.com\/ Hoitoparsiatanskalainen hoitoparsi &#8211; http:\/\/kvk.dk\/dk\/hollantilainen Wopa-hoitoparsi &#8211; http:\/\/www.wopaklauwverzorging.nl\/Speedyn sivut &#8211; http:\/\/www.anka.com\/Espanjalainen hoitoparsi [&hellip;]<\/p>\n","protected":false},"author":1,"featured_media":0,"parent":0,"menu_order":0,"comment_status":"closed","ping_status":"closed","template":"template-full-width.php","meta":{"footnotes":""},"yoast_head":"<!-- This site is optimized with the Yoast SEO plugin v18.8 - https:\/\/yoast.com\/wordpress\/plugins\/seo\/ -->\n<title>Linkkej\u00e4 - SSHY Suomen Sorkkahoitajat<\/title>\n<meta name=\"robots\" content=\"index, follow, max-snippet:-1, max-image-preview:large, max-video-preview:-1\" \/>\n<link rel=\"canonical\" href=\"https:\/\/dev.sorkkahoitajat.fi\/?page_id=176\" \/>\n<meta property=\"og:locale\" content=\"fi_FI\" \/>\n<meta property=\"og:type\" content=\"article\" \/>\n<meta property=\"og:title\" content=\"Linkkej\u00e4 - SSHY Suomen Sorkkahoitajat\" \/>\n<meta property=\"og:description\" content=\"Linkkej\u00e4 sorkkahoitoon ym.amerikkalaistensorkkahoitajien yhdistys &#8211; http:\/\/www.hooftrimmers.org\/tanskalaisten sorkkahoitajien yhdistys &#8211;&nbsp;&nbsp; http:\/\/www.kloven.dk\/ruotsalaisten sorkkahoitajien yhdistys &#8211; http:\/\/www.svenskaklovvardsforeningen.se\/www.agronet.fi &#8211; https:\/\/keskustelukanava.agronet.fi\/agronet\/www.farmit.net &#8211; http:\/\/www.farmit.net\/www.sell.fi &#8211; http:\/\/www.sell.fi\/www.ruminantlameness.com &#8211; http:\/\/www.ruminantlameness.com\/www.ruminantlameness.org&nbsp; Suomessa 2008 &#8211; http:\/\/www.sorkkahoito.com\/?pid=ruminant_lZinkpro &#8211; http:\/\/www.availa4.com\/Dr. Temle Grandin el\u00e4inten k\u00e4sittely &#8211; http:\/\/www.grandin.com\/index.htmlDemotecin sivut &#8211; http:\/\/www.demotec.com\/Kengityssep\u00e4t &#8211; http:\/\/www.suomenkengityssepat.fi\/yhteistyo.htmlLatvialainen sorkkienhoitov\u00e4lineiden v\u00e4litt\u00e4j\u00e4 Cowcare.eu &#8211; http:\/\/translate.google.com\/ Hoitoparsiatanskalainen hoitoparsi &#8211; http:\/\/kvk.dk\/dk\/hollantilainen Wopa-hoitoparsi &#8211; http:\/\/www.wopaklauwverzorging.nl\/Speedyn sivut &#8211; http:\/\/www.anka.com\/Espanjalainen hoitoparsi [&hellip;]\" \/>\n<meta property=\"og:url\" content=\"https:\/\/dev.sorkkahoitajat.fi\/?page_id=176\" \/>\n<meta property=\"og:site_name\" content=\"SSHY Suomen Sorkkahoitajat\" \/>\n<meta property=\"article:modified_time\" content=\"2022-07-19T10:46:27+00:00\" \/>\n<meta name=\"twitter:card\" content=\"summary_large_image\" \/>\n<meta name=\"twitter:label1\" content=\"Arvioitu lukuaika\" \/>\n\t<meta name=\"twitter:data1\" content=\"1 minuutti\" \/>\n<script type=\"application\/ld+json\" class=\"yoast-schema-graph\">{\"@context\":\"https:\/\/schema.org\",\"@graph\":[{\"@type\":\"WebSite\",\"@id\":\"https:\/\/dev.sorkkahoitajat.fi\/#website\",\"url\":\"https:\/\/dev.sorkkahoitajat.fi\/\",\"name\":\"SSHY Suomen Sorkkahoitajat\",\"description\":\"\",\"potentialAction\":[{\"@type\":\"SearchAction\",\"target\":{\"@type\":\"EntryPoint\",\"urlTemplate\":\"https:\/\/dev.sorkkahoitajat.fi\/?s={search_term_string}\"},\"query-input\":\"required name=search_term_string\"}],\"inLanguage\":\"fi\"},{\"@type\":\"WebPage\",\"@id\":\"https:\/\/dev.sorkkahoitajat.fi\/?page_id=176#webpage\",\"url\":\"https:\/\/dev.sorkkahoitajat.fi\/?page_id=176\",\"name\":\"Linkkej\u00e4 - SSHY Suomen Sorkkahoitajat\",\"isPartOf\":{\"@id\":\"https:\/\/dev.sorkkahoitajat.fi\/#website\"},\"datePublished\":\"2022-07-19T10:43:56+00:00\",\"dateModified\":\"2022-07-19T10:46:27+00:00\",\"breadcrumb\":{\"@id\":\"https:\/\/dev.sorkkahoitajat.fi\/?page_id=176#breadcrumb\"},\"inLanguage\":\"fi\",\"potentialAction\":[{\"@type\":\"ReadAction\",\"target\":[\"https:\/\/dev.sorkkahoitajat.fi\/?page_id=176\"]}]},{\"@type\":\"BreadcrumbList\",\"@id\":\"https:\/\/dev.sorkkahoitajat.fi\/?page_id=176#breadcrumb\",\"itemListElement\":[{\"@type\":\"ListItem\",\"position\":1,\"name\":\"Etusivu\",\"item\":\"https:\/\/dev.sorkkahoitajat.fi\/\"},{\"@type\":\"ListItem\",\"position\":2,\"name\":\"Linkkej\u00e4\"}]}]}<\/script>\n<!-- \/ Yoast SEO plugin. -->","yoast_head_json":{"title":"Linkkej\u00e4 - SSHY Suomen Sorkkahoitajat","robots":{"index":"index","follow":"follow","max-snippet":"max-snippet:-1","max-image-preview":"max-image-preview:large","max-video-preview":"max-video-preview:-1"},"canonical":"https:\/\/dev.sorkkahoitajat.fi\/?page_id=176","og_locale":"fi_FI","og_type":"article","og_title":"Linkkej\u00e4 - SSHY Suomen Sorkkahoitajat","og_description":"Linkkej\u00e4 sorkkahoitoon ym.amerikkalaistensorkkahoitajien yhdistys &#8211; http:\/\/www.hooftrimmers.org\/tanskalaisten sorkkahoitajien yhdistys &#8211;&nbsp;&nbsp; http:\/\/www.kloven.dk\/ruotsalaisten sorkkahoitajien yhdistys &#8211; http:\/\/www.svenskaklovvardsforeningen.se\/www.agronet.fi &#8211; https:\/\/keskustelukanava.agronet.fi\/agronet\/www.farmit.net &#8211; http:\/\/www.farmit.net\/www.sell.fi &#8211; http:\/\/www.sell.fi\/www.ruminantlameness.com &#8211; http:\/\/www.ruminantlameness.com\/www.ruminantlameness.org&nbsp; Suomessa 2008 &#8211; http:\/\/www.sorkkahoito.com\/?pid=ruminant_lZinkpro &#8211; http:\/\/www.availa4.com\/Dr. Temle Grandin el\u00e4inten k\u00e4sittely &#8211; http:\/\/www.grandin.com\/index.htmlDemotecin sivut &#8211; http:\/\/www.demotec.com\/Kengityssep\u00e4t &#8211; http:\/\/www.suomenkengityssepat.fi\/yhteistyo.htmlLatvialainen sorkkienhoitov\u00e4lineiden v\u00e4litt\u00e4j\u00e4 Cowcare.eu &#8211; http:\/\/translate.google.com\/ Hoitoparsiatanskalainen hoitoparsi &#8211; http:\/\/kvk.dk\/dk\/hollantilainen Wopa-hoitoparsi &#8211; http:\/\/www.wopaklauwverzorging.nl\/Speedyn sivut &#8211; http:\/\/www.anka.com\/Espanjalainen hoitoparsi [&hellip;]","og_url":"https:\/\/dev.sorkkahoitajat.fi\/?page_id=176","og_site_name":"SSHY Suomen Sorkkahoitajat","article_modified_time":"2022-07-19T10:46:27+00:00","twitter_card":"summary_large_image","twitter_misc":{"Arvioitu lukuaika":"1 minuutti"},"schema":{"@context":"https:\/\/schema.org","@graph":[{"@type":"WebSite","@id":"https:\/\/dev.sorkkahoitajat.fi\/#website","url":"https:\/\/dev.sorkkahoitajat.fi\/","name":"SSHY Suomen Sorkkahoitajat","description":"","potentialAction":[{"@type":"SearchAction","target":{"@type":"EntryPoint","urlTemplate":"https:\/\/dev.sorkkahoitajat.fi\/?s={search_term_string}"},"query-input":"required name=search_term_string"}],"inLanguage":"fi"},{"@type":"WebPage","@id":"https:\/\/dev.sorkkahoitajat.fi\/?page_id=176#webpage","url":"https:\/\/dev.sorkkahoitajat.fi\/?page_id=176","name":"Linkkej\u00e4 - SSHY Suomen Sorkkahoitajat","isPartOf":{"@id":"https:\/\/dev.sorkkahoitajat.fi\/#website"},"datePublished":"2022-07-19T10:43:56+00:00","dateModified":"2022-07-19T10:46:27+00:00","breadcrumb":{"@id":"https:\/\/dev.sorkkahoitajat.fi\/?page_id=176#breadcrumb"},"inLanguage":"fi","potentialAction":[{"@type":"ReadAction","target":["https:\/\/dev.sorkkahoitajat.fi\/?page_id=176"]}]},{"@type":"BreadcrumbList","@id":"https:\/\/dev.sorkkahoitajat.fi\/?page_id=176#breadcrumb","itemListElement":[{"@type":"ListItem","position":1,"name":"Etusivu","item":"https:\/\/dev.sorkkahoitajat.fi\/"},{"@type":"ListItem","position":2,"name":"Linkkej\u00e4"}]}]}},"_links":{"self":[{"href":"https:\/\/dev.sorkkahoitajat.fi\/index.php?rest_route=\/wp\/v2\/pages\/176"}],"collection":[{"href":"https:\/\/dev.sorkkahoitajat.fi\/index.php?rest_route=\/wp\/v2\/pages"}],"about":[{"href":"https:\/\/dev.sorkkahoitajat.fi\/index.php?rest_route=\/wp\/v2\/types\/page"}],"author":[{"embeddable":true,"href":"https:\/\/dev.sorkkahoitajat.fi\/index.php?rest_route=\/wp\/v2\/users\/1"}],"replies":[{"embeddable":true,"href":"https:\/\/dev.sorkkahoitajat.fi\/index.php?rest_route=%2Fwp%2Fv2%2Fcomments&post=176"}],"version-history":[{"count":2,"href":"https:\/\/dev.sorkkahoitajat.fi\/index.php?rest_route=\/wp\/v2\/pages\/176\/revisions"}],"predecessor-version":[{"id":179,"href":"https:\/\/dev.sorkkahoitajat.fi\/index.php?rest_route=\/wp\/v2\/pages\/176\/revisions\/179"}],"wp:attachment":[{"href":"https:\/\/dev.sorkkahoitajat.fi\/index.php?rest_route=%2Fwp%2Fv2%2Fmedia&parent=176"}],"curies":[{"name":"wp","href":"https:\/\/api.w.org\/{rel}","templated":true}]}}