{"id":197,"date":"2022-08-01T12:35:11","date_gmt":"2022-08-01T12:35:11","guid":{"rendered":"https:\/\/dev.sorkkahoitajat.fi\/?page_id=197"},"modified":"2022-08-01T12:35:12","modified_gmt":"2022-08-01T12:35:12","slug":"rekisteriseloste","status":"publish","type":"page","link":"https:\/\/dev.sorkkahoitajat.fi\/?page_id=197","title":{"rendered":"Rekisteriseloste"},"content":{"rendered":"\n<p><strong>Rekisteri- ja tietosuojaseloste<\/strong><\/p>\n\n\n\n<p>T\u00e4m\u00e4 on Yrityksen henkil\u00f6tietolain (10 ja 24 \u00a7) ja EU:n yleisen tietosuoja-asetuksen (GDPR)\u00a0<br>mukainen rekisteri- ja tietosuojaseloste. Laadittu 25.5.2018. Viimeisin muutos 25.5.2018.<\/p>\n\n\n\n<p><strong>Rekisterinpit\u00e4j\u00e4<\/strong><br>Tanja Kemppainen<br>Siikalatva<br>045 355 4515<br>tanja.kemppainen@sorkkahoitajat.fi<\/p>\n\n\n\n<p>Asiakas<br>Potentiaalinen asiakas<br>Yhteisty\u00f6kumppani<br>Henkil\u00f6tietojen k\u00e4ytt\u00f6tarkoitus<\/p>\n\n\n\n<p>Tietoja k\u00e4ytet\u00e4\u00e4n asiakasviestint\u00e4\u00e4n ja Sorkkahoitajat yhdistyksen asiakassuhteiden yll\u00e4pitoon.<br>Lis\u00e4ksi tietoja k\u00e4ytet\u00e4\u00e4n markkinointitarkoituksiin.<br>Sinulla on aina oikeus kielt\u00e4\u00e4 henkil\u00f6tietojesi k\u00e4ytt\u00f6 suoramarkkinointiin ottamalla yhteytt\u00e4 yll\u00e4 oleviin yhteystietoihin tai k\u00e4ytt\u00e4m\u00e4ll\u00e4 uutiskirjeiss\u00e4 olevaa uutiskirjeen tilauksen peruuttamismahdollisuutta.<\/p>\n\n\n\n<p><strong>Rekisterin tietosis\u00e4lt\u00f6<\/strong><br>Ker\u00e4\u00e4mme nimi-, syntym\u00e4vuosi, puhelin-, s\u00e4hk\u00f6posti-, osoite- ja muita asiakakassuhteen yll\u00e4pit\u00e4miseksi tarvittavia tietoja.<\/p>\n\n\n\n<p><strong>Rekisterin tietol\u00e4hteet<\/strong><br>Ker\u00e4\u00e4mme ja saamme tietosi seuraavista l\u00e4hteist\u00e4:<br>P\u00e4\u00e4s\u00e4\u00e4nt\u00f6isesti saamme tietosi sinun itsesi antamana esimerkiksi henkil\u00f6kohtaisen vuorovaikutuksen kautta. Henkil\u00f6tietojen antaminen on edellytys asiakassuhteen syntymiselle ja hoitamiselle.<br>Tietojen luovutus ja k\u00e4sittely<br>Tietoja ei luovuteta kolmannelle osapuolelle.<br>Tietojen siirto EU:n tai ETA:n ulkopuolelle<br>Tietoja ei siirret\u00e4 eik\u00e4 jaeta EU:n eik\u00e4 ETA:n ulkopuolelle.<br>Rekisterin suojaus ja henkil\u00f6tietojen s\u00e4ilytysaika<br>Kunnioitamme henkil\u00f6tietojesi luottamuksellisuutta. P\u00e4\u00e4sy rekisteriin on vain Jalkapolin omistajalla ja henkil\u00f6kunnalla. Rekisteri on talletettu palomuurein, salasanoin ja muin teknisin keinoin suojattuihin tietokantoihin, joihin on p\u00e4\u00e4sy ainoastaan t\u00e4m\u00e4n rekisterin yhteyshenkil\u00f6ll\u00e4.<\/p>\n\n\n\n<p>Vanhentuneet ja tarpeettomat tiedot h\u00e4vit\u00e4mme asiaankuuluvalla tavalla. S\u00e4ilyt\u00e4mme henkil\u00f6tietoja vain niin kauan, kun se on tarpeen t\u00e4ss\u00e4 tietosuojaselosteessa m\u00e4\u00e4riteltyjen henkil\u00f6tietojen k\u00e4sittelytarkoitusten toteuttamiseksi. Kirjanpitolain tai muun soveltuvan lain velvoitteista johtuen tietoja voidaan joutua s\u00e4ilytt\u00e4m\u00e4\u00e4n edell\u00e4 mainittua ajanjaksoa pitemp\u00e4\u00e4n.<\/p>\n\n\n\n<p><strong>Rekister\u00f6idyn oikeudet<\/strong><br>Asiakkaalla on oikeus tarkistaa omat tietonsa halutessaan. Henkil\u00f6llisyys varmistetaan ennen tietojen antamista. Tarkastusoikeus toteutetaan viipym\u00e4tt\u00e4.<\/p>\n\n\n\n<p>Lis\u00e4ksi sinulla on oikeus soveltuvan tietosuojalains\u00e4\u00e4d\u00e4nn\u00f6n mukaisesti milloin tahansa:<\/p>\n\n\n\n<p>&#8211; saada tieto henkil\u00f6tietojesi k\u00e4sittelyst\u00e4;<\/p>\n\n\n\n<p>&#8211; saada p\u00e4\u00e4sy omiin tietoihisi ja tarkastaa itse\u00e4si koskevat k\u00e4sittelem\u00e4mme henkil\u00f6tiedot;<\/p>\n\n\n\n<p>&#8211; vaatia ep\u00e4tarkan ja virheellisen henkil\u00f6tiedon oikaisua ja tietojen t\u00e4ydent\u00e4mist\u00e4;<\/p>\n\n\n\n<p>&#8211; vaatia henkil\u00f6tietojesi poistamista;<\/p>\n\n\n\n<p>&#8211; peruuttaa suostumuksesi ja vastustaa henkil\u00f6tietojesi k\u00e4sittely\u00e4 silt\u00e4 osin, kuin henkil\u00f6tietojesi k\u00e4sittely perustuu antamaasi suostumukseen;<\/p>\n\n\n\n<p>&#8211; vastustaa henkil\u00f6tietojesi k\u00e4sittely\u00e4 henkil\u00f6kohtaiseen erityiseen tilanteeseesi liittyv\u00e4ll\u00e4 perusteella silt\u00e4 osin kuin henkil\u00f6tietojesi k\u00e4sittelyperusteena on oikeutettu etumme;<\/p>\n\n\n\n<p>&#8211; vaatia henkil\u00f6tietojesi k\u00e4sittelyn rajoittamista.<\/p>\n\n\n\n<p>Voimme pyyt\u00e4\u00e4 sinua tarkentamaan pyynt\u00f6\u00e4si ja varmentamaan henkil\u00f6llisyytesi ennen pyynn\u00f6n k\u00e4sittelemist\u00e4. Voimme kielt\u00e4yty\u00e4 pyynt\u00f6si toteuttamisesta sovellettavassa laissa s\u00e4\u00e4detyll\u00e4 perusteella.<\/p>\n\n\n\n<p>Sinulla on my\u00f6s aina oikeus tehd\u00e4 valitus asianomaiselle valvontaviranomaiselle taikka sen EU:n j\u00e4senvaltion valvontaviranomaiselle, jossa asuinpaikkasi tai ty\u00f6paikkasi sijaitsee, mik\u00e4li katsot, ett\u00e4 emme ole k\u00e4sitelleet henkil\u00f6tietojasi soveltuvan tietosuojalains\u00e4\u00e4d\u00e4nn\u00f6n mukaisesti.<\/p>\n\n\n\n<p><strong>Sinun tulee l\u00e4hett\u00e4\u00e4 oikeuksiasi koskevat pyynn\u00f6t kirjallisena tai s\u00e4hk\u00f6postitse:<\/strong><br>Tanja Kemppainen<br>Siikalatva<br>045 355 4515<br>tanja.kemppainen@sorkkahoitajat.fi<\/p>\n","protected":false},"excerpt":{"rendered":"<p>Rekisteri- ja tietosuojaseloste T\u00e4m\u00e4 on Yrityksen henkil\u00f6tietolain (10 ja 24 \u00a7) ja EU:n yleisen tietosuoja-asetuksen (GDPR)\u00a0mukainen rekisteri- ja tietosuojaseloste. Laadittu 25.5.2018. Viimeisin muutos 25.5.2018. Rekisterinpit\u00e4j\u00e4Tanja KemppainenSiikalatva045 355 4515tanja.kemppainen@sorkkahoitajat.fi AsiakasPotentiaalinen asiakasYhteisty\u00f6kumppaniHenkil\u00f6tietojen k\u00e4ytt\u00f6tarkoitus Tietoja k\u00e4ytet\u00e4\u00e4n asiakasviestint\u00e4\u00e4n ja Sorkkahoitajat yhdistyksen asiakassuhteiden yll\u00e4pitoon.Lis\u00e4ksi tietoja k\u00e4ytet\u00e4\u00e4n markkinointitarkoituksiin.Sinulla on aina oikeus kielt\u00e4\u00e4 henkil\u00f6tietojesi k\u00e4ytt\u00f6 suoramarkkinointiin ottamalla yhteytt\u00e4 yll\u00e4 oleviin yhteystietoihin tai [&hellip;]<\/p>\n","protected":false},"author":1,"featured_media":0,"parent":0,"menu_order":0,"comment_status":"closed","ping_status":"closed","template":"template-full-width.php","meta":{"footnotes":""},"yoast_head":"<!-- This site is optimized with the Yoast SEO plugin v18.8 - https:\/\/yoast.com\/wordpress\/plugins\/seo\/ -->\n<title>Rekisteriseloste - SSHY Suomen Sorkkahoitajat<\/title>\n<meta name=\"robots\" content=\"index, follow, max-snippet:-1, max-image-preview:large, max-video-preview:-1\" \/>\n<link rel=\"canonical\" href=\"https:\/\/dev.sorkkahoitajat.fi\/?page_id=197\" \/>\n<meta property=\"og:locale\" content=\"fi_FI\" \/>\n<meta property=\"og:type\" content=\"article\" \/>\n<meta property=\"og:title\" content=\"Rekisteriseloste - SSHY Suomen Sorkkahoitajat\" \/>\n<meta property=\"og:description\" content=\"Rekisteri- ja tietosuojaseloste T\u00e4m\u00e4 on Yrityksen henkil\u00f6tietolain (10 ja 24 \u00a7) ja EU:n yleisen tietosuoja-asetuksen (GDPR)\u00a0mukainen rekisteri- ja tietosuojaseloste. Laadittu 25.5.2018. Viimeisin muutos 25.5.2018. Rekisterinpit\u00e4j\u00e4Tanja KemppainenSiikalatva045 355 4515tanja.kemppainen@sorkkahoitajat.fi AsiakasPotentiaalinen asiakasYhteisty\u00f6kumppaniHenkil\u00f6tietojen k\u00e4ytt\u00f6tarkoitus Tietoja k\u00e4ytet\u00e4\u00e4n asiakasviestint\u00e4\u00e4n ja Sorkkahoitajat yhdistyksen asiakassuhteiden yll\u00e4pitoon.Lis\u00e4ksi tietoja k\u00e4ytet\u00e4\u00e4n markkinointitarkoituksiin.Sinulla on aina oikeus kielt\u00e4\u00e4 henkil\u00f6tietojesi k\u00e4ytt\u00f6 suoramarkkinointiin ottamalla yhteytt\u00e4 yll\u00e4 oleviin yhteystietoihin tai [&hellip;]\" \/>\n<meta property=\"og:url\" content=\"https:\/\/dev.sorkkahoitajat.fi\/?page_id=197\" \/>\n<meta property=\"og:site_name\" content=\"SSHY Suomen Sorkkahoitajat\" \/>\n<meta property=\"article:modified_time\" content=\"2022-08-01T12:35:12+00:00\" \/>\n<meta name=\"twitter:card\" content=\"summary_large_image\" \/>\n<meta name=\"twitter:label1\" content=\"Arvioitu lukuaika\" \/>\n\t<meta name=\"twitter:data1\" content=\"3 minuuttia\" \/>\n<script type=\"application\/ld+json\" class=\"yoast-schema-graph\">{\"@context\":\"https:\/\/schema.org\",\"@graph\":[{\"@type\":\"WebSite\",\"@id\":\"https:\/\/dev.sorkkahoitajat.fi\/#website\",\"url\":\"https:\/\/dev.sorkkahoitajat.fi\/\",\"name\":\"SSHY Suomen Sorkkahoitajat\",\"description\":\"\",\"potentialAction\":[{\"@type\":\"SearchAction\",\"target\":{\"@type\":\"EntryPoint\",\"urlTemplate\":\"https:\/\/dev.sorkkahoitajat.fi\/?s={search_term_string}\"},\"query-input\":\"required name=search_term_string\"}],\"inLanguage\":\"fi\"},{\"@type\":\"WebPage\",\"@id\":\"https:\/\/dev.sorkkahoitajat.fi\/?page_id=197#webpage\",\"url\":\"https:\/\/dev.sorkkahoitajat.fi\/?page_id=197\",\"name\":\"Rekisteriseloste - SSHY Suomen Sorkkahoitajat\",\"isPartOf\":{\"@id\":\"https:\/\/dev.sorkkahoitajat.fi\/#website\"},\"datePublished\":\"2022-08-01T12:35:11+00:00\",\"dateModified\":\"2022-08-01T12:35:12+00:00\",\"breadcrumb\":{\"@id\":\"https:\/\/dev.sorkkahoitajat.fi\/?page_id=197#breadcrumb\"},\"inLanguage\":\"fi\",\"potentialAction\":[{\"@type\":\"ReadAction\",\"target\":[\"https:\/\/dev.sorkkahoitajat.fi\/?page_id=197\"]}]},{\"@type\":\"BreadcrumbList\",\"@id\":\"https:\/\/dev.sorkkahoitajat.fi\/?page_id=197#breadcrumb\",\"itemListElement\":[{\"@type\":\"ListItem\",\"position\":1,\"name\":\"Etusivu\",\"item\":\"https:\/\/dev.sorkkahoitajat.fi\/\"},{\"@type\":\"ListItem\",\"position\":2,\"name\":\"Rekisteriseloste\"}]}]}<\/script>\n<!-- \/ Yoast SEO plugin. -->","yoast_head_json":{"title":"Rekisteriseloste - SSHY Suomen Sorkkahoitajat","robots":{"index":"index","follow":"follow","max-snippet":"max-snippet:-1","max-image-preview":"max-image-preview:large","max-video-preview":"max-video-preview:-1"},"canonical":"https:\/\/dev.sorkkahoitajat.fi\/?page_id=197","og_locale":"fi_FI","og_type":"article","og_title":"Rekisteriseloste - SSHY Suomen Sorkkahoitajat","og_description":"Rekisteri- ja tietosuojaseloste T\u00e4m\u00e4 on Yrityksen henkil\u00f6tietolain (10 ja 24 \u00a7) ja EU:n yleisen tietosuoja-asetuksen (GDPR)\u00a0mukainen rekisteri- ja tietosuojaseloste. Laadittu 25.5.2018. Viimeisin muutos 25.5.2018. Rekisterinpit\u00e4j\u00e4Tanja KemppainenSiikalatva045 355 4515tanja.kemppainen@sorkkahoitajat.fi AsiakasPotentiaalinen asiakasYhteisty\u00f6kumppaniHenkil\u00f6tietojen k\u00e4ytt\u00f6tarkoitus Tietoja k\u00e4ytet\u00e4\u00e4n asiakasviestint\u00e4\u00e4n ja Sorkkahoitajat yhdistyksen asiakassuhteiden yll\u00e4pitoon.Lis\u00e4ksi tietoja k\u00e4ytet\u00e4\u00e4n markkinointitarkoituksiin.Sinulla on aina oikeus kielt\u00e4\u00e4 henkil\u00f6tietojesi k\u00e4ytt\u00f6 suoramarkkinointiin ottamalla yhteytt\u00e4 yll\u00e4 oleviin yhteystietoihin tai [&hellip;]","og_url":"https:\/\/dev.sorkkahoitajat.fi\/?page_id=197","og_site_name":"SSHY Suomen Sorkkahoitajat","article_modified_time":"2022-08-01T12:35:12+00:00","twitter_card":"summary_large_image","twitter_misc":{"Arvioitu lukuaika":"3 minuuttia"},"schema":{"@context":"https:\/\/schema.org","@graph":[{"@type":"WebSite","@id":"https:\/\/dev.sorkkahoitajat.fi\/#website","url":"https:\/\/dev.sorkkahoitajat.fi\/","name":"SSHY Suomen Sorkkahoitajat","description":"","potentialAction":[{"@type":"SearchAction","target":{"@type":"EntryPoint","urlTemplate":"https:\/\/dev.sorkkahoitajat.fi\/?s={search_term_string}"},"query-input":"required name=search_term_string"}],"inLanguage":"fi"},{"@type":"WebPage","@id":"https:\/\/dev.sorkkahoitajat.fi\/?page_id=197#webpage","url":"https:\/\/dev.sorkkahoitajat.fi\/?page_id=197","name":"Rekisteriseloste - SSHY Suomen Sorkkahoitajat","isPartOf":{"@id":"https:\/\/dev.sorkkahoitajat.fi\/#website"},"datePublished":"2022-08-01T12:35:11+00:00","dateModified":"2022-08-01T12:35:12+00:00","breadcrumb":{"@id":"https:\/\/dev.sorkkahoitajat.fi\/?page_id=197#breadcrumb"},"inLanguage":"fi","potentialAction":[{"@type":"ReadAction","target":["https:\/\/dev.sorkkahoitajat.fi\/?page_id=197"]}]},{"@type":"BreadcrumbList","@id":"https:\/\/dev.sorkkahoitajat.fi\/?page_id=197#breadcrumb","itemListElement":[{"@type":"ListItem","position":1,"name":"Etusivu","item":"https:\/\/dev.sorkkahoitajat.fi\/"},{"@type":"ListItem","position":2,"name":"Rekisteriseloste"}]}]}},"_links":{"self":[{"href":"https:\/\/dev.sorkkahoitajat.fi\/index.php?rest_route=\/wp\/v2\/pages\/197"}],"collection":[{"href":"https:\/\/dev.sorkkahoitajat.fi\/index.php?rest_route=\/wp\/v2\/pages"}],"about":[{"href":"https:\/\/dev.sorkkahoitajat.fi\/index.php?rest_route=\/wp\/v2\/types\/page"}],"author":[{"embeddable":true,"href":"https:\/\/dev.sorkkahoitajat.fi\/index.php?rest_route=\/wp\/v2\/users\/1"}],"replies":[{"embeddable":true,"href":"https:\/\/dev.sorkkahoitajat.fi\/index.php?rest_route=%2Fwp%2Fv2%2Fcomments&post=197"}],"version-history":[{"count":1,"href":"https:\/\/dev.sorkkahoitajat.fi\/index.php?rest_route=\/wp\/v2\/pages\/197\/revisions"}],"predecessor-version":[{"id":198,"href":"https:\/\/dev.sorkkahoitajat.fi\/index.php?rest_route=\/wp\/v2\/pages\/197\/revisions\/198"}],"wp:attachment":[{"href":"https:\/\/dev.sorkkahoitajat.fi\/index.php?rest_route=%2Fwp%2Fv2%2Fmedia&parent=197"}],"curies":[{"name":"wp","href":"https:\/\/api.w.org\/{rel}","templated":true}]}}