{"id":37,"date":"2022-05-31T11:58:48","date_gmt":"2022-05-31T11:58:48","guid":{"rendered":"https:\/\/dev.sorkkahoitajat.fi\/?page_id=37"},"modified":"2022-07-19T10:10:10","modified_gmt":"2022-07-19T10:10:10","slug":"tietoa-sorkkahoidosta","status":"publish","type":"page","link":"https:\/\/dev.sorkkahoitajat.fi\/?page_id=37","title":{"rendered":"Tietoa sorkkahoidosta"},"content":{"rendered":"\n<figure class=\"wp-block-image alignfull\"><img decoding=\"async\" src=\"http:\/\/www.sorkkahoitajat.fi\/images\/hieho.jpg?crc=4078398956\" alt=\"\"\/><\/figure>\n\n\n\n<p id=\"u9990-2\"><strong>Sorkkahoidon tulevaisuus<\/strong><br><em>Jouni Niemi, ELL<\/em><br>VETMAN \u2013 el\u00e4inl\u00e4\u00e4ketieteellist\u00e4 asiantuntemusta<br>jouni.niemi@vetman.fi, www.vetman.fi<br>06.04.2001<\/p>\n\n\n\n<p id=\"u9990-11\"><strong>Tehokkaasti toteutetussa maidontuotannossa on osattava yhdist\u00e4\u00e4 eri tekij\u00f6it\u00e4 toisiinsa.<\/strong><br>Sorkkahoidon merkitys suurissa karjatalousmaissa on noussut arvoon arvaamattomaan. Onhan ontuminen monesti jopa merkitt\u00e4v\u00e4mpi ongelma kuin utaretulehdus. Suomen oloissa ei tarvitse viel\u00e4 maalata kauhukuvia, vaan j\u00e4rjestelm\u00e4llisell\u00e4 ty\u00f6ll\u00e4 ongelmien syntyminen voidaan est\u00e4\u00e4.<\/p>\n\n\n\n<p id=\"u9990-16\"><strong>Ymp\u00e4rist\u00f6n muutos<\/strong><br>Merkitt\u00e4v\u00e4 tekij\u00e4 on karjakoko. Sen suurenemisen my\u00f6t\u00e4 my\u00f6s pihatot yleistyv\u00e4t. Samalla kuitenkin tartuntapaine kasvaa merkitt\u00e4v\u00e4sti. Vaikka liikkumisesta onkin hy\u00f6ty\u00e4 lihaskunnolle, niin lannan ja virtsan aiheuttama kosteus asettaa sarveissorkan koville. Ei siis todellakaan kannata sanoa hyv\u00e4stej\u00e4 sorkkahoidolle siirrytt\u00e4ess\u00e4 parsinavetasta pihattoon.<\/p>\n\n\n\n<p id=\"u9990-22\">Lehm\u00e4n hyvinvointi on asetettava ensisijalle. Usein kuulee v\u00e4itett\u00e4v\u00e4n, ett\u00e4 tehokkaassa tuotannossa el\u00e4inten hyvinvointi k\u00e4rsisi v\u00e4\u00e4j\u00e4\u00e4m\u00e4tt\u00e4. N\u00e4in ei tarvitse olla. Siit\u00e4 esimerkkin\u00e4 on s\u00e4\u00e4nn\u00f6llisesti toteutettu sorkkahoito, sill\u00e4 kaksi kertaa vuodessa toteutettuna siit\u00e4 tulee osa tilan rutiineja. Samalla vaikutetaan positiivisesti my\u00f6s lehm\u00e4n tuotokseen.<\/p>\n\n\n\n<p id=\"u9990-26\">Sorkkahoito sin\u00e4ll\u00e4\u00e4n parantaa aluksi tuotoksia noin kymmenell\u00e4 prosentilla, mutta toiminnan jatkuessa p\u00e4\u00e4st\u00e4\u00e4n jo ontumisen ehk\u00e4isemiseen. Seurauksena on sitten my\u00f6s parantunut hedelm\u00e4llisyys ja utareterveys.<\/p>\n\n\n\n<p id=\"u9990-27\">Parsinavetoissa soisi parsimattojen k\u00e4yt\u00f6n lis\u00e4\u00e4ntyv\u00e4n. Pihatossahan lehm\u00e4 valitsee makuuparren, jossa on parsimatto. Tietenkin sarveissorkka kasvaa t\u00e4llaisella alustalla, mutta sorkat pysyv\u00e4t muuten tervein\u00e4.<\/p>\n\n\n\n<p id=\"u9990-31\">Ainakin tuotannon kannalta kriittisess\u00e4 vaiheessa (eli poikimisen tienoilla) parsimattoa olisi syyt\u00e4 k\u00e4ytt\u00e4\u00e4 &#8211; etenkin hiehoilla, joilla el\u00e4m\u00e4n muutos on suuri.<\/p>\n\n\n\n<p id=\"u9990-33\">Syksyll\u00e4 sis\u00e4lle otettavat hiehot ovat vaarassa, jollei niit\u00e4 lainkaan ole totutettu kovaan betoniparteen.<\/p>\n\n\n\n<p id=\"u9990-34\"><strong>Sorkkasairauksiin monia syit\u00e4<\/strong><br>Sorkkavaivat ovat p\u00e4\u00e4asiassa joko aineenvaihdunnallisia tai tartuntaper\u00e4isi\u00e4 alkuper\u00e4lt\u00e4\u00e4n. Sorkkakuumeen eri muotoineen on perinteisesti ajateltu johtuvan joko ruokinnan h\u00e4iri\u00f6ist\u00e4 (esim. hapan p\u00f6tsi) tai infektiosairauksista.<\/p>\n\n\n\n<p id=\"u9990-41\">Kuitenkin itse asiassa jo lehm\u00e4n rakenne rasittaa el\u00e4int\u00e4 kovalla alustalla. On siis kyse monitekij\u00e4isest\u00e4 sairaudesta, jota viel\u00e4 sotkee tartuntaper\u00e4iset sorkkasairaudet, kuten esimerkiksi kantasy\u00f6pym\u00e4.<\/p>\n\n\n\n<p id=\"u9990-43\">Ruokinnan oikealla toteutuksella taataan p\u00f6tsin hyv\u00e4 toiminta. Vaikka viime aikoina on saatu lis\u00e4\u00e4 tietoa biotiinin merkityksest\u00e4 sorkkaterveyteen, on huomattava, ett\u00e4 t\u00e4m\u00e4 vitamiini on vain osa kokonaisuudesta. Pelk\u00e4st\u00e4\u00e4n sit\u00e4 rehuun lis\u00e4\u00e4m\u00e4ll\u00e4 ei saada aikaan toivottuja tuloksia.<\/p>\n\n\n\n<p id=\"u9990-45\">Biotiinia on my\u00f6s k\u00e4ytett\u00e4v\u00e4 pitk\u00e4\u00e4n, jotta sen sarveisaineen rakennetta parantava vaikutus n\u00e4kyisi. Vertym\u00e4t anturassa ovat viitteen\u00e4 piilev\u00e4st\u00e4 sorkkakuumeesta, joten niiden v\u00e4heneminen on osoituksena biotiinin tehosta.<\/p>\n\n\n\n<p id=\"u9990-46\"><strong>Liikett\u00e4, liikett\u00e4<\/strong><br>Parsinavetoissa on lis\u00e4\u00e4ntynyt lehmien ulkoiluttaminen talvella. My\u00f6s pihatoissa olisi hyv\u00e4 olla mahdollisuus talvijaloitteluun. T\u00e4ll\u00f6in voidaan v\u00e4hent\u00e4\u00e4 infektiopainetta, sill\u00e4 ulkona sorkat puhdistuvat.<\/p>\n\n\n\n<p id=\"u9990-53\">Pihatoissa on joka tapauksessa varauduttava sorkkakylpyjen k\u00e4ytt\u00f6\u00f6n, jos kantasy\u00f6pym\u00e4 riist\u00e4ytyy k\u00e4sist\u00e4. Markkinoille on tullut my\u00f6s sorkkamattoja, joihin voidaan imeytt\u00e4\u00e4 kuparisulfaattia.<\/p>\n\n\n\n<p id=\"u9990-55\">Sorkkakylpyj\u00e4 tai \u2013mattoja k\u00e4ytett\u00e4ess\u00e4 on varmistauduttava k\u00e4yt\u00e4vien puhtaudesta. Lis\u00e4ksi t\u00e4m\u00e4 hoitotapa vaatii tietoa sek\u00e4 itse sairauksista ett\u00e4 my\u00f6s paikasta, mihin allas\/matto voidaan asettaa. Paras asiantuntija on siis joko karjasi el\u00e4inl\u00e4\u00e4k\u00e4ri tai sorkkahoitaja.<\/p>\n\n\n\n<p id=\"u9990-56\">Jo edell\u00e4 mainitun jaloittelun lis\u00e4ksi en voi olla korostamatta laiduntamisen merkityst\u00e4 lehmien hyvinvoinnille. Kulkemaan oppineet el\u00e4imet on paljon helpompi ohjata hoitoparteen. Nupojen el\u00e4inten k\u00e4sittely luo ty\u00f6skentelyyn lis\u00e4\u00e4 varmuutta.<\/p>\n\n\n\n<p id=\"u9990-60\">Sorkkahoidon kustannuksissakin on nupojen kanssa mahdollista s\u00e4\u00e4st\u00e4\u00e4, sill\u00e4 sarvet ovat todellinen ty\u00f6terveysriski t\u00e4ss\u00e4 ty\u00f6ss\u00e4.<\/p>\n\n\n\n<p id=\"u9990-61\"><strong>Sorkkahoitaja, alansa asiantuntija<\/strong><br>Sorkkahoidon ammattilainen on siis ty\u00f6h\u00f6ns\u00e4 sitoutunut sorkkahoitaja. Jatkokoulutuksesta on vastannut Suomen Sorkkahoitajien Yhdistys. Yhdistys on kehitt\u00e4nyt laatusopimusj\u00e4rjestelm\u00e4n, joka otetaan k\u00e4ytt\u00f6\u00f6n t\u00e4m\u00e4n vuoden kuluessa. T\u00e4m\u00e4n j\u00e4rjestelm\u00e4n my\u00f6t\u00e4 sorkkahoitajasta tulee koko alaa palveleva ekspertti. T\u00e4ll\u00f6in ei olekaan en\u00e4\u00e4 kyse vain yhden yksil\u00f6n hoitamisesta, vaan koko karjan kokonaisvaltaisesta hoidosta.<\/p>\n\n\n\n<p id=\"u9990-68\">Tilojen saadessa hoitoty\u00f6st\u00e4 raportin avautuu kaikille navetassa toimiville tahoille mahdollisuus todeta tilanne ja toimia tarpeen mukaan. Jatkossa t\u00e4lt\u00e4 yhteisty\u00f6lt\u00e4 voidaan odottaa tuloksia parempana lehmien kest\u00e4vyyten\u00e4.<\/p>\n\n\n\n<p id=\"u9990-70\">Sorkkahoitaja on ainoa, joka ty\u00f6ss\u00e4\u00e4n n\u00e4kee vertym\u00e4t anturassa, ja sen vuoksi sorkkahoitoraportin antama informaatio on t\u00e4rke\u00e4\u00e4.<\/p>\n\n\n\n<p id=\"u9990-71\">Sorkkahoitoa ei tehd\u00e4 en\u00e4\u00e4 vain kev\u00e4isin juuri ennen laitumelle laskua. Itse asiassa juuri t\u00e4m\u00e4 ajankohta on altistanut lehm\u00e4t vaurioille. Hyv\u00e4n sorkkahoidon seurauksena lehm\u00e4t eiv\u00e4t tietenk\u00e4\u00e4n onnu, mutta ymp\u00e4rist\u00f6n muutos saattaa kuluttaa sarveista liikaa.<\/p>\n\n\n\n<p id=\"u9990-75\">J\u00e4rjestelm\u00e4llisen sorkkahoidon tavoitteena on taata tilalle sorkkahoito suunnitellusti ottaen huomioon tilan olosuhteet.<\/p>\n\n\n\n<p id=\"u9990-77\">Uusia navetoita suunniteltaessa tai vanhoja uudistettaessa on hyv\u00e4 muistaa sorkkahoitotelineen vaatima tila. Nykyaikaiset hydraulitelineet eiv\u00e4t en\u00e4\u00e4 mahdu sis\u00e4\u00e4n ihan pienest\u00e4 aukosta.<\/p>\n\n\n\n<p id=\"u9990-78\"><strong>Sorkkahoitov\u00e4lineiden kehitys<\/strong><br>Massahoitojen toteuttaminen vaatii onnistuakseen oikeat ty\u00f6kalut, niin telineen kuin v\u00e4lineetkin.<\/p>\n\n\n\n<p id=\"u9990-85\">Takajalan veivaaminen yl\u00f6s rasittaa sorkkahoitajaa. Lis\u00e4ksi kyyristyminen etujalan nostoon rasittaa selk\u00e4\u00e4 merkitt\u00e4v\u00e4sti.<\/p>\n\n\n\n<p id=\"u9990-87\">Merkitt\u00e4v\u00e4 kehitysaskel sorkkahoidolle on ollut telineiden hydraulisointi. Toki telineet ovat raskaampia, mutta niiden kuljetuskalusto on kehittynyt samalla.<\/p>\n\n\n\n<p id=\"u9990-88\">Parsimattolehmien sorkat ovat aivan eri planeetalta kuin kanssasisariensa pihatossa. Sorkat ovat kyll\u00e4 terveet, mutta nivelrasitus v\u00e4\u00e4r\u00e4st\u00e4 jalka-asennosta johtuen ilmiselv\u00e4.<\/p>\n\n\n\n<p id=\"u9990-92\">Minimivaatimus parsimattolehmille on kaksi kertaa sorkkahoito vuodessa, varsinkin jos niit\u00e4 ei laidunneta.<\/p>\n\n\n\n<p id=\"u9990-94\">Kovapalalaikat sek\u00e4 harvat kovametallisirulaikat mahdollistavat sorkkahoidon anturaa kuumentamatta. Ty\u00f6tekniikka vaatii kokemusta, mutta kyll\u00e4h\u00e4n se pit\u00e4\u00e4 my\u00f6s pysty\u00e4 opettamaan.<\/p>\n\n\n\n<p id=\"u9990-96\">Takapuomin tai nyt Hollannissa kehitetyn kiinte\u00e4n takaraudan k\u00e4ytt\u00f6 on perusteltua, sill\u00e4 n\u00e4in takajalasta saadaan turha liike pois.<\/p>\n\n\n\n<p id=\"u9990-97\">Perinteisesti sorkkahoidossa on k\u00e4ytetty kulmahiomakoneille yl\u00e4telineit\u00e4. Py\u00f6riv\u00e4 kone on ollut hyv\u00e4 asettaa yl\u00f6s, mutta ergonomisesti ajatellen t\u00e4m\u00e4 ty\u00f6kaluteline on syyt\u00e4 asettaa matalammalle, jolloin ei tule turhaa k\u00e4den nostamista yli hartialinjan.<\/p>\n\n\n\n<p id=\"u9990-100\">Sorkkahoitotelineeseen liitett\u00e4v\u00e4t aidat ovat ty\u00f6t\u00e4 suunnattomasti helpottavat. Lehm\u00e4t eiv\u00e4t en\u00e4\u00e4 k\u00e4velek\u00e4\u00e4n telineest\u00e4 ohi. Pihatossa aidat mahdollistavat pelk\u00e4n el\u00e4inten ohjaamisen telineeseen.<\/p>\n\n\n\n<p id=\"u9990-103\">&nbsp;\u00a9 2001-2017<\/p>\n\n\n\n<p id=\"u9990-108\"><em>Suomen Sorkkahoitajien Yhdistys<\/em><\/p>\n","protected":false},"excerpt":{"rendered":"<p>Sorkkahoidon tulevaisuusJouni Niemi, ELLVETMAN \u2013 el\u00e4inl\u00e4\u00e4ketieteellist\u00e4 asiantuntemustajouni.niemi@vetman.fi, www.vetman.fi06.04.2001 Tehokkaasti toteutetussa maidontuotannossa on osattava yhdist\u00e4\u00e4 eri tekij\u00f6it\u00e4 toisiinsa.Sorkkahoidon merkitys suurissa karjatalousmaissa on noussut arvoon arvaamattomaan. Onhan ontuminen monesti jopa merkitt\u00e4v\u00e4mpi ongelma kuin utaretulehdus. Suomen oloissa ei tarvitse viel\u00e4 maalata kauhukuvia, vaan j\u00e4rjestelm\u00e4llisell\u00e4 ty\u00f6ll\u00e4 ongelmien syntyminen voidaan est\u00e4\u00e4. Ymp\u00e4rist\u00f6n muutosMerkitt\u00e4v\u00e4 tekij\u00e4 on karjakoko. Sen suurenemisen my\u00f6t\u00e4 my\u00f6s [&hellip;]<\/p>\n","protected":false},"author":1,"featured_media":0,"parent":0,"menu_order":0,"comment_status":"closed","ping_status":"closed","template":"template-full-width.php","meta":{"footnotes":""},"yoast_head":"<!-- This site is optimized with the Yoast SEO plugin v18.8 - https:\/\/yoast.com\/wordpress\/plugins\/seo\/ -->\n<title>Tietoa sorkkahoidosta - SSHY Suomen Sorkkahoitajat<\/title>\n<meta name=\"robots\" content=\"index, follow, max-snippet:-1, max-image-preview:large, max-video-preview:-1\" \/>\n<link rel=\"canonical\" href=\"https:\/\/dev.sorkkahoitajat.fi\/?page_id=37\" \/>\n<meta property=\"og:locale\" content=\"fi_FI\" \/>\n<meta property=\"og:type\" content=\"article\" \/>\n<meta property=\"og:title\" content=\"Tietoa sorkkahoidosta - SSHY Suomen Sorkkahoitajat\" \/>\n<meta property=\"og:description\" content=\"Sorkkahoidon tulevaisuusJouni Niemi, ELLVETMAN \u2013 el\u00e4inl\u00e4\u00e4ketieteellist\u00e4 asiantuntemustajouni.niemi@vetman.fi, www.vetman.fi06.04.2001 Tehokkaasti toteutetussa maidontuotannossa on osattava yhdist\u00e4\u00e4 eri tekij\u00f6it\u00e4 toisiinsa.Sorkkahoidon merkitys suurissa karjatalousmaissa on noussut arvoon arvaamattomaan. Onhan ontuminen monesti jopa merkitt\u00e4v\u00e4mpi ongelma kuin utaretulehdus. Suomen oloissa ei tarvitse viel\u00e4 maalata kauhukuvia, vaan j\u00e4rjestelm\u00e4llisell\u00e4 ty\u00f6ll\u00e4 ongelmien syntyminen voidaan est\u00e4\u00e4. Ymp\u00e4rist\u00f6n muutosMerkitt\u00e4v\u00e4 tekij\u00e4 on karjakoko. Sen suurenemisen my\u00f6t\u00e4 my\u00f6s [&hellip;]\" \/>\n<meta property=\"og:url\" content=\"https:\/\/dev.sorkkahoitajat.fi\/?page_id=37\" \/>\n<meta property=\"og:site_name\" content=\"SSHY Suomen Sorkkahoitajat\" \/>\n<meta property=\"article:modified_time\" content=\"2022-07-19T10:10:10+00:00\" \/>\n<meta property=\"og:image\" content=\"http:\/\/www.sorkkahoitajat.fi\/images\/hieho.jpg?crc=4078398956\" \/>\n<meta name=\"twitter:card\" content=\"summary_large_image\" \/>\n<meta name=\"twitter:label1\" content=\"Arvioitu lukuaika\" \/>\n\t<meta name=\"twitter:data1\" content=\"5 minuuttia\" \/>\n<script type=\"application\/ld+json\" class=\"yoast-schema-graph\">{\"@context\":\"https:\/\/schema.org\",\"@graph\":[{\"@type\":\"WebSite\",\"@id\":\"https:\/\/dev.sorkkahoitajat.fi\/#website\",\"url\":\"https:\/\/dev.sorkkahoitajat.fi\/\",\"name\":\"SSHY Suomen Sorkkahoitajat\",\"description\":\"\",\"potentialAction\":[{\"@type\":\"SearchAction\",\"target\":{\"@type\":\"EntryPoint\",\"urlTemplate\":\"https:\/\/dev.sorkkahoitajat.fi\/?s={search_term_string}\"},\"query-input\":\"required name=search_term_string\"}],\"inLanguage\":\"fi\"},{\"@type\":\"ImageObject\",\"inLanguage\":\"fi\",\"@id\":\"https:\/\/dev.sorkkahoitajat.fi\/?page_id=37#primaryimage\",\"url\":\"http:\/\/www.sorkkahoitajat.fi\/images\/hieho.jpg?crc=4078398956\",\"contentUrl\":\"http:\/\/www.sorkkahoitajat.fi\/images\/hieho.jpg?crc=4078398956\"},{\"@type\":\"WebPage\",\"@id\":\"https:\/\/dev.sorkkahoitajat.fi\/?page_id=37#webpage\",\"url\":\"https:\/\/dev.sorkkahoitajat.fi\/?page_id=37\",\"name\":\"Tietoa sorkkahoidosta - SSHY Suomen Sorkkahoitajat\",\"isPartOf\":{\"@id\":\"https:\/\/dev.sorkkahoitajat.fi\/#website\"},\"primaryImageOfPage\":{\"@id\":\"https:\/\/dev.sorkkahoitajat.fi\/?page_id=37#primaryimage\"},\"datePublished\":\"2022-05-31T11:58:48+00:00\",\"dateModified\":\"2022-07-19T10:10:10+00:00\",\"breadcrumb\":{\"@id\":\"https:\/\/dev.sorkkahoitajat.fi\/?page_id=37#breadcrumb\"},\"inLanguage\":\"fi\",\"potentialAction\":[{\"@type\":\"ReadAction\",\"target\":[\"https:\/\/dev.sorkkahoitajat.fi\/?page_id=37\"]}]},{\"@type\":\"BreadcrumbList\",\"@id\":\"https:\/\/dev.sorkkahoitajat.fi\/?page_id=37#breadcrumb\",\"itemListElement\":[{\"@type\":\"ListItem\",\"position\":1,\"name\":\"Etusivu\",\"item\":\"https:\/\/dev.sorkkahoitajat.fi\/\"},{\"@type\":\"ListItem\",\"position\":2,\"name\":\"Tietoa sorkkahoidosta\"}]}]}<\/script>\n<!-- \/ Yoast SEO plugin. -->","yoast_head_json":{"title":"Tietoa sorkkahoidosta - SSHY Suomen Sorkkahoitajat","robots":{"index":"index","follow":"follow","max-snippet":"max-snippet:-1","max-image-preview":"max-image-preview:large","max-video-preview":"max-video-preview:-1"},"canonical":"https:\/\/dev.sorkkahoitajat.fi\/?page_id=37","og_locale":"fi_FI","og_type":"article","og_title":"Tietoa sorkkahoidosta - SSHY Suomen Sorkkahoitajat","og_description":"Sorkkahoidon tulevaisuusJouni Niemi, ELLVETMAN \u2013 el\u00e4inl\u00e4\u00e4ketieteellist\u00e4 asiantuntemustajouni.niemi@vetman.fi, www.vetman.fi06.04.2001 Tehokkaasti toteutetussa maidontuotannossa on osattava yhdist\u00e4\u00e4 eri tekij\u00f6it\u00e4 toisiinsa.Sorkkahoidon merkitys suurissa karjatalousmaissa on noussut arvoon arvaamattomaan. Onhan ontuminen monesti jopa merkitt\u00e4v\u00e4mpi ongelma kuin utaretulehdus. Suomen oloissa ei tarvitse viel\u00e4 maalata kauhukuvia, vaan j\u00e4rjestelm\u00e4llisell\u00e4 ty\u00f6ll\u00e4 ongelmien syntyminen voidaan est\u00e4\u00e4. Ymp\u00e4rist\u00f6n muutosMerkitt\u00e4v\u00e4 tekij\u00e4 on karjakoko. Sen suurenemisen my\u00f6t\u00e4 my\u00f6s [&hellip;]","og_url":"https:\/\/dev.sorkkahoitajat.fi\/?page_id=37","og_site_name":"SSHY Suomen Sorkkahoitajat","article_modified_time":"2022-07-19T10:10:10+00:00","og_image":[{"url":"http:\/\/www.sorkkahoitajat.fi\/images\/hieho.jpg?crc=4078398956"}],"twitter_card":"summary_large_image","twitter_misc":{"Arvioitu lukuaika":"5 minuuttia"},"schema":{"@context":"https:\/\/schema.org","@graph":[{"@type":"WebSite","@id":"https:\/\/dev.sorkkahoitajat.fi\/#website","url":"https:\/\/dev.sorkkahoitajat.fi\/","name":"SSHY Suomen Sorkkahoitajat","description":"","potentialAction":[{"@type":"SearchAction","target":{"@type":"EntryPoint","urlTemplate":"https:\/\/dev.sorkkahoitajat.fi\/?s={search_term_string}"},"query-input":"required name=search_term_string"}],"inLanguage":"fi"},{"@type":"ImageObject","inLanguage":"fi","@id":"https:\/\/dev.sorkkahoitajat.fi\/?page_id=37#primaryimage","url":"http:\/\/www.sorkkahoitajat.fi\/images\/hieho.jpg?crc=4078398956","contentUrl":"http:\/\/www.sorkkahoitajat.fi\/images\/hieho.jpg?crc=4078398956"},{"@type":"WebPage","@id":"https:\/\/dev.sorkkahoitajat.fi\/?page_id=37#webpage","url":"https:\/\/dev.sorkkahoitajat.fi\/?page_id=37","name":"Tietoa sorkkahoidosta - SSHY Suomen Sorkkahoitajat","isPartOf":{"@id":"https:\/\/dev.sorkkahoitajat.fi\/#website"},"primaryImageOfPage":{"@id":"https:\/\/dev.sorkkahoitajat.fi\/?page_id=37#primaryimage"},"datePublished":"2022-05-31T11:58:48+00:00","dateModified":"2022-07-19T10:10:10+00:00","breadcrumb":{"@id":"https:\/\/dev.sorkkahoitajat.fi\/?page_id=37#breadcrumb"},"inLanguage":"fi","potentialAction":[{"@type":"ReadAction","target":["https:\/\/dev.sorkkahoitajat.fi\/?page_id=37"]}]},{"@type":"BreadcrumbList","@id":"https:\/\/dev.sorkkahoitajat.fi\/?page_id=37#breadcrumb","itemListElement":[{"@type":"ListItem","position":1,"name":"Etusivu","item":"https:\/\/dev.sorkkahoitajat.fi\/"},{"@type":"ListItem","position":2,"name":"Tietoa sorkkahoidosta"}]}]}},"_links":{"self":[{"href":"https:\/\/dev.sorkkahoitajat.fi\/index.php?rest_route=\/wp\/v2\/pages\/37"}],"collection":[{"href":"https:\/\/dev.sorkkahoitajat.fi\/index.php?rest_route=\/wp\/v2\/pages"}],"about":[{"href":"https:\/\/dev.sorkkahoitajat.fi\/index.php?rest_route=\/wp\/v2\/types\/page"}],"author":[{"embeddable":true,"href":"https:\/\/dev.sorkkahoitajat.fi\/index.php?rest_route=\/wp\/v2\/users\/1"}],"replies":[{"embeddable":true,"href":"https:\/\/dev.sorkkahoitajat.fi\/index.php?rest_route=%2Fwp%2Fv2%2Fcomments&post=37"}],"version-history":[{"count":9,"href":"https:\/\/dev.sorkkahoitajat.fi\/index.php?rest_route=\/wp\/v2\/pages\/37\/revisions"}],"predecessor-version":[{"id":150,"href":"https:\/\/dev.sorkkahoitajat.fi\/index.php?rest_route=\/wp\/v2\/pages\/37\/revisions\/150"}],"wp:attachment":[{"href":"https:\/\/dev.sorkkahoitajat.fi\/index.php?rest_route=%2Fwp%2Fv2%2Fmedia&parent=37"}],"curies":[{"name":"wp","href":"https:\/\/api.w.org\/{rel}","templated":true}]}}