{"id":90,"date":"2022-06-09T10:46:42","date_gmt":"2022-06-09T10:46:42","guid":{"rendered":"https:\/\/dev.sorkkahoitajat.fi\/?page_id=90"},"modified":"2022-06-09T10:46:42","modified_gmt":"2022-06-09T10:46:42","slug":"terveysmerkinnat","status":"publish","type":"page","link":"https:\/\/dev.sorkkahoitajat.fi\/?page_id=90","title":{"rendered":"Terveysmerkinn\u00e4t"},"content":{"rendered":"\n<p id=\"u10618-2\"><\/p>\n\n\n\n<p id=\"u10618-3\">Alla olevista linkeist\u00e4 l\u00f6yd\u00e4t tietoa sorkan terveydest\u00e4.<\/p>\n\n\n\n<p id=\"u10618-6\"><\/p>\n\n\n\n<p><a href=\"https:\/\/www.ett.fi\/nauta\/ohjeet\/sorkkaterveys\/\">https:\/\/www.ett.fi\/nauta\/ohjeet\/sorkkaterveys\/<\/a><\/p>\n\n\n\n<p id=\"u10618-12\">\u00a0<\/p>\n\n\n\n<figure class=\"wp-block-image size-full\"><img loading=\"lazy\" decoding=\"async\" width=\"700\" height=\"933\" src=\"https:\/\/dev.sorkkahoitajat.fi\/wp-content\/uploads\/2022\/06\/Terveysmerkinna\u0308t-kuva.jpg\" alt=\"\" class=\"wp-image-91\" srcset=\"https:\/\/sorkkahoitajat.fi\/wp-content\/uploads\/2022\/06\/Terveysmerkinna\u0308t-kuva.jpg 700w, https:\/\/sorkkahoitajat.fi\/wp-content\/uploads\/2022\/06\/Terveysmerkinna\u0308t-kuva-225x300.jpg 225w\" sizes=\"(max-width: 700px) 100vw, 700px\" \/><\/figure>\n","protected":false},"excerpt":{"rendered":"<p>Alla olevista linkeist\u00e4 l\u00f6yd\u00e4t tietoa sorkan terveydest\u00e4. https:\/\/www.ett.fi\/nauta\/ohjeet\/sorkkaterveys\/ \u00a0<\/p>\n","protected":false},"author":1,"featured_media":0,"parent":0,"menu_order":0,"comment_status":"closed","ping_status":"closed","template":"template-full-width.php","meta":{"footnotes":""},"yoast_head":"<!-- This site is optimized with the Yoast SEO plugin v18.8 - https:\/\/yoast.com\/wordpress\/plugins\/seo\/ -->\n<title>Terveysmerkinn\u00e4t - SSHY Suomen Sorkkahoitajat<\/title>\n<meta name=\"robots\" content=\"index, follow, max-snippet:-1, max-image-preview:large, max-video-preview:-1\" \/>\n<link rel=\"canonical\" href=\"https:\/\/dev.sorkkahoitajat.fi\/?page_id=90\" \/>\n<meta property=\"og:locale\" content=\"fi_FI\" \/>\n<meta property=\"og:type\" content=\"article\" \/>\n<meta property=\"og:title\" content=\"Terveysmerkinn\u00e4t - SSHY Suomen Sorkkahoitajat\" \/>\n<meta property=\"og:description\" content=\"Alla olevista linkeist\u00e4 l\u00f6yd\u00e4t tietoa sorkan terveydest\u00e4. https:\/\/www.ett.fi\/nauta\/ohjeet\/sorkkaterveys\/ \u00a0\" \/>\n<meta property=\"og:url\" content=\"https:\/\/dev.sorkkahoitajat.fi\/?page_id=90\" \/>\n<meta property=\"og:site_name\" content=\"SSHY Suomen Sorkkahoitajat\" \/>\n<meta name=\"twitter:card\" content=\"summary_large_image\" \/>\n<meta name=\"twitter:label1\" content=\"Arvioitu lukuaika\" \/>\n\t<meta name=\"twitter:data1\" content=\"1 minuutti\" \/>\n<script type=\"application\/ld+json\" class=\"yoast-schema-graph\">{\"@context\":\"https:\/\/schema.org\",\"@graph\":[{\"@type\":\"WebSite\",\"@id\":\"https:\/\/dev.sorkkahoitajat.fi\/#website\",\"url\":\"https:\/\/dev.sorkkahoitajat.fi\/\",\"name\":\"SSHY Suomen Sorkkahoitajat\",\"description\":\"\",\"potentialAction\":[{\"@type\":\"SearchAction\",\"target\":{\"@type\":\"EntryPoint\",\"urlTemplate\":\"https:\/\/dev.sorkkahoitajat.fi\/?s={search_term_string}\"},\"query-input\":\"required name=search_term_string\"}],\"inLanguage\":\"fi\"},{\"@type\":\"WebPage\",\"@id\":\"https:\/\/dev.sorkkahoitajat.fi\/?page_id=90#webpage\",\"url\":\"https:\/\/dev.sorkkahoitajat.fi\/?page_id=90\",\"name\":\"Terveysmerkinn\u00e4t - SSHY Suomen Sorkkahoitajat\",\"isPartOf\":{\"@id\":\"https:\/\/dev.sorkkahoitajat.fi\/#website\"},\"datePublished\":\"2022-06-09T10:46:42+00:00\",\"dateModified\":\"2022-06-09T10:46:42+00:00\",\"breadcrumb\":{\"@id\":\"https:\/\/dev.sorkkahoitajat.fi\/?page_id=90#breadcrumb\"},\"inLanguage\":\"fi\",\"potentialAction\":[{\"@type\":\"ReadAction\",\"target\":[\"https:\/\/dev.sorkkahoitajat.fi\/?page_id=90\"]}]},{\"@type\":\"BreadcrumbList\",\"@id\":\"https:\/\/dev.sorkkahoitajat.fi\/?page_id=90#breadcrumb\",\"itemListElement\":[{\"@type\":\"ListItem\",\"position\":1,\"name\":\"Etusivu\",\"item\":\"https:\/\/dev.sorkkahoitajat.fi\/\"},{\"@type\":\"ListItem\",\"position\":2,\"name\":\"Terveysmerkinn\u00e4t\"}]}]}<\/script>\n<!-- \/ Yoast SEO plugin. -->","yoast_head_json":{"title":"Terveysmerkinn\u00e4t - SSHY Suomen Sorkkahoitajat","robots":{"index":"index","follow":"follow","max-snippet":"max-snippet:-1","max-image-preview":"max-image-preview:large","max-video-preview":"max-video-preview:-1"},"canonical":"https:\/\/dev.sorkkahoitajat.fi\/?page_id=90","og_locale":"fi_FI","og_type":"article","og_title":"Terveysmerkinn\u00e4t - SSHY Suomen Sorkkahoitajat","og_description":"Alla olevista linkeist\u00e4 l\u00f6yd\u00e4t tietoa sorkan terveydest\u00e4. https:\/\/www.ett.fi\/nauta\/ohjeet\/sorkkaterveys\/ \u00a0","og_url":"https:\/\/dev.sorkkahoitajat.fi\/?page_id=90","og_site_name":"SSHY Suomen Sorkkahoitajat","twitter_card":"summary_large_image","twitter_misc":{"Arvioitu lukuaika":"1 minuutti"},"schema":{"@context":"https:\/\/schema.org","@graph":[{"@type":"WebSite","@id":"https:\/\/dev.sorkkahoitajat.fi\/#website","url":"https:\/\/dev.sorkkahoitajat.fi\/","name":"SSHY Suomen Sorkkahoitajat","description":"","potentialAction":[{"@type":"SearchAction","target":{"@type":"EntryPoint","urlTemplate":"https:\/\/dev.sorkkahoitajat.fi\/?s={search_term_string}"},"query-input":"required name=search_term_string"}],"inLanguage":"fi"},{"@type":"WebPage","@id":"https:\/\/dev.sorkkahoitajat.fi\/?page_id=90#webpage","url":"https:\/\/dev.sorkkahoitajat.fi\/?page_id=90","name":"Terveysmerkinn\u00e4t - SSHY Suomen Sorkkahoitajat","isPartOf":{"@id":"https:\/\/dev.sorkkahoitajat.fi\/#website"},"datePublished":"2022-06-09T10:46:42+00:00","dateModified":"2022-06-09T10:46:42+00:00","breadcrumb":{"@id":"https:\/\/dev.sorkkahoitajat.fi\/?page_id=90#breadcrumb"},"inLanguage":"fi","potentialAction":[{"@type":"ReadAction","target":["https:\/\/dev.sorkkahoitajat.fi\/?page_id=90"]}]},{"@type":"BreadcrumbList","@id":"https:\/\/dev.sorkkahoitajat.fi\/?page_id=90#breadcrumb","itemListElement":[{"@type":"ListItem","position":1,"name":"Etusivu","item":"https:\/\/dev.sorkkahoitajat.fi\/"},{"@type":"ListItem","position":2,"name":"Terveysmerkinn\u00e4t"}]}]}},"_links":{"self":[{"href":"https:\/\/dev.sorkkahoitajat.fi\/index.php?rest_route=\/wp\/v2\/pages\/90"}],"collection":[{"href":"https:\/\/dev.sorkkahoitajat.fi\/index.php?rest_route=\/wp\/v2\/pages"}],"about":[{"href":"https:\/\/dev.sorkkahoitajat.fi\/index.php?rest_route=\/wp\/v2\/types\/page"}],"author":[{"embeddable":true,"href":"https:\/\/dev.sorkkahoitajat.fi\/index.php?rest_route=\/wp\/v2\/users\/1"}],"replies":[{"embeddable":true,"href":"https:\/\/dev.sorkkahoitajat.fi\/index.php?rest_route=%2Fwp%2Fv2%2Fcomments&post=90"}],"version-history":[{"count":1,"href":"https:\/\/dev.sorkkahoitajat.fi\/index.php?rest_route=\/wp\/v2\/pages\/90\/revisions"}],"predecessor-version":[{"id":92,"href":"https:\/\/dev.sorkkahoitajat.fi\/index.php?rest_route=\/wp\/v2\/pages\/90\/revisions\/92"}],"wp:attachment":[{"href":"https:\/\/dev.sorkkahoitajat.fi\/index.php?rest_route=%2Fwp%2Fv2%2Fmedia&parent=90"}],"curies":[{"name":"wp","href":"https:\/\/api.w.org\/{rel}","templated":true}]}}