{"id":93,"date":"2022-06-09T10:53:42","date_gmt":"2022-06-09T10:53:42","guid":{"rendered":"https:\/\/dev.sorkkahoitajat.fi\/?page_id=93"},"modified":"2022-07-19T10:12:57","modified_gmt":"2022-07-19T10:12:57","slug":"sorkkavalin-ajotulehdus","status":"publish","type":"page","link":"https:\/\/dev.sorkkahoitajat.fi\/?page_id=93","title":{"rendered":"Sorkkav\u00e4lin ajotulehdus"},"content":{"rendered":"\n<p id=\"u10646-2\">Sorkkav\u00e4lin ajotulehdus eli interdigitaalinen nekrobasilloosi<\/p>\n\n\n\n<p id=\"u10646-3\"><\/p>\n\n\n\n<figure class=\"wp-block-image size-full\"><img loading=\"lazy\" decoding=\"async\" width=\"200\" height=\"299\" src=\"https:\/\/dev.sorkkahoitajat.fi\/wp-content\/uploads\/2022\/06\/sorkkavalin-ajotulehdus.jpg\" alt=\"\" class=\"wp-image-94\"\/><\/figure>\n\n\n\n<p id=\"u10646-5\"><strong>Etiologia ja esiintyminen<\/strong><br>Synonyymej\u00e4 sorkkav\u00e4lin ajotulehdukselle ovat pododermatiitti, interdigitaalinen flegmoni, sek\u00e4 panaritium (engl. foul in the foot, ruots. kl\u00f6vspaltflegmon). Sairauden entinen englanninkielinen nimitys \u201cfoot rot\u201d eli sorkkam\u00e4t\u00e4 on ep\u00e4tarkka ja v\u00e4\u00e4r\u00e4 nimitys.<\/p>\n\n\n\n<p>Tauti aiheuttaa ontumaa, joka johtuu subkutaanisen kudoksen tulehduksesta varsinkin sorkkav\u00e4liss\u00e4, mutta my\u00f6s muualla ruununrajassa ja sorkan kannalla. Usein havaitaan syv\u00e4 haava n\u00e4iss\u00e4 kohdissa. Sairaus johtuu traumasta tai olosuhdealtistuksesta, jonka j\u00e4lkeen alue infektoituu. M\u00e4rk\u00e4 ja kostea, ammoniakkipitoinen ymp\u00e4rist\u00f6 aiheuttaa ensin sorkkav\u00e4lin ihotulehduksen ja bakteeri menee ihon l\u00e4pi syvempiin kudoksiin aiheuttaen vakavan ontumisen. Aiheuttajabakteereina ovat synergistisesti vaikuttavat anaerobiset, gram-negatiiviset bakteerit F. necrophorum ja Bacteroides melaninogenicus.<\/p>\n\n\n\n<p>Aluksi tila on pehmytosakudoksen tulehdus ja turvotus, sitten laajeneva nekroosi ja pitkitt\u00e4iset haavaumat. Leesio paranee fibroosin kautta, ja voi muodos-taa interdigitaalisen granulooman. Aiheuttajabakteerit ovat opportunisteja, joita on ruuansulatuskanavassa ja ymp\u00e4rist\u00f6ss\u00e4 runsaasti. Sorkkav\u00e4lin ajotulehdus ilmenee usein epidemiana, jolloin useampi karjan el\u00e4imist\u00e4 sairastuu.<\/p>\n\n\n\n<p>Sairaus on monissa maissa yleinen, jossain ehk\u00e4 yleisin ontuman aiheuttaja. Tavallinen se on likaisissa pihatoissa ja m\u00e4riss\u00e4 tarhoissa.<\/p>\n\n\n\n<p>Lehmien kuljetus ep\u00e4tasaisilla ja huonoilla alustoilla (lypsylle ym) altistaa taudille. Prevalenssi on korkein m\u00e4rk\u00e4n\u00e4 aikana. Kunnon immuniteettia ei kehity.<\/p>\n\n\n\n<p>Oireena on yhden tai useamman raajan ontuminen ja useimmiten takajaloissa. Vakavassa tapauksessa vuohinen on taivutettuna ja paino vain varpaalla; sorkkav\u00e4li on turvonnut, haisee pahalle, sorkkapuoliskot joutuvat erilleen, sorkkaraja turpoaa ja turvotus voi levit\u00e4 jalkaan. Lis\u00e4ksi voi olla kolmijalkaisuutta, yl\u00f6snousuhaluttomuutta, kuumetta, anoreksiaa, maidontuotannon ja yleiskunnon laskua.<\/p>\n\n\n\n<p id=\"u10646-20\"><strong>Diagnostiikka, hoito ja ehk\u00e4isy<\/strong><br>Diagnoosi tehd\u00e4\u00e4n kliinisten oireiden perusteella, ja differentiaalidiagnoosit ovat interdigitaalinen papillomatoosi tai dermatiitti, vierasesineet (kivet), interdigitaalinen fibrooma (syyl\u00e4m\u00e4inen muodostuma sorkkav\u00e4liss\u00e4), sek\u00e4 muut ontuman aiheuttajat kuten valkoviivan repe\u00e4m\u00e4. Varmin tae diagnoosiin on sorkan nostaminen yl\u00f6s.<\/p>\n\n\n\n<p>Tauti vaatii nopeaa hoitamista ja se on tarttuva, joten sairaat el\u00e4imet pit\u00e4\u00e4 erist\u00e4\u00e4. Hoitona tarvittaessa systeeminen mikrobil\u00e4\u00e4kehoito 5 p\u00e4iv\u00e4n ajan (G-penisilliini, oksitetrasykliini, trimetopriimisulfa). Muissa maissa yleishoitoon on k\u00e4ytetty kolmannen polven kefalosporiinia (keftiofuri), jolla ei ole n\u00e4iss\u00e4 maissa maidolle lainkaan varoaikaa; hoito on n\u00e4in ollen taloudellisempaa kuin varoajallisilla valmisteilla. N\u00e4iden mikrobil\u00e4\u00e4kkeiden laajamittainen k\u00e4ytt\u00f6 tuotantoel\u00e4imille ei kuitenkaan ole suomalaisten antibiottihoitosuositusten mukaista.<\/p>\n\n\n\n<p>Altistavaan sorkkav\u00e4lin tulehdukseen k\u00e4ytet\u00e4\u00e4n paikallishoitoa laimeana antiseptisena huuhteluna esim. kuparisulfaattia (5 %). Kylpyj\u00e4 ei saa k\u00e4ytt\u00e4\u00e4, jos iho on rikki. Kuparisulfaatin k\u00e4ytt\u00f6 on ymp\u00e4rist\u00f6n kannalta ongelmallista eik\u00e4 suositeltava hoitomuoto.<\/p>\n\n\n\n<p>Ehk\u00e4isyss\u00e4 keskityt\u00e4\u00e4n traumojen est\u00e4miseen (esim. kivikkolaitumien v\u00e4ltt\u00e4minen, aitaus tai kivien raivaus) sek\u00e4 parsi- ja navettahygieniaan.<\/p>\n\n\n\n<p><em><strong>NAUTOJEN SAIRAUDET 2005<\/strong> Raajasairaudet 15 (22) Satu Py\u00f6r\u00e4l\u00e4, Tiina Tiihonen<\/em><\/p>\n\n\n\n<p id=\"u10646-37\"><strong>Kirjallisuutta<\/strong><\/p>\n\n\n\n<p>Blowey, R. Nutritional and management factors associated with cattle lameness. <em>Suomen el\u00e4inl\u00e4\u00e4k\u00e4riliiton luentokokoelma 1997<\/em>. Kirjapaino Kaleva, Oulu, 1997. s. 186-188.<\/p>\n\n\n\n<p>Heinola, T. &amp; Karhula, H. <em>Kasvavien lypsykarjasonnien osteokondroosi &#8211; tapausselostus.<\/em> Suom. El\u00e4inl\u00e4\u00e4k\u00e4ril. 108, 2002, s. 268-272.<\/p>\n\n\n\n<p>Mulling, C. <em>Tuotantoel\u00e4inl\u00e4\u00e4k\u00e4rip\u00e4iv\u00e4t 2003. Kuopio 7.2.2003<\/em>. Luentomoniste, s. 17-27, 45-63.<\/p>\n\n\n\n<p>Smith, B.P. (toim.). <em>Large animal internal medicine<\/em>. 3. painos. Mosby Inc., Missouri, 2002. 1735 s<\/p>\n","protected":false},"excerpt":{"rendered":"<p>Sorkkav\u00e4lin ajotulehdus eli interdigitaalinen nekrobasilloosi Etiologia ja esiintyminenSynonyymej\u00e4 sorkkav\u00e4lin ajotulehdukselle ovat pododermatiitti, interdigitaalinen flegmoni, sek\u00e4 panaritium (engl. foul in the foot, ruots. kl\u00f6vspaltflegmon). Sairauden entinen englanninkielinen nimitys \u201cfoot rot\u201d eli sorkkam\u00e4t\u00e4 on ep\u00e4tarkka ja v\u00e4\u00e4r\u00e4 nimitys. Tauti aiheuttaa ontumaa, joka johtuu subkutaanisen kudoksen tulehduksesta varsinkin sorkkav\u00e4liss\u00e4, mutta my\u00f6s muualla ruununrajassa ja sorkan kannalla. Usein havaitaan [&hellip;]<\/p>\n","protected":false},"author":1,"featured_media":0,"parent":0,"menu_order":0,"comment_status":"closed","ping_status":"closed","template":"template-full-width.php","meta":{"footnotes":""},"yoast_head":"<!-- This site is optimized with the Yoast SEO plugin v18.8 - https:\/\/yoast.com\/wordpress\/plugins\/seo\/ -->\n<title>Sorkkav\u00e4lin ajotulehdus - SSHY Suomen Sorkkahoitajat<\/title>\n<meta name=\"robots\" content=\"index, follow, max-snippet:-1, max-image-preview:large, max-video-preview:-1\" \/>\n<link rel=\"canonical\" href=\"https:\/\/dev.sorkkahoitajat.fi\/?page_id=93\" \/>\n<meta property=\"og:locale\" content=\"fi_FI\" \/>\n<meta property=\"og:type\" content=\"article\" \/>\n<meta property=\"og:title\" content=\"Sorkkav\u00e4lin ajotulehdus - SSHY Suomen Sorkkahoitajat\" \/>\n<meta property=\"og:description\" content=\"Sorkkav\u00e4lin ajotulehdus eli interdigitaalinen nekrobasilloosi Etiologia ja esiintyminenSynonyymej\u00e4 sorkkav\u00e4lin ajotulehdukselle ovat pododermatiitti, interdigitaalinen flegmoni, sek\u00e4 panaritium (engl. foul in the foot, ruots. kl\u00f6vspaltflegmon). Sairauden entinen englanninkielinen nimitys \u201cfoot rot\u201d eli sorkkam\u00e4t\u00e4 on ep\u00e4tarkka ja v\u00e4\u00e4r\u00e4 nimitys. Tauti aiheuttaa ontumaa, joka johtuu subkutaanisen kudoksen tulehduksesta varsinkin sorkkav\u00e4liss\u00e4, mutta my\u00f6s muualla ruununrajassa ja sorkan kannalla. Usein havaitaan [&hellip;]\" \/>\n<meta property=\"og:url\" content=\"https:\/\/dev.sorkkahoitajat.fi\/?page_id=93\" \/>\n<meta property=\"og:site_name\" content=\"SSHY Suomen Sorkkahoitajat\" \/>\n<meta property=\"article:modified_time\" content=\"2022-07-19T10:12:57+00:00\" \/>\n<meta property=\"og:image\" content=\"https:\/\/dev.sorkkahoitajat.fi\/wp-content\/uploads\/2022\/06\/sorkkavalin-ajotulehdus.jpg\" \/>\n<meta name=\"twitter:card\" content=\"summary_large_image\" \/>\n<meta name=\"twitter:label1\" content=\"Arvioitu lukuaika\" \/>\n\t<meta name=\"twitter:data1\" content=\"3 minuuttia\" \/>\n<script type=\"application\/ld+json\" class=\"yoast-schema-graph\">{\"@context\":\"https:\/\/schema.org\",\"@graph\":[{\"@type\":\"WebSite\",\"@id\":\"https:\/\/dev.sorkkahoitajat.fi\/#website\",\"url\":\"https:\/\/dev.sorkkahoitajat.fi\/\",\"name\":\"SSHY Suomen Sorkkahoitajat\",\"description\":\"\",\"potentialAction\":[{\"@type\":\"SearchAction\",\"target\":{\"@type\":\"EntryPoint\",\"urlTemplate\":\"https:\/\/dev.sorkkahoitajat.fi\/?s={search_term_string}\"},\"query-input\":\"required name=search_term_string\"}],\"inLanguage\":\"fi\"},{\"@type\":\"ImageObject\",\"inLanguage\":\"fi\",\"@id\":\"https:\/\/dev.sorkkahoitajat.fi\/?page_id=93#primaryimage\",\"url\":\"https:\/\/sorkkahoitajat.fi\/wp-content\/uploads\/2022\/06\/sorkkavalin-ajotulehdus.jpg\",\"contentUrl\":\"https:\/\/sorkkahoitajat.fi\/wp-content\/uploads\/2022\/06\/sorkkavalin-ajotulehdus.jpg\",\"width\":200,\"height\":299},{\"@type\":\"WebPage\",\"@id\":\"https:\/\/dev.sorkkahoitajat.fi\/?page_id=93#webpage\",\"url\":\"https:\/\/dev.sorkkahoitajat.fi\/?page_id=93\",\"name\":\"Sorkkav\u00e4lin ajotulehdus - SSHY Suomen Sorkkahoitajat\",\"isPartOf\":{\"@id\":\"https:\/\/dev.sorkkahoitajat.fi\/#website\"},\"primaryImageOfPage\":{\"@id\":\"https:\/\/dev.sorkkahoitajat.fi\/?page_id=93#primaryimage\"},\"datePublished\":\"2022-06-09T10:53:42+00:00\",\"dateModified\":\"2022-07-19T10:12:57+00:00\",\"breadcrumb\":{\"@id\":\"https:\/\/dev.sorkkahoitajat.fi\/?page_id=93#breadcrumb\"},\"inLanguage\":\"fi\",\"potentialAction\":[{\"@type\":\"ReadAction\",\"target\":[\"https:\/\/dev.sorkkahoitajat.fi\/?page_id=93\"]}]},{\"@type\":\"BreadcrumbList\",\"@id\":\"https:\/\/dev.sorkkahoitajat.fi\/?page_id=93#breadcrumb\",\"itemListElement\":[{\"@type\":\"ListItem\",\"position\":1,\"name\":\"Etusivu\",\"item\":\"https:\/\/dev.sorkkahoitajat.fi\/\"},{\"@type\":\"ListItem\",\"position\":2,\"name\":\"Sorkkav\u00e4lin ajotulehdus\"}]}]}<\/script>\n<!-- \/ Yoast SEO plugin. -->","yoast_head_json":{"title":"Sorkkav\u00e4lin ajotulehdus - SSHY Suomen Sorkkahoitajat","robots":{"index":"index","follow":"follow","max-snippet":"max-snippet:-1","max-image-preview":"max-image-preview:large","max-video-preview":"max-video-preview:-1"},"canonical":"https:\/\/dev.sorkkahoitajat.fi\/?page_id=93","og_locale":"fi_FI","og_type":"article","og_title":"Sorkkav\u00e4lin ajotulehdus - SSHY Suomen Sorkkahoitajat","og_description":"Sorkkav\u00e4lin ajotulehdus eli interdigitaalinen nekrobasilloosi Etiologia ja esiintyminenSynonyymej\u00e4 sorkkav\u00e4lin ajotulehdukselle ovat pododermatiitti, interdigitaalinen flegmoni, sek\u00e4 panaritium (engl. foul in the foot, ruots. kl\u00f6vspaltflegmon). Sairauden entinen englanninkielinen nimitys \u201cfoot rot\u201d eli sorkkam\u00e4t\u00e4 on ep\u00e4tarkka ja v\u00e4\u00e4r\u00e4 nimitys. Tauti aiheuttaa ontumaa, joka johtuu subkutaanisen kudoksen tulehduksesta varsinkin sorkkav\u00e4liss\u00e4, mutta my\u00f6s muualla ruununrajassa ja sorkan kannalla. Usein havaitaan [&hellip;]","og_url":"https:\/\/dev.sorkkahoitajat.fi\/?page_id=93","og_site_name":"SSHY Suomen Sorkkahoitajat","article_modified_time":"2022-07-19T10:12:57+00:00","og_image":[{"url":"https:\/\/dev.sorkkahoitajat.fi\/wp-content\/uploads\/2022\/06\/sorkkavalin-ajotulehdus.jpg"}],"twitter_card":"summary_large_image","twitter_misc":{"Arvioitu lukuaika":"3 minuuttia"},"schema":{"@context":"https:\/\/schema.org","@graph":[{"@type":"WebSite","@id":"https:\/\/dev.sorkkahoitajat.fi\/#website","url":"https:\/\/dev.sorkkahoitajat.fi\/","name":"SSHY Suomen Sorkkahoitajat","description":"","potentialAction":[{"@type":"SearchAction","target":{"@type":"EntryPoint","urlTemplate":"https:\/\/dev.sorkkahoitajat.fi\/?s={search_term_string}"},"query-input":"required name=search_term_string"}],"inLanguage":"fi"},{"@type":"ImageObject","inLanguage":"fi","@id":"https:\/\/dev.sorkkahoitajat.fi\/?page_id=93#primaryimage","url":"https:\/\/sorkkahoitajat.fi\/wp-content\/uploads\/2022\/06\/sorkkavalin-ajotulehdus.jpg","contentUrl":"https:\/\/sorkkahoitajat.fi\/wp-content\/uploads\/2022\/06\/sorkkavalin-ajotulehdus.jpg","width":200,"height":299},{"@type":"WebPage","@id":"https:\/\/dev.sorkkahoitajat.fi\/?page_id=93#webpage","url":"https:\/\/dev.sorkkahoitajat.fi\/?page_id=93","name":"Sorkkav\u00e4lin ajotulehdus - SSHY Suomen Sorkkahoitajat","isPartOf":{"@id":"https:\/\/dev.sorkkahoitajat.fi\/#website"},"primaryImageOfPage":{"@id":"https:\/\/dev.sorkkahoitajat.fi\/?page_id=93#primaryimage"},"datePublished":"2022-06-09T10:53:42+00:00","dateModified":"2022-07-19T10:12:57+00:00","breadcrumb":{"@id":"https:\/\/dev.sorkkahoitajat.fi\/?page_id=93#breadcrumb"},"inLanguage":"fi","potentialAction":[{"@type":"ReadAction","target":["https:\/\/dev.sorkkahoitajat.fi\/?page_id=93"]}]},{"@type":"BreadcrumbList","@id":"https:\/\/dev.sorkkahoitajat.fi\/?page_id=93#breadcrumb","itemListElement":[{"@type":"ListItem","position":1,"name":"Etusivu","item":"https:\/\/dev.sorkkahoitajat.fi\/"},{"@type":"ListItem","position":2,"name":"Sorkkav\u00e4lin ajotulehdus"}]}]}},"_links":{"self":[{"href":"https:\/\/dev.sorkkahoitajat.fi\/index.php?rest_route=\/wp\/v2\/pages\/93"}],"collection":[{"href":"https:\/\/dev.sorkkahoitajat.fi\/index.php?rest_route=\/wp\/v2\/pages"}],"about":[{"href":"https:\/\/dev.sorkkahoitajat.fi\/index.php?rest_route=\/wp\/v2\/types\/page"}],"author":[{"embeddable":true,"href":"https:\/\/dev.sorkkahoitajat.fi\/index.php?rest_route=\/wp\/v2\/users\/1"}],"replies":[{"embeddable":true,"href":"https:\/\/dev.sorkkahoitajat.fi\/index.php?rest_route=%2Fwp%2Fv2%2Fcomments&post=93"}],"version-history":[{"count":3,"href":"https:\/\/dev.sorkkahoitajat.fi\/index.php?rest_route=\/wp\/v2\/pages\/93\/revisions"}],"predecessor-version":[{"id":152,"href":"https:\/\/dev.sorkkahoitajat.fi\/index.php?rest_route=\/wp\/v2\/pages\/93\/revisions\/152"}],"wp:attachment":[{"href":"https:\/\/dev.sorkkahoitajat.fi\/index.php?rest_route=%2Fwp%2Fv2%2Fmedia&parent=93"}],"curies":[{"name":"wp","href":"https:\/\/api.w.org\/{rel}","templated":true}]}}